{"id":31657,"date":"2020-08-25T15:25:15","date_gmt":"2020-08-25T13:25:15","guid":{"rendered":"http:\/\/chi-heilung.de\/?page_id=31657"},"modified":"2020-10-28T15:52:31","modified_gmt":"2020-10-28T14:52:31","slug":"martin-wertsch","status":"publish","type":"page","link":"https:\/\/chi-heilung.de\/es\/home-espanol\/martin-wertsch\/","title":{"rendered":"ES-Martin Wertsch"},"content":{"rendered":"<div class=\"wpb-content-wrapper\">[vc_row full_width=\u00bbstretch_row_content\u00bb content_placement=\u00bbmiddle\u00bb][vc_column width=\u00bb1\/12&#8243;]<figure class=\"vcex-image vcex-module wpex-text-center\"><div class=\"vcex-image-inner wpex-relative wpex-inline-block\"><img width=\"300\" height=\"300\" src=\"https:\/\/chi-heilung.de\/wp-content\/uploads\/2020\/06\/Logo_Praxis_rot_klein.png\" class=\"vcex-image-img wpex-align-middle\" alt=\"\" loading=\"lazy\" decoding=\"async\" srcset=\"https:\/\/chi-heilung.de\/wp-content\/uploads\/2020\/06\/Logo_Praxis_rot_klein.png 300w, https:\/\/chi-heilung.de\/wp-content\/uploads\/2020\/06\/Logo_Praxis_rot_klein-150x150.png 150w, https:\/\/chi-heilung.de\/wp-content\/uploads\/2020\/06\/Logo_Praxis_rot_klein-75x75.png 75w, https:\/\/chi-heilung.de\/wp-content\/uploads\/2020\/06\/Logo_Praxis_rot_klein-20x20.png 20w, https:\/\/chi-heilung.de\/wp-content\/uploads\/2020\/06\/Logo_Praxis_rot_klein-100x100.png 100w, https:\/\/chi-heilung.de\/wp-content\/uploads\/2020\/06\/Logo_Praxis_rot_klein-80x80.png 80w\" sizes=\"auto, (max-width: 300px) 100vw, 300px\" \/><\/div><\/figure>[\/vc_column][vc_column width=\u00bb1\/12&#8243;][\/vc_column][vc_column width=\u00bb1\/6&#8243;][\/vc_column][vc_column width=\u00bb1\/2&#8243;]<div class=\"vcex-spacing wpex-w-100 wpex-clear\" style=\"height:40px;\"><\/div>[vc_column_text color=\u00bb#77080d\u00bb font_size=\u00bbd:20|tl:18|tp:18|pl:18|pp:18&#8243; text_align=\u00bbleft\u00bb]\n<h2>Martin Wertsch<\/h2>\n[\/vc_column_text][\/vc_column][\/vc_row][vc_row full_width=\u00bbstretch_row\u00bb content_placement=\u00bbmiddle\u00bb equal_height=\u00bbyes\u00bb min_height=\u00bb50vh\u00bb][vc_column width=\u00bb1\/3&#8243; wpex_bg_position=\u00bbcenter center\u00bb wpex_bg_size=\u00bbcover\u00bb]<style>.vcex-image.vcex_69ecca5443eea .vcex-image-img{border-radius:500px;}<\/style><figure class=\"vcex-image vcex-module wpex-text-center vcex_69ecca5443eea\"><div class=\"vcex-image-inner wpex-relative wpex-inline-block\"><img width=\"332\" height=\"332\" src=\"https:\/\/chi-heilung.de\/wp-content\/uploads\/2020\/08\/a4.jpg\" class=\"vcex-image-img wpex-align-middle\" alt=\"\" loading=\"lazy\" decoding=\"async\" srcset=\"https:\/\/chi-heilung.de\/wp-content\/uploads\/2020\/08\/a4.jpg 332w, https:\/\/chi-heilung.de\/wp-content\/uploads\/2020\/08\/a4-300x300.jpg 300w, https:\/\/chi-heilung.de\/wp-content\/uploads\/2020\/08\/a4-150x150.jpg 150w, https:\/\/chi-heilung.de\/wp-content\/uploads\/2020\/08\/a4-75x75.jpg 75w, https:\/\/chi-heilung.de\/wp-content\/uploads\/2020\/08\/a4-100x100.jpg 100w\" sizes=\"auto, (max-width: 332px) 100vw, 332px\" \/><\/div><\/figure>[\/vc_column][vc_column width=\u00bb2\/3&#8243;]<div class=\"vcex-spacing wpex-w-100 wpex-clear\" style=\"height:40px;\"><\/div>[vc_column_text css_animation=\u00bbbounceIn\u00bb color=\u00bb#000000&#8243;]Ya desde ni\u00f1o, Martin Wertsch demostr\u00f3 una gran sensibilidad por el campo de la material sutil. Despu\u00e9s de formarse como sanador con Hartmut Lohmann, desarroll\u00f3 sus propias modalidades de trabajo en sanaci\u00f3n, que le permitieron profundizar en las heridas del alma. Martin tiene formaci\u00f3n como sanador espiritual, es un terapeuta dedicado al tratamiento de los trastornos traum\u00e1ticos e imparte seminarios. En su debut como autor expone de manera muy conmovedora su historia de sufrimiento, el dif\u00edcil camino para salir del miedo que, sin embargo, le capacit\u00f3 en esta modalidad terap\u00e9utica: \u00abEl miedo es su amigo\u00bb.\u00a0 Podr\u00e1 ver sus soluciones creativas en nuestro\u00a0DVD \u00abResonancia energ\u00e9tica\u00bb, de cuyo montaje y animaciones gr\u00e1ficas Martin es responsable. Con la frescura que irradia desde su coraz\u00f3n y rebosante de sensibilidad, Martin Wertsch se ha convertido en alguien insustituible para nuestra consulta. Es nuestro mejor terapeuta en el tratamiento de los trastornos traum\u00e1ticos y ofrece sus propias formaciones.[\/vc_column_text]<div class=\"vcex-spacing wpex-w-100 wpex-clear\" style=\"height:40px;\"><\/div>[\/vc_column][\/vc_row][vc_row css_animation=\u00bbnone\u00bb full_width=\u00bbstretch_row_content\u00bb content_placement=\u00bbmiddle\u00bb parallax=\u00bbvcex_parallax\u00bb parallax_image=\u00bb31373&#8243; parallax_mobile=\u00bbyes\u00bb parallax_direction=\u00bbdown\u00bb wpex_bg_overlay=\u00bbcolor\u00bb wpex_shape_divider_top=\u00bbwaves\u00bb wpex_shape_divider_top_flip=\u00bbtrue\u00bb wpex_shape_divider_bottom=\u00bbwaves\u00bb min_height=\u00bb50vh\u00bb el_id=\u00bbtopcontainer\u00bb parallax_speed=\u00bb0.5&#8243; wpex_bg_overlay_color=\u00bb#000000&#8243; wpex_bg_overlay_opacity=\u00bb0.5&#8243; wpex_shape_divider_top_color=\u00bbrgba(255,255,255,0.49)\u00bb wpex_shape_divider_top_height=\u00bb80&#8243; wpex_shape_divider_top_width=\u00bb100&#8243; wpex_shape_divider_bottom_color=\u00bbrgba(255,255,255,0.49)\u00bb wpex_shape_divider_bottom_height=\u00bb100&#8243; wpex_shape_divider_bottom_width=\u00bb100&#8243;][vc_column]<div class=\"vcex-spacing wpex-w-100 wpex-clear\" style=\"height:90px;\"><\/div><style>.vcex-heading.vcex_69ecca5444e2d{color:#daa520;}<\/style><h2 class=\"vcex-heading vcex-heading-plain vcex-module wpex-heading wpex-text-2xl wpex-text-center vcex_69ecca5444e2d\"><span class=\"vcex-heading-inner wpex-inline-block\">Pida cita ahora<\/span><\/h2><div class=\"vcex-spacing wpex-w-100 wpex-clear\" style=\"height:60px;\"><\/div><style>.vcex-heading.vcex_69ecca544514f{color:#ffffff;}<\/style><h3 class=\"vcex-heading vcex-heading-plain vcex-module wpex-heading wpex-text-2xl wpex-text-center vcex_69ecca544514f\"><span class=\"vcex-heading-inner wpex-inline-block\">Individual | Personalizada | Sanadora<\/span><\/h3><div class=\"vcex-spacing wpex-w-100 wpex-clear\" style=\"height:60px;\"><\/div>[vc_btn title=\u00bbPedir cita\u00bb style=\u00bboutline-custom\u00bb outline_custom_color=\u00bb#daa520&#8243; outline_custom_hover_background=\u00bb#daa520&#8243; outline_custom_hover_text=\u00bb#ffffff\u00bb shape=\u00bbsquare\u00bb size=\u00bblg\u00bb align=\u00bbcenter\u00bb i_icon_fontawesome=\u00bbfas fa-angle-right\u00bb add_icon=\u00bbtrue\u00bb link=\u00bburl:https%3A%2F%2Fchi-heilung.de%2Fes%2Fhome-espanol%2F%23kontakt|||\u00bb el_class=\u00bblocal-scroll-link\u00bb]<div class=\"vcex-spacing wpex-w-100 wpex-clear\" style=\"height:90px;\"><\/div>[\/vc_column][\/vc_row][vc_row full_width=\u00bbstretch_row\u00bb content_placement=\u00bbmiddle\u00bb local_scroll_id=\u00bbprojekte\u00bb css=\u00bb.vc_custom_1598361947652{background-color: #ffffff !important;}\u00bb][vc_column]<div class=\"vcex-spacing wpex-w-100 wpex-clear\" style=\"height:40px;\"><\/div>[vc_column_text color=\u00bb#77080d\u00bb font_size=\u00bbd:20|tl:18|tp:18|pl:18|pp:18&#8243; text_align=\u00bbleft\u00bb]\n<h2>Paciente<\/h2>\n[\/vc_column_text]<div class=\"vcex-spacing wpex-w-100 wpex-clear\" style=\"height:40px;\"><\/div>[vc_column_text color=\u00bb#000000&#8243;]<div class=\"strong-view strong-view-id-8 modern wpmtst-modern slider-container slider-mode-fade controls-type-sides controls-style-buttons3 pager-type-full pager-style-buttons nav-position-outside\" data-count=0 data-slider-var=strong_slider_id_8 data-state=idle><div class=\"strong-content wpmslider-content\"><\/div><\/div>[\/vc_column_text]<div class=\"vcex-spacing wpex-w-100 wpex-clear\" style=\"height:40px;\"><\/div>[\/vc_column][\/vc_row]\n<\/div>","protected":false},"excerpt":{"rendered":"<p>[vc_row full_width=\u00bbstretch_row_content\u00bb content_placement=\u00bbmiddle\u00bb][vc_column width=\u00bb1\/12&#8243;][\/vc_column][vc_column width=\u00bb1\/12&#8243;][\/vc_column][vc_column width=\u00bb1\/6&#8243;][\/vc_column][vc_column width=\u00bb1\/2&#8243;][vc_column_text color=\u00bb#77080d\u00bb font_size=\u00bbd:20|tl:18|tp:18|pl:18|pp:18&#8243; text_align=\u00bbleft\u00bb] Martin Wertsch [\/vc_column_text][\/vc_column][\/vc_row][vc_row full_width=\u00bbstretch_row\u00bb content_placement=\u00bbmiddle\u00bb equal_height=\u00bbyes\u00bb min_height=\u00bb50vh\u00bb][vc_column width=\u00bb1\/3&#8243; wpex_bg_position=\u00bbcenter center\u00bb wpex_bg_size=\u00bbcover\u00bb][\/vc_column][vc_column width=\u00bb2\/3&#8243;][vc_column_text css_animation=\u00bbbounceIn\u00bb color=\u00bb#000000&#8243;]Ya desde ni\u00f1o, Martin Wertsch demostr\u00f3 una gran sensibilidad por el campo de la material sutil. Despu\u00e9s de formarse como sanador con Hartmut Lohmann, desarroll\u00f3 sus propias modalidades de trabajo en sanaci\u00f3n,&hellip;<\/p>\n","protected":false},"author":1,"featured_media":0,"parent":32150,"menu_order":0,"comment_status":"closed","ping_status":"closed","template":"","meta":{"_monsterinsights_skip_tracking":false,"_monsterinsights_sitenote_active":false,"_monsterinsights_sitenote_note":"","_monsterinsights_sitenote_category":0,"h5ap_radio_sources":[],"footnotes":""},"class_list":["post-31657","page","type-page","status-publish","hentry","entry","no-media"],"yoast_head":"<!-- This site is optimized with the Yoast SEO plugin v27.0 - https:\/\/yoast.com\/product\/yoast-seo-wordpress\/ -->\n<title>ES-Martin Wertsch - Chi Heilung - international<\/title>\n<meta name=\"robots\" content=\"index, follow, max-snippet:-1, max-image-preview:large, max-video-preview:-1\" \/>\n<link rel=\"canonical\" href=\"https:\/\/chi-heilung.de\/es\/home-espanol\/martin-wertsch\/\" \/>\n<meta property=\"og:locale\" content=\"es_ES\" \/>\n<meta property=\"og:type\" content=\"article\" \/>\n<meta property=\"og:title\" content=\"ES-Martin Wertsch - Chi Heilung - international\" \/>\n<meta property=\"og:description\" content=\"[vc_row full_width=\u00bbstretch_row_content\u00bb content_placement=\u00bbmiddle\u00bb][vc_column width=\u00bb1\/12&#8243;][\/vc_column][vc_column width=\u00bb1\/12&#8243;][\/vc_column][vc_column width=\u00bb1\/6&#8243;][\/vc_column][vc_column width=\u00bb1\/2&#8243;][vc_column_text color=\u00bb#77080d\u00bb font_size=\u00bbd:20|tl:18|tp:18|pl:18|pp:18&#8243; text_align=\u00bbleft\u00bb] Martin Wertsch [\/vc_column_text][\/vc_column][\/vc_row][vc_row full_width=\u00bbstretch_row\u00bb content_placement=\u00bbmiddle\u00bb equal_height=\u00bbyes\u00bb min_height=\u00bb50vh\u00bb][vc_column width=\u00bb1\/3&#8243; wpex_bg_position=\u00bbcenter center\u00bb wpex_bg_size=\u00bbcover\u00bb][\/vc_column][vc_column width=\u00bb2\/3&#8243;][vc_column_text css_animation=\u00bbbounceIn\u00bb color=\u00bb#000000&#8243;]Ya desde ni\u00f1o, Martin Wertsch demostr\u00f3 una gran sensibilidad por el campo de la material sutil. Despu\u00e9s de formarse como sanador con Hartmut Lohmann, desarroll\u00f3 sus propias modalidades de trabajo en sanaci\u00f3n,&hellip;\" \/>\n<meta property=\"og:url\" content=\"https:\/\/chi-heilung.de\/es\/home-espanol\/martin-wertsch\/\" \/>\n<meta property=\"og:site_name\" content=\"Chi Heilung - international\" \/>\n<meta property=\"article:modified_time\" content=\"2020-10-28T14:52:31+00:00\" \/>\n<meta name=\"twitter:card\" content=\"summary_large_image\" \/>\n<meta name=\"twitter:label1\" content=\"Tiempo de lectura\" \/>\n\t<meta name=\"twitter:data1\" content=\"3 minutos\" \/>\n<script type=\"application\/ld+json\" class=\"yoast-schema-graph\">{\"@context\":\"https:\/\/schema.org\",\"@graph\":[{\"@type\":\"WebPage\",\"@id\":\"https:\/\/chi-heilung.de\/es\/home-espanol\/martin-wertsch\/\",\"url\":\"https:\/\/chi-heilung.de\/es\/home-espanol\/martin-wertsch\/\",\"name\":\"ES-Martin Wertsch - Chi Heilung - international\",\"isPartOf\":{\"@id\":\"https:\/\/chi-heilung.de\/#website\"},\"datePublished\":\"2020-08-25T13:25:15+00:00\",\"dateModified\":\"2020-10-28T14:52:31+00:00\",\"breadcrumb\":{\"@id\":\"https:\/\/chi-heilung.de\/es\/home-espanol\/martin-wertsch\/#breadcrumb\"},\"inLanguage\":\"es\",\"potentialAction\":[{\"@type\":\"ReadAction\",\"target\":[\"https:\/\/chi-heilung.de\/es\/home-espanol\/martin-wertsch\/\"]}]},{\"@type\":\"BreadcrumbList\",\"@id\":\"https:\/\/chi-heilung.de\/es\/home-espanol\/martin-wertsch\/#breadcrumb\",\"itemListElement\":[{\"@type\":\"ListItem\",\"position\":1,\"name\":\"Startseite\",\"item\":\"https:\/\/chi-heilung.de\/es\/\"},{\"@type\":\"ListItem\",\"position\":2,\"name\":\"ES-HOME\",\"item\":\"https:\/\/chi-heilung.de\/es\/\"},{\"@type\":\"ListItem\",\"position\":3,\"name\":\"ES-Martin Wertsch\"}]},{\"@type\":\"WebSite\",\"@id\":\"https:\/\/chi-heilung.de\/#website\",\"url\":\"https:\/\/chi-heilung.de\/\",\"name\":\"Chi Heilung - international\",\"description\":\"Herzlich Willkommen\",\"potentialAction\":[{\"@type\":\"SearchAction\",\"target\":{\"@type\":\"EntryPoint\",\"urlTemplate\":\"https:\/\/chi-heilung.de\/?s={search_term_string}\"},\"query-input\":{\"@type\":\"PropertyValueSpecification\",\"valueRequired\":true,\"valueName\":\"search_term_string\"}}],\"inLanguage\":\"es\"}]}<\/script>\n<!-- \/ Yoast SEO plugin. -->","yoast_head_json":{"title":"ES-Martin Wertsch - Chi Heilung - international","robots":{"index":"index","follow":"follow","max-snippet":"max-snippet:-1","max-image-preview":"max-image-preview:large","max-video-preview":"max-video-preview:-1"},"canonical":"https:\/\/chi-heilung.de\/es\/home-espanol\/martin-wertsch\/","og_locale":"es_ES","og_type":"article","og_title":"ES-Martin Wertsch - Chi Heilung - international","og_description":"[vc_row full_width=\u00bbstretch_row_content\u00bb content_placement=\u00bbmiddle\u00bb][vc_column width=\u00bb1\/12&#8243;][\/vc_column][vc_column width=\u00bb1\/12&#8243;][\/vc_column][vc_column width=\u00bb1\/6&#8243;][\/vc_column][vc_column width=\u00bb1\/2&#8243;][vc_column_text color=\u00bb#77080d\u00bb font_size=\u00bbd:20|tl:18|tp:18|pl:18|pp:18&#8243; text_align=\u00bbleft\u00bb] Martin Wertsch [\/vc_column_text][\/vc_column][\/vc_row][vc_row full_width=\u00bbstretch_row\u00bb content_placement=\u00bbmiddle\u00bb equal_height=\u00bbyes\u00bb min_height=\u00bb50vh\u00bb][vc_column width=\u00bb1\/3&#8243; wpex_bg_position=\u00bbcenter center\u00bb wpex_bg_size=\u00bbcover\u00bb][\/vc_column][vc_column width=\u00bb2\/3&#8243;][vc_column_text css_animation=\u00bbbounceIn\u00bb color=\u00bb#000000&#8243;]Ya desde ni\u00f1o, Martin Wertsch demostr\u00f3 una gran sensibilidad por el campo de la material sutil. Despu\u00e9s de formarse como sanador con Hartmut Lohmann, desarroll\u00f3 sus propias modalidades de trabajo en sanaci\u00f3n,&hellip;","og_url":"https:\/\/chi-heilung.de\/es\/home-espanol\/martin-wertsch\/","og_site_name":"Chi Heilung - international","article_modified_time":"2020-10-28T14:52:31+00:00","twitter_card":"summary_large_image","twitter_misc":{"Tiempo de lectura":"3 minutos"},"schema":{"@context":"https:\/\/schema.org","@graph":[{"@type":"WebPage","@id":"https:\/\/chi-heilung.de\/es\/home-espanol\/martin-wertsch\/","url":"https:\/\/chi-heilung.de\/es\/home-espanol\/martin-wertsch\/","name":"ES-Martin Wertsch - Chi Heilung - international","isPartOf":{"@id":"https:\/\/chi-heilung.de\/#website"},"datePublished":"2020-08-25T13:25:15+00:00","dateModified":"2020-10-28T14:52:31+00:00","breadcrumb":{"@id":"https:\/\/chi-heilung.de\/es\/home-espanol\/martin-wertsch\/#breadcrumb"},"inLanguage":"es","potentialAction":[{"@type":"ReadAction","target":["https:\/\/chi-heilung.de\/es\/home-espanol\/martin-wertsch\/"]}]},{"@type":"BreadcrumbList","@id":"https:\/\/chi-heilung.de\/es\/home-espanol\/martin-wertsch\/#breadcrumb","itemListElement":[{"@type":"ListItem","position":1,"name":"Startseite","item":"https:\/\/chi-heilung.de\/es\/"},{"@type":"ListItem","position":2,"name":"ES-HOME","item":"https:\/\/chi-heilung.de\/es\/"},{"@type":"ListItem","position":3,"name":"ES-Martin Wertsch"}]},{"@type":"WebSite","@id":"https:\/\/chi-heilung.de\/#website","url":"https:\/\/chi-heilung.de\/","name":"Chi Heilung - international","description":"Herzlich Willkommen","potentialAction":[{"@type":"SearchAction","target":{"@type":"EntryPoint","urlTemplate":"https:\/\/chi-heilung.de\/?s={search_term_string}"},"query-input":{"@type":"PropertyValueSpecification","valueRequired":true,"valueName":"search_term_string"}}],"inLanguage":"es"}]}},"_links":{"self":[{"href":"https:\/\/chi-heilung.de\/es\/wp-json\/wp\/v2\/pages\/31657","targetHints":{"allow":["GET"]}}],"collection":[{"href":"https:\/\/chi-heilung.de\/es\/wp-json\/wp\/v2\/pages"}],"about":[{"href":"https:\/\/chi-heilung.de\/es\/wp-json\/wp\/v2\/types\/page"}],"author":[{"embeddable":true,"href":"https:\/\/chi-heilung.de\/es\/wp-json\/wp\/v2\/users\/1"}],"replies":[{"embeddable":true,"href":"https:\/\/chi-heilung.de\/es\/wp-json\/wp\/v2\/comments?post=31657"}],"version-history":[{"count":22,"href":"https:\/\/chi-heilung.de\/es\/wp-json\/wp\/v2\/pages\/31657\/revisions"}],"predecessor-version":[{"id":33212,"href":"https:\/\/chi-heilung.de\/es\/wp-json\/wp\/v2\/pages\/31657\/revisions\/33212"}],"up":[{"embeddable":true,"href":"https:\/\/chi-heilung.de\/es\/wp-json\/wp\/v2\/pages\/32150"}],"wp:attachment":[{"href":"https:\/\/chi-heilung.de\/es\/wp-json\/wp\/v2\/media?parent=31657"}],"curies":[{"name":"wp","href":"https:\/\/api.w.org\/{rel}","templated":true}]}}