{"id":32651,"date":"2020-10-22T08:30:31","date_gmt":"2020-10-22T06:30:31","guid":{"rendered":"https:\/\/chi-heilung.de\/?page_id=32651"},"modified":"2020-10-22T11:22:06","modified_gmt":"2020-10-22T09:22:06","slug":"es-cookies","status":"publish","type":"page","link":"https:\/\/chi-heilung.de\/es\/home-espanol\/es-cookies\/","title":{"rendered":"ES-Cookies"},"content":{"rendered":"<div class=\"wpb-content-wrapper\">[vc_row full_width=\u00bbstretch_row\u00bb content_placement=\u00bbmiddle\u00bb wpex_bg_overlay=\u00bbcolor\u00bb wpex_shape_divider_top=\u00bbwaves\u00bb wpex_shape_divider_top_flip=\u00bbtrue\u00bb wpex_shape_divider_bottom=\u00bbwaves\u00bb min_height=\u00bb60vh\u00bb css=\u00bb.vc_custom_1598975269465{background-image: url(https:\/\/chi-heilung.de\/wp-content\/uploads\/2020\/08\/Kongresse-Dekobild-3.jpg?id=31562) !important;}\u00bb el_id=\u00bbtopcontainer\u00bb wpex_bg_overlay_color=\u00bb#000000&#8243; wpex_bg_overlay_opacity=\u00bb0.5&#8243; wpex_shape_divider_top_color=\u00bbrgba(255,255,255,0.48)\u00bb wpex_shape_divider_top_height=\u00bb60&#8243; wpex_shape_divider_top_width=\u00bb100&#8243; wpex_shape_divider_bottom_color=\u00bbrgba(255,255,255,0.53)\u00bb wpex_shape_divider_bottom_height=\u00bb80&#8243; wpex_shape_divider_bottom_width=\u00bb120&#8243; wpex_bg_position=\u00bbcenter center\u00bb wpex_bg_size=\u00bbcover\u00bb][vc_column]<style>.vcex-heading.vcex_69e66d65d301d{color:#ffffff;font-size:60px;}@media (max-width:1024px){.vcex-heading.vcex_69e66d65d301d{font-size:50px;}}@media (max-width:959px){.vcex-heading.vcex_69e66d65d301d{font-size:50px;}}@media (max-width:767px){.vcex-heading.vcex_69e66d65d301d{font-size:50px;}}@media (max-width:479px){.vcex-heading.vcex_69e66d65d301d{font-size:42px;}}<\/style><h1 class=\"vcex-heading vcex-heading-plain vcex-module wpex-heading wpex-text-2xl wpex-text-left  wpb_animate_when_almost_visible wpb_fadeInLeft fadeInLeft vcex_69e66d65d301d\"><span class=\"vcex-heading-inner wpex-inline-block\">Cookies<\/span><\/h1>[\/vc_column][\/vc_row][vc_row][vc_column]<div class=\"vcex-spacing wpex-w-100 wpex-clear\" style=\"height:50px;\"><\/div>[vc_column_text]Esta declaraci\u00f3n referente a las cookies se actualiz\u00f3 por \u00faltima vez el 1 de septiembre de 2020 y se aplica a los ciudadanos del Espacio Econ\u00f3mico Europeo.<\/p>\n<p>&nbsp;<\/p>\n<p><strong>1. Introducci\u00f3n<\/strong><\/p>\n<p>Nuestra p\u00e1gina web https:\/\/chi-heilung.de (en adelante, \u00abla p\u00e1gina web\u00bb) utiliza cookies y otras tecnolog\u00edas similares (para simplificar, todas estas tecnolog\u00edas se denominar\u00e1n \u00abcookies\u00bb). Asimismo, contratamos a terceros para que implementen dichas cookies. El siguiente documento le informa acerca del uso de las cookies en nuestra p\u00e1gina web.<\/p>\n<p>&nbsp;<\/p>\n<p><strong>2. \u00bfQu\u00e9 son las cookies?<\/strong><\/p>\n<p>Una cookie es un peque\u00f1o archivo simple que se env\u00eda junto con las p\u00e1ginas de una direcci\u00f3n de Internet y que el navegador de Internet puede almacenar en el PC o en otro dispositivo. La informaci\u00f3n que se almacena podr\u00e1 ser devuelta a nuestros servidores o a los servidores de los pertinentes terceros durante posteriores visitas.<\/p>\n<p>&nbsp;<\/p>\n<p><strong>3. \u00bfQu\u00e9 son los scripts?<\/strong><\/p>\n<p>Un script es una parte del c\u00f3digo de programaci\u00f3n que permite que nuestra p\u00e1gina web funcione correctamente y de forma interactiva. Este c\u00f3digo se ejecuta en nuestro servidor o en su dispositivo.<\/p>\n<p>&nbsp;<\/p>\n<p><strong>4. \u00bfQu\u00e9 es una baliza web?<\/strong><\/p>\n<p>Una baliza web (tambi\u00e9n denominada etiqueta de p\u00edxel) es un peque\u00f1o fragmento de texto o imagen invisible de una p\u00e1gina web que se utiliza para monitorear el tr\u00e1fico de la misma. Con esta finalidad, mediante las balizas web se produce el almacenamiento de diferentes datos acerca de su persona.<\/p>\n<p>&nbsp;<\/p>\n<p><strong>5. Consentimiento<\/strong><\/p>\n<p>La primera vez que visite nuestra p\u00e1gina web, visualizar\u00e1 una ventana emergente con una explicaci\u00f3n acerca de las cookies. Una vez que usted haga clic en \u00abGuardar configuraci\u00f3n\u00bb, nos dar\u00e1 su consentimiento para utilizar todas las categor\u00edas de cookies y plugins que elija, tal y como se describe en esta declaraci\u00f3n. Puede desactivar el uso de cookies en su navegador, pero tenga en cuenta que es posible que nuestra p\u00e1gina web no funcione correctamente.<\/p>\n<p><strong>5.1 Gesti\u00f3n de su configuraci\u00f3n de consentimiento<\/strong><\/p>\n<p>&nbsp;<\/p>\n<p>Funcionalidad<\/p>\n<p>Marketing<\/p>\n<p>&nbsp;<\/p>\n<p><strong>6. Cookies<\/strong><\/p>\n<p><strong>6.1 Cookies t\u00e9cnicas o funcionales<\/strong><\/p>\n<p>&nbsp;<\/p>\n<p>Algunas cookies garantizan que determinadas partes de nuestra p\u00e1gina web funcionen correctamente y que sigamos teniendo conocimiento de sus preferencias de usuario. Al emplear cookies funcionales, le facilitamos la visita a nuestra p\u00e1gina web. De esta manera, usted no tendr\u00e1 que introducir repetidamente la misma informaci\u00f3n cuando visite nuestra p\u00e1gina web y, por ejemplo, los art\u00edculos permanecer\u00e1n en su cesta de la compra hasta que haya pagado. Podemos emplear estas cookies sin su consentimiento.<\/p>\n<p>&nbsp;<\/p>\n<p><strong>7. Cookies empleadas<\/strong><\/p>\n<p>WooCommerce<\/p>\n<p>Utilizamos WooCommerce para gestionar la tienda online.<\/p>\n<p>Nombre\u00a0\u00a0\u00a0\u00a0\u00a0\u00a0\u00a0\u00a0\u00a0\u00a0\u00a0\u00a0\u00a0 Conservaci\u00f3n\u00a0\u00a0\u00a0 Funci\u00f3n<\/p>\n<p>funcional<\/p>\n<p>wc_cart_hash_* \u00a0\u00a0\u00a0\u00a0\u00a0\u00a0\u00a0\u00a0\u00a0\u00a0\u00a0 Sesi\u00f3n\u00a0 Guarda los art\u00edculos en la cesta de la compra<\/p>\n<p>wc_cart_created \u00a0\u00a0\u00a0\u00a0\u00a0\u00a0\u00a0\u00a0\u00a0\u00a0\u00a0 Sesi\u00f3n Almacena las acciones que realizan los usuarios en la p\u00e1gina web<\/p>\n<p>wc_fragments_* \u00a0\u00a0\u00a0\u00a0\u00a0\u00a0\u00a0\u00a0\u00a0\u00a0 persistente<\/p>\n<p>woocommerce_recently_viewed \u00a0\u00a0\u00a0\u00a0\u00a0\u00a0\u00a0\u00a0\u00a0 Sesi\u00f3n Almacena las acciones que realizan los usuarios en la p\u00e1gina web<\/p>\n<p>wp_woocommerce_session_* \u00a0\u00a0\u00a0\u00a0\u00a0\u00a0\u00a0\u00a0\u00a0\u00a0\u00a0\u00a0\u00a0\u00a0 Sesi\u00f3n Almacena las acciones que realizan los usuarios en la p\u00e1gina web<\/p>\n<p>Transmisi\u00f3n<\/p>\n<p>&nbsp;<\/p>\n<p>Estos datos no se comparten con terceros.<\/p>\n<p>WordPress<\/p>\n<p>Utilizamos WordPress para desarrollar p\u00e1ginas web.<\/p>\n<p>Nombre\u00a0\u00a0\u00a0\u00a0\u00a0\u00a0\u00a0\u00a0\u00a0\u00a0\u00a0\u00a0\u00a0 Conservaci\u00f3n\u00a0\u00a0\u00a0 Funci\u00f3n<\/p>\n<p>funcional<\/p>\n<p>wp-api-schema-model* \u00a0\u00a0\u00a0\u00a0\u00a0\u00a0\u00a0\u00a0\u00a0\u00a0\u00a0\u00a0 Sesi\u00f3n<\/p>\n<p>wordpress_test_cookie \u00a0\u00a0\u00a0\u00a0\u00a0\u00a0\u00a0\u00a0\u00a0\u00a0\u00a0\u00a0 ninguna\u00a0\u00a0\u00a0\u00a0\u00a0\u00a0\u00a0\u00a0\u00a0\u00a0\u00a0\u00a0\u00a0\u00a0 Supervisa si se implementan las cookies<\/p>\n<p>wordpress_logged_in_* \u00a0\u00a0\u00a0\u00a0\u00a0\u00a0\u00a0\u00a0\u00a0\u00a0\u00a0 persistente\u00a0\u00a0\u00a0\u00a0\u00a0\u00a0\u00a0 Permite que el usuario inicie sesi\u00f3n<\/p>\n<p>WP_DATA_USER_* \u00a0\u00a0\u00a0\u00a0\u00a0 Sesi\u00f3n Almacenamiento de las preferencias del usuario<\/p>\n<p>wp-saving-post \u00a0\u00a0\u00a0\u00a0\u00a0\u00a0\u00a0\u00a0\u00a0\u00a0\u00a0\u00a0\u00a0\u00a0 1\u00a0d\u00eda\u00a0\u00a0\u00a0\u00a0\u00a0 Guardar autom\u00e1ticamente una entrada en el editor<\/p>\n<p>Transmisi\u00f3n<\/p>\n<p>&nbsp;<\/p>\n<p>Estos datos no se comparten con terceros.<\/p>\n<p>Polylang<\/p>\n<p>Utilizamos Polylang para gestionar las configuraciones regionales.<\/p>\n<p>Nombre\u00a0\u00a0\u00a0\u00a0\u00a0\u00a0\u00a0\u00a0\u00a0\u00a0\u00a0\u00a0\u00a0 Conservaci\u00f3n\u00a0\u00a0\u00a0 Funci\u00f3n<\/p>\n<p>Preferencias<\/p>\n<p>pll_language \u00a0\u00a0\u00a0\u00a0 persistente \u00a0\u00a0\u00a0\u00a0\u00a0\u00a0 Almacena los ajustes de idioma<\/p>\n<p>Transmisi\u00f3n<\/p>\n<p>&nbsp;<\/p>\n<p>Estos datos no se comparten con terceros.<\/p>\n<p>Cookie Notice for GDPR<\/p>\n<p>Empleamos Cookie Notice for GDPR para gestionar el consentimiento de las cookies.<\/p>\n<p>Nombre\u00a0\u00a0\u00a0\u00a0\u00a0\u00a0\u00a0\u00a0\u00a0\u00a0\u00a0\u00a0\u00a0 Conservaci\u00f3n\u00a0\u00a0\u00a0 Funci\u00f3n<\/p>\n<p>funcional<\/p>\n<p>cookie_notice_accepted \u00a0\u00a0\u00a0\u00a0\u00a0\u00a0\u00a0\u00a0\u00a0\u00a0\u00a0 persistente\u00a0\u00a0\u00a0\u00a0\u00a0\u00a0\u00a0 Supervisa si se implementan las cookies<\/p>\n<p>Transmisi\u00f3n<\/p>\n<p>&nbsp;<\/p>\n<p>Estos datos no se comparten con terceros.<\/p>\n<p>Automattic<\/p>\n<p>Utilizamos Automattic para desarrollar p\u00e1ginas web.<\/p>\n<p>Nombre\u00a0\u00a0\u00a0\u00a0\u00a0\u00a0\u00a0\u00a0\u00a0\u00a0\u00a0\u00a0\u00a0 Conservaci\u00f3n\u00a0\u00a0\u00a0 Funci\u00f3n<\/p>\n<p>Estad\u00edstica<\/p>\n<p>tk_ai \u00a0\u00a0\u00a0\u00a0 Sesi\u00f3n Almacena la ID de usuario un\u00edvoca<\/p>\n<p>Transmisi\u00f3n<\/p>\n<p>&nbsp;<\/p>\n<p>Para m\u00e1s informaci\u00f3n, consulte la declaraci\u00f3n de privacidad de Automattic.<\/p>\n<p>Google Fonts<\/p>\n<p>Utilizamos Google Fonts para dise\u00f1ar fuentes de la web.<\/p>\n<p>Nombre\u00a0\u00a0\u00a0\u00a0\u00a0\u00a0\u00a0\u00a0\u00a0\u00a0\u00a0\u00a0\u00a0 Conservaci\u00f3n\u00a0\u00a0\u00a0 Funci\u00f3n<\/p>\n<p>Marketing y seguimiento<\/p>\n<p>API de Google Fonts\u00a0\u00a0\u00a0\u00a0\u00a0 ninguna\u00a0\u00a0\u00a0\u00a0\u00a0\u00a0\u00a0\u00a0\u00a0\u00a0\u00a0\u00a0\u00a0\u00a0 Pida la direcci\u00f3n IP del usuario<\/p>\n<p>Transmisi\u00f3n<\/p>\n<p>&nbsp;<\/p>\n<p>Para m\u00e1s informaci\u00f3n, consulte la declaraci\u00f3n de privacidad de Google Fonts.<\/p>\n<p>&nbsp;<\/p>\n<p><strong>8. Sus derechos en relaci\u00f3n con los datos personales<\/strong><\/p>\n<p>Usted tiene los siguientes derechos con respecto a sus datos personales:<\/p>\n<p>&nbsp;<\/p>\n<p>Tiene derecho a saber por qu\u00e9 se necesitan sus datos personales, qu\u00e9 suceder\u00e1 con ellos y durante cu\u00e1nto tiempo se almacenar\u00e1n.<\/p>\n<p>Derecho de acceso: tiene derecho a consultar los datos que conocemos acerca de su persona.<\/p>\n<p>Derecho de rectificaci\u00f3n: tiene derecho a completar, rectificar y borrar o bloquear sus datos personales siempre que lo desee.<\/p>\n<p>Si usted nos da su consentimiento para efectuar el tratamiento de sus datos, tiene derecho a revocar dicho consentimiento y a que sus datos se supriman.<\/p>\n<p>Derecho de transferencia de sus datos: tiene derecho a solicitar todos sus datos personales al agente de control y a transferirlos \u00edntegramente a otro agente de control.<\/p>\n<p>Derecho de oposici\u00f3n: usted puede oponerse al tratamiento de sus datos. Nosotros lo cumplimos, a menos que existan motivos que justifiquen su tratamiento.<\/p>\n<p>&nbsp;<\/p>\n<p>Para ejercer estos derechos, p\u00f3ngase en contacto con nosotros. Emplee los datos de contacto que constan en la parte inferior de esta declaraci\u00f3n referente a las cookies. Si tiene alguna queja acerca de c\u00f3mo tratamos sus datos, nos gustar\u00eda saberlo, aunque tambi\u00e9n tiene derecho a dirigirse a la autoridad de control (en materia de protecci\u00f3n de datos).<\/p>\n<p>&nbsp;<\/p>\n<p><strong>9. Habilitaci\u00f3n, deshabilitaci\u00f3n y eliminaci\u00f3n de cookies<\/strong><\/p>\n<p>Puede utilizar su navegador de Internet para eliminar las cookies de forma autom\u00e1tica o manual. Puede especificar asimismo que no se utilicen determinadas cookies. Otra opci\u00f3n es modificar la configuraci\u00f3n de su navegador de Internet para que reciba un mensaje cada vez que se utiliza una cookie. Para obtener m\u00e1s informaci\u00f3n acerca de estas opciones, consulte las instrucciones en la secci\u00f3n de \u00abAyuda\u00bb de su navegador.<\/p>\n<p>&nbsp;<\/p>\n<p>Tenga en cuenta que nuestra p\u00e1gina web puede no funcionar correctamente si todas las cookies est\u00e1n deshabilitadas. Si borra las cookies de su navegador, estas se volver\u00e1n a utilizar cuando vuelva a visitar nuestra p\u00e1gina web.<\/p>\n<p>&nbsp;<\/p>\n<p><strong>10. Datos de contacto<\/strong><\/p>\n<p>Para preguntas y\/o comentarios acerca de nuestra declaraci\u00f3n referente a las cookies y de la presente declaraci\u00f3n, p\u00f3ngase en contacto con nosotros empleando los siguientes datos de contacto:<\/p>\n<p>&nbsp;<\/p>\n<p>Martin Wertsch<\/p>\n<p>Heilpraxis Bochum UG (haftungbeschr\u00e4nkt)<\/p>\n<p>Freiligrathstrasse 52<\/p>\n<p>44791 Bochum<\/p>\n<p>Alemania<\/p>\n<p>P\u00e1gina web: https:\/\/chi-heilung.de<\/p>\n<p>Correo electr\u00f3nico: info@chi-heilung.de<\/p>\n<p>N\u00famero de tel\u00e9fono: 0234-41493054[\/vc_column_text]<div class=\"vcex-spacing wpex-w-100 wpex-clear\" style=\"height:50px;\"><\/div>[\/vc_column][\/vc_row]\n<\/div>","protected":false},"excerpt":{"rendered":"<p>[vc_row full_width=\u00bbstretch_row\u00bb content_placement=\u00bbmiddle\u00bb wpex_bg_overlay=\u00bbcolor\u00bb wpex_shape_divider_top=\u00bbwaves\u00bb wpex_shape_divider_top_flip=\u00bbtrue\u00bb wpex_shape_divider_bottom=\u00bbwaves\u00bb min_height=\u00bb60vh\u00bb css=\u00bb.vc_custom_1598975269465{background-image: url(https:\/\/chi-heilung.de\/wp-content\/uploads\/2020\/08\/Kongresse-Dekobild-3.jpg?id=31562) !important;}\u00bb el_id=\u00bbtopcontainer\u00bb wpex_bg_overlay_color=\u00bb#000000&#8243; wpex_bg_overlay_opacity=\u00bb0.5&#8243; wpex_shape_divider_top_color=\u00bbrgba(255,255,255,0.48)\u00bb wpex_shape_divider_top_height=\u00bb60&#8243; wpex_shape_divider_top_width=\u00bb100&#8243; wpex_shape_divider_bottom_color=\u00bbrgba(255,255,255,0.53)\u00bb wpex_shape_divider_bottom_height=\u00bb80&#8243; wpex_shape_divider_bottom_width=\u00bb120&#8243; wpex_bg_position=\u00bbcenter center\u00bb wpex_bg_size=\u00bbcover\u00bb][vc_column][\/vc_column][\/vc_row][vc_row][vc_column][vc_column_text]Esta declaraci\u00f3n referente a las cookies se actualiz\u00f3 por \u00faltima vez el 1 de septiembre de 2020 y se aplica a los ciudadanos del Espacio Econ\u00f3mico Europeo. &nbsp; 1. Introducci\u00f3n Nuestra p\u00e1gina web&hellip;<\/p>\n","protected":false},"author":1,"featured_media":0,"parent":32150,"menu_order":0,"comment_status":"closed","ping_status":"closed","template":"","meta":{"_monsterinsights_skip_tracking":false,"_monsterinsights_sitenote_active":false,"_monsterinsights_sitenote_note":"","_monsterinsights_sitenote_category":0,"h5ap_radio_sources":[],"footnotes":""},"class_list":["post-32651","page","type-page","status-publish","hentry","entry","no-media"],"yoast_head":"<!-- This site is optimized with the Yoast SEO plugin v27.0 - https:\/\/yoast.com\/product\/yoast-seo-wordpress\/ -->\n<title>ES-Cookies - Chi Heilung - international<\/title>\n<meta name=\"robots\" content=\"index, follow, max-snippet:-1, max-image-preview:large, max-video-preview:-1\" \/>\n<link rel=\"canonical\" href=\"https:\/\/chi-heilung.de\/es\/home-espanol\/es-cookies\/\" \/>\n<meta property=\"og:locale\" content=\"es_ES\" \/>\n<meta property=\"og:type\" content=\"article\" \/>\n<meta property=\"og:title\" content=\"ES-Cookies - Chi Heilung - international\" \/>\n<meta property=\"og:description\" content=\"[vc_row full_width=\u00bbstretch_row\u00bb content_placement=\u00bbmiddle\u00bb wpex_bg_overlay=\u00bbcolor\u00bb wpex_shape_divider_top=\u00bbwaves\u00bb wpex_shape_divider_top_flip=\u00bbtrue\u00bb wpex_shape_divider_bottom=\u00bbwaves\u00bb min_height=\u00bb60vh\u00bb css=\u00bb.vc_custom_1598975269465{background-image: url(https:\/\/chi-heilung.de\/wp-content\/uploads\/2020\/08\/Kongresse-Dekobild-3.jpg?id=31562) !important;}\u00bb el_id=\u00bbtopcontainer\u00bb wpex_bg_overlay_color=\u00bb#000000&#8243; wpex_bg_overlay_opacity=\u00bb0.5&#8243; wpex_shape_divider_top_color=\u00bbrgba(255,255,255,0.48)\u00bb wpex_shape_divider_top_height=\u00bb60&#8243; wpex_shape_divider_top_width=\u00bb100&#8243; wpex_shape_divider_bottom_color=\u00bbrgba(255,255,255,0.53)\u00bb wpex_shape_divider_bottom_height=\u00bb80&#8243; wpex_shape_divider_bottom_width=\u00bb120&#8243; wpex_bg_position=\u00bbcenter center\u00bb wpex_bg_size=\u00bbcover\u00bb][vc_column][\/vc_column][\/vc_row][vc_row][vc_column][vc_column_text]Esta declaraci\u00f3n referente a las cookies se actualiz\u00f3 por \u00faltima vez el 1 de septiembre de 2020 y se aplica a los ciudadanos del Espacio Econ\u00f3mico Europeo. &nbsp; 1. Introducci\u00f3n Nuestra p\u00e1gina web&hellip;\" \/>\n<meta property=\"og:url\" content=\"https:\/\/chi-heilung.de\/es\/home-espanol\/es-cookies\/\" \/>\n<meta property=\"og:site_name\" content=\"Chi Heilung - international\" \/>\n<meta property=\"article:modified_time\" content=\"2020-10-22T09:22:06+00:00\" \/>\n<meta name=\"twitter:card\" content=\"summary_large_image\" \/>\n<meta name=\"twitter:label1\" content=\"Tiempo de lectura\" \/>\n\t<meta name=\"twitter:data1\" content=\"7 minutos\" \/>\n<script type=\"application\/ld+json\" class=\"yoast-schema-graph\">{\"@context\":\"https:\/\/schema.org\",\"@graph\":[{\"@type\":\"WebPage\",\"@id\":\"https:\/\/chi-heilung.de\/es\/home-espanol\/es-cookies\/\",\"url\":\"https:\/\/chi-heilung.de\/es\/home-espanol\/es-cookies\/\",\"name\":\"ES-Cookies - Chi Heilung - international\",\"isPartOf\":{\"@id\":\"https:\/\/chi-heilung.de\/#website\"},\"datePublished\":\"2020-10-22T06:30:31+00:00\",\"dateModified\":\"2020-10-22T09:22:06+00:00\",\"breadcrumb\":{\"@id\":\"https:\/\/chi-heilung.de\/es\/home-espanol\/es-cookies\/#breadcrumb\"},\"inLanguage\":\"es\",\"potentialAction\":[{\"@type\":\"ReadAction\",\"target\":[\"https:\/\/chi-heilung.de\/es\/home-espanol\/es-cookies\/\"]}]},{\"@type\":\"BreadcrumbList\",\"@id\":\"https:\/\/chi-heilung.de\/es\/home-espanol\/es-cookies\/#breadcrumb\",\"itemListElement\":[{\"@type\":\"ListItem\",\"position\":1,\"name\":\"Startseite\",\"item\":\"https:\/\/chi-heilung.de\/es\/\"},{\"@type\":\"ListItem\",\"position\":2,\"name\":\"ES-HOME\",\"item\":\"https:\/\/chi-heilung.de\/es\/\"},{\"@type\":\"ListItem\",\"position\":3,\"name\":\"ES-Cookies\"}]},{\"@type\":\"WebSite\",\"@id\":\"https:\/\/chi-heilung.de\/#website\",\"url\":\"https:\/\/chi-heilung.de\/\",\"name\":\"Chi Heilung - international\",\"description\":\"Herzlich Willkommen\",\"potentialAction\":[{\"@type\":\"SearchAction\",\"target\":{\"@type\":\"EntryPoint\",\"urlTemplate\":\"https:\/\/chi-heilung.de\/?s={search_term_string}\"},\"query-input\":{\"@type\":\"PropertyValueSpecification\",\"valueRequired\":true,\"valueName\":\"search_term_string\"}}],\"inLanguage\":\"es\"}]}<\/script>\n<!-- \/ Yoast SEO plugin. -->","yoast_head_json":{"title":"ES-Cookies - Chi Heilung - international","robots":{"index":"index","follow":"follow","max-snippet":"max-snippet:-1","max-image-preview":"max-image-preview:large","max-video-preview":"max-video-preview:-1"},"canonical":"https:\/\/chi-heilung.de\/es\/home-espanol\/es-cookies\/","og_locale":"es_ES","og_type":"article","og_title":"ES-Cookies - Chi Heilung - international","og_description":"[vc_row full_width=\u00bbstretch_row\u00bb content_placement=\u00bbmiddle\u00bb wpex_bg_overlay=\u00bbcolor\u00bb wpex_shape_divider_top=\u00bbwaves\u00bb wpex_shape_divider_top_flip=\u00bbtrue\u00bb wpex_shape_divider_bottom=\u00bbwaves\u00bb min_height=\u00bb60vh\u00bb css=\u00bb.vc_custom_1598975269465{background-image: url(https:\/\/chi-heilung.de\/wp-content\/uploads\/2020\/08\/Kongresse-Dekobild-3.jpg?id=31562) !important;}\u00bb el_id=\u00bbtopcontainer\u00bb wpex_bg_overlay_color=\u00bb#000000&#8243; wpex_bg_overlay_opacity=\u00bb0.5&#8243; wpex_shape_divider_top_color=\u00bbrgba(255,255,255,0.48)\u00bb wpex_shape_divider_top_height=\u00bb60&#8243; wpex_shape_divider_top_width=\u00bb100&#8243; wpex_shape_divider_bottom_color=\u00bbrgba(255,255,255,0.53)\u00bb wpex_shape_divider_bottom_height=\u00bb80&#8243; wpex_shape_divider_bottom_width=\u00bb120&#8243; wpex_bg_position=\u00bbcenter center\u00bb wpex_bg_size=\u00bbcover\u00bb][vc_column][\/vc_column][\/vc_row][vc_row][vc_column][vc_column_text]Esta declaraci\u00f3n referente a las cookies se actualiz\u00f3 por \u00faltima vez el 1 de septiembre de 2020 y se aplica a los ciudadanos del Espacio Econ\u00f3mico Europeo. &nbsp; 1. Introducci\u00f3n Nuestra p\u00e1gina web&hellip;","og_url":"https:\/\/chi-heilung.de\/es\/home-espanol\/es-cookies\/","og_site_name":"Chi Heilung - international","article_modified_time":"2020-10-22T09:22:06+00:00","twitter_card":"summary_large_image","twitter_misc":{"Tiempo de lectura":"7 minutos"},"schema":{"@context":"https:\/\/schema.org","@graph":[{"@type":"WebPage","@id":"https:\/\/chi-heilung.de\/es\/home-espanol\/es-cookies\/","url":"https:\/\/chi-heilung.de\/es\/home-espanol\/es-cookies\/","name":"ES-Cookies - Chi Heilung - international","isPartOf":{"@id":"https:\/\/chi-heilung.de\/#website"},"datePublished":"2020-10-22T06:30:31+00:00","dateModified":"2020-10-22T09:22:06+00:00","breadcrumb":{"@id":"https:\/\/chi-heilung.de\/es\/home-espanol\/es-cookies\/#breadcrumb"},"inLanguage":"es","potentialAction":[{"@type":"ReadAction","target":["https:\/\/chi-heilung.de\/es\/home-espanol\/es-cookies\/"]}]},{"@type":"BreadcrumbList","@id":"https:\/\/chi-heilung.de\/es\/home-espanol\/es-cookies\/#breadcrumb","itemListElement":[{"@type":"ListItem","position":1,"name":"Startseite","item":"https:\/\/chi-heilung.de\/es\/"},{"@type":"ListItem","position":2,"name":"ES-HOME","item":"https:\/\/chi-heilung.de\/es\/"},{"@type":"ListItem","position":3,"name":"ES-Cookies"}]},{"@type":"WebSite","@id":"https:\/\/chi-heilung.de\/#website","url":"https:\/\/chi-heilung.de\/","name":"Chi Heilung - international","description":"Herzlich Willkommen","potentialAction":[{"@type":"SearchAction","target":{"@type":"EntryPoint","urlTemplate":"https:\/\/chi-heilung.de\/?s={search_term_string}"},"query-input":{"@type":"PropertyValueSpecification","valueRequired":true,"valueName":"search_term_string"}}],"inLanguage":"es"}]}},"_links":{"self":[{"href":"https:\/\/chi-heilung.de\/es\/wp-json\/wp\/v2\/pages\/32651","targetHints":{"allow":["GET"]}}],"collection":[{"href":"https:\/\/chi-heilung.de\/es\/wp-json\/wp\/v2\/pages"}],"about":[{"href":"https:\/\/chi-heilung.de\/es\/wp-json\/wp\/v2\/types\/page"}],"author":[{"embeddable":true,"href":"https:\/\/chi-heilung.de\/es\/wp-json\/wp\/v2\/users\/1"}],"replies":[{"embeddable":true,"href":"https:\/\/chi-heilung.de\/es\/wp-json\/wp\/v2\/comments?post=32651"}],"version-history":[{"count":3,"href":"https:\/\/chi-heilung.de\/es\/wp-json\/wp\/v2\/pages\/32651\/revisions"}],"predecessor-version":[{"id":32704,"href":"https:\/\/chi-heilung.de\/es\/wp-json\/wp\/v2\/pages\/32651\/revisions\/32704"}],"up":[{"embeddable":true,"href":"https:\/\/chi-heilung.de\/es\/wp-json\/wp\/v2\/pages\/32150"}],"wp:attachment":[{"href":"https:\/\/chi-heilung.de\/es\/wp-json\/wp\/v2\/media?parent=32651"}],"curies":[{"name":"wp","href":"https:\/\/api.w.org\/{rel}","templated":true}]}}