{"id":32653,"date":"2020-10-22T08:34:13","date_gmt":"2020-10-22T06:34:13","guid":{"rendered":"https:\/\/chi-heilung.de\/?page_id=32653"},"modified":"2025-10-02T10:18:30","modified_gmt":"2025-10-02T08:18:30","slug":"es-nota-legal","status":"publish","type":"page","link":"https:\/\/chi-heilung.de\/es\/home-espanol\/es-nota-legal\/","title":{"rendered":"ES-Nota legal"},"content":{"rendered":"<div class=\"wpb-content-wrapper\">[vc_row full_width=\u00bbstretch_row\u00bb content_placement=\u00bbmiddle\u00bb wpex_shape_divider_top=\u00bbwaves\u00bb wpex_shape_divider_top_flip=\u00bbtrue\u00bb wpex_shape_divider_bottom=\u00bbwaves\u00bb wpex_bg_overlay=\u00bbcolor\u00bb min_height=\u00bb60vh\u00bb css=\u00bb.vc_custom_1597909842777{background-image: url(http:\/\/chi-heilung.de\/wp-content\/uploads\/2020\/08\/autumn-2183489_1920.jpg?id=31371) !important;}\u00bb el_id=\u00bbtopcontainer\u00bb wpex_bg_overlay_color=\u00bb#000000&#8243; wpex_bg_overlay_opacity=\u00bb0.5&#8243; wpex_shape_divider_top_color=\u00bbrgba(255,255,255,0.48)\u00bb wpex_shape_divider_top_height=\u00bb60&#8243; wpex_shape_divider_top_width=\u00bb100&#8243; wpex_shape_divider_bottom_color=\u00bbrgba(255,255,255,0.53)\u00bb wpex_shape_divider_bottom_height=\u00bb80&#8243; wpex_shape_divider_bottom_width=\u00bb120&#8243; wpex_bg_position=\u00bbcenter center\u00bb wpex_bg_size=\u00bbcover\u00bb][vc_column]<style>.vcex-heading.vcex_69de9a45a16bc{color:#ffffff;font-size:60px;}@media (max-width:1024px){.vcex-heading.vcex_69de9a45a16bc{font-size:50px;}}@media (max-width:959px){.vcex-heading.vcex_69de9a45a16bc{font-size:50px;}}@media (max-width:767px){.vcex-heading.vcex_69de9a45a16bc{font-size:50px;}}@media (max-width:479px){.vcex-heading.vcex_69de9a45a16bc{font-size:42px;}}<\/style><h1 class=\"vcex-heading vcex-heading-plain vcex-module wpex-heading wpex-text-2xl wpex-text-left  wpb_animate_when_almost_visible wpb_fadeInLeft fadeInLeft vcex_69de9a45a16bc\"><span class=\"vcex-heading-inner wpex-inline-block\">Impressum<\/span><\/h1>[\/vc_column][\/vc_row][vc_row][vc_column]<div class=\"vcex-spacing wpex-w-100 wpex-clear\" style=\"height:50px;\"><\/div>[vc_column_text css=\u00bb\u00bb]\n<div class=\"wpb_text_column wpb_content_element \">\n<div class=\"wpb_wrapper\">\n<h2>Responsable del contenido:<\/h2>\n<h3><strong>Informaci\u00f3n de conformidad con el art\u00edculo 5 de la Ley alemana de telecomunicaciones (TMG):<\/strong><\/h3>\n<p><strong>Heilpraxis Bochum UG (haftungsbeschr\u00e4nkt)<\/strong><br \/>\nAuf dem R\u00fccken 3<br \/>\n44869 Bochum<\/p>\n<h3><\/h3>\n<h3>Contacto<\/h3>\n<p>Tel\u00e9fono: <a href=\"tel:+4923460140260\">+49 178 8149992<\/a><br \/>\nCorreo electr\u00f3nico: info @ chi-heilung.de<\/p>\n<p>&nbsp;<\/p>\n<h3>N\u00famero de identificaci\u00f3n a efectos de IVA<\/h3>\n<p>N\u00famero de identificaci\u00f3n a efectos del impuesto sobre el volumen de ventas, de conformidad con el art\u00edculo 27 a de la Ley alemana del impuesto sobre el volumen de ventas):<br \/>\nDE359282316<br \/>\nC\u00f3digo de identificaci\u00f3n de la empresa 85609366<br \/>\nHRB 210182<br \/>\nN\u00famero de identificaci\u00f3n fiscal 13\/204\/00849<\/p>\n<p>&nbsp;<\/p>\n<h3>Denominaci\u00f3n y r\u00e9gimen profesionales<\/h3>\n<p>Denominaci\u00f3n profesional: sanador espiritual<br \/>\nC\u00e1mara de Comercio competente: IHK Mittleres Ruhrgebiet<br \/>\nOtorgado por: Alemania<\/p>\n<p>&nbsp;<\/p>\n<h3>Datos del seguro de responsabilidad civil profesional<\/h3>\n<p><strong>Nombre y domicilio del asegurador:<\/strong><br \/>\nBGW Berufsgenossenschaft f\u00fcr Gesundheit und Wohlfahrt (BGW)<\/p>\n<p>&nbsp;<\/p>\n<h3>Resoluci\u00f3n de litigios<\/h3>\n<p>No estamos dispuestos ni obligados a participar en ning\u00fan procedimiento de resoluci\u00f3n de conflictos ante un organismo de arbitraje de consumo.<\/p>\n<p>&nbsp;<\/p>\n<h3>Dise\u00f1o web y programaci\u00f3n<\/h3>\n<p>HOMEPAGE HEXXER<br \/>\nH\u00f6lzlestra\u00dfe 40\/1<br \/>\n72336 Balingen<br \/>\n<strong><br \/>\n<\/strong>Website:\u00a0<a href=\"http:\/\/www.homepage-hexxer.de\">www.homepage-hexxer.de<\/a><br \/>\nE-Mail:\u00a0<a href=\"mailto:info@homepage-hexxer.de\">info@homepage-hexxer.de<\/a><\/p>\n<h3>1. Contenido de la oferta online<\/h3>\n<p>El autor no se responsabilizar\u00e1 en ning\u00fan caso de la actualidad, la exactitud, la integridad ni la calidad de la informaci\u00f3n proporcionada. Las reclamaciones de responsabilidad contra el autor por da\u00f1os materiales o de naturaleza inmaterial debidas a la utilizaci\u00f3n o a la no utilizaci\u00f3n de la informaci\u00f3n proporcionada o bien por la utilizaci\u00f3n de informaci\u00f3n incorrecta e incompleta quedan fundamentalmente excluidas, salvo que se demuestre premeditaci\u00f3n o negligencia grave por parte del autor. Todas las ofertas se hacen libremente y de modo no vinculante. El autor se reserva expresamente el derecho de modificar, eliminar o suspender temporal o definitivamente la publicaci\u00f3n de partes de las p\u00e1ginas web o de la totalidad de la oferta sin mediar previo aviso.<\/p>\n<p>&nbsp;<\/p>\n<h3>2. Referencias y enlaces<\/h3>\n<p>En caso de referencias directas o indirectas a p\u00e1ginas web externas (\u00abenlaces\u00bb) que queden al margen de la responsabilidad del autor, la obligaci\u00f3n de responsabilidad \u00fanicamente surtir\u00e1 efecto en el caso de que el autor tuviera conocimiento de los contenidos y le fuera t\u00e9cnicamente posible y razonable evitar el uso, en el caso de los contenidos ilegales. El autor declara expresamente que, en el momento en el que se efectu\u00f3 el enlace, no exist\u00eda ning\u00fan contenido ilegal en las p\u00e1ginas vinculadas. El autor no tiene ninguna influencia en la configuraci\u00f3n actual y futura ni en los contenidos de las p\u00e1ginas vinculadas. Por lo tanto, se distancia expresamente por la presente de los contenidos de todas las p\u00e1ginas vinculadas que hayan sido modificados una vez establecido el enlace. Esta disposici\u00f3n se aplicar\u00e1 a todos los enlaces y referencias incluidos en la propia oferta de Internet, as\u00ed como a registros efectuados por terceros en libros de visitas, foros de discusi\u00f3n y listas de correo creados por el autor. La responsabilidad de contenidos ilegales, err\u00f3neos o incompletos y, en particular, la responsabilidad por da\u00f1os derivados de la utilizaci\u00f3n o de la no utilizaci\u00f3n del tipo de informaci\u00f3n ofrecida recae exclusivamente en el proveedor de la p\u00e1gina a la que se remite y no de la persona que simplemente remite mediante enlaces a la correspondiente publicaci\u00f3n.<\/p>\n<p>&nbsp;<\/p>\n<h3>3. Derechos de autor y legislaci\u00f3n sobre marcas<\/h3>\n<p>El autor procura respetar en todas las publicaciones los derechos de autor del material gr\u00e1fico, documentos de sonido, secuencias de v\u00eddeo y textos que se empleen, hacer uso de material gr\u00e1fico, documentos de sonido, secuencias de v\u00eddeo y textos de elaboraci\u00f3n propios o recurrir a material gr\u00e1fico, documentos de sonido, secuencias de v\u00eddeo y textos exentos de licencia. Todas las denominaciones o marcas comerciales mencionadas en la p\u00e1gina web, que eventualmente gozan de la protecci\u00f3n de terceros, est\u00e1n sujetas sin restricci\u00f3n a las disposiciones del derecho de marca en vigor y a los derechos de propiedad de los respectivos propietarios registrados. \u00danicamente por la mera menci\u00f3n no se extraer\u00e1 la conclusi\u00f3n de que las marcas comerciales no est\u00e9n protegidas por los derechos de terceros. Los derechos de autor de los objetos publicados creados por el autor son \u00fanicamente del autor de las p\u00e1ginas. No se permitir\u00e1 la reproducci\u00f3n o el uso de dichos gr\u00e1ficos, documentos de sonido, secuencias de v\u00eddeo y textos en otras publicaciones electr\u00f3nicas o impresas sin el consentimiento expreso del autor.<\/p>\n<p>&nbsp;<\/p>\n<h3>4. Validez legal de esta exenci\u00f3n de responsabilidad<\/h3>\n<p>La presente exenci\u00f3n de responsabilidad debe considerarse como parte de la oferta de Internet desde la que se hace referencia a esta p\u00e1gina. Aun cuando partes o formulaciones concretas de este texto no se correspondan, o hayan dejado de corresponderse, o no lo hagan de forma completa con la situaci\u00f3n legal en vigor, dicho hecho no afectar\u00e1 al contenido ni a la validez legal de las partes restantes del documento.<\/p>\n<p>&nbsp;<\/p>\n<\/div>\n<p><strong>Representada por:<\/strong><br \/>\nMartin Wertsch<\/p>\n<\/div>\n[\/vc_column_text]<div class=\"vcex-spacing wpex-w-100 wpex-clear\" style=\"height:50px;\"><\/div>[\/vc_column][\/vc_row]\n<\/div>","protected":false},"excerpt":{"rendered":"<p>[vc_row full_width=\u00bbstretch_row\u00bb content_placement=\u00bbmiddle\u00bb wpex_shape_divider_top=\u00bbwaves\u00bb wpex_shape_divider_top_flip=\u00bbtrue\u00bb wpex_shape_divider_bottom=\u00bbwaves\u00bb wpex_bg_overlay=\u00bbcolor\u00bb min_height=\u00bb60vh\u00bb css=\u00bb.vc_custom_1597909842777{background-image: url(http:\/\/chi-heilung.de\/wp-content\/uploads\/2020\/08\/autumn-2183489_1920.jpg?id=31371) !important;}\u00bb el_id=\u00bbtopcontainer\u00bb wpex_bg_overlay_color=\u00bb#000000&#8243; wpex_bg_overlay_opacity=\u00bb0.5&#8243; wpex_shape_divider_top_color=\u00bbrgba(255,255,255,0.48)\u00bb wpex_shape_divider_top_height=\u00bb60&#8243; wpex_shape_divider_top_width=\u00bb100&#8243; wpex_shape_divider_bottom_color=\u00bbrgba(255,255,255,0.53)\u00bb wpex_shape_divider_bottom_height=\u00bb80&#8243; wpex_shape_divider_bottom_width=\u00bb120&#8243; wpex_bg_position=\u00bbcenter center\u00bb wpex_bg_size=\u00bbcover\u00bb][vc_column][\/vc_column][\/vc_row][vc_row][vc_column][vc_column_text css=\u00bb\u00bb] Responsable del contenido: Informaci\u00f3n de conformidad con el art\u00edculo 5 de la Ley alemana de telecomunicaciones (TMG): Heilpraxis Bochum UG (haftungsbeschr\u00e4nkt) Auf dem R\u00fccken 3 44869 Bochum Contacto Tel\u00e9fono: +49 178&hellip;<\/p>\n","protected":false},"author":1,"featured_media":0,"parent":32150,"menu_order":0,"comment_status":"closed","ping_status":"open","template":"","meta":{"_monsterinsights_skip_tracking":false,"_monsterinsights_sitenote_active":false,"_monsterinsights_sitenote_note":"","_monsterinsights_sitenote_category":0,"h5ap_radio_sources":[],"footnotes":""},"class_list":["post-32653","page","type-page","status-publish","hentry","entry","no-media"],"yoast_head":"<!-- This site is optimized with the Yoast SEO plugin v27.0 - https:\/\/yoast.com\/product\/yoast-seo-wordpress\/ -->\n<title>ES-Nota legal - Chi Heilung - international<\/title>\n<meta name=\"robots\" content=\"index, follow, max-snippet:-1, max-image-preview:large, max-video-preview:-1\" \/>\n<link rel=\"canonical\" href=\"https:\/\/chi-heilung.de\/es\/home-espanol\/es-nota-legal\/\" \/>\n<meta property=\"og:locale\" content=\"es_ES\" \/>\n<meta property=\"og:type\" content=\"article\" \/>\n<meta property=\"og:title\" content=\"ES-Nota legal - Chi Heilung - international\" \/>\n<meta property=\"og:description\" content=\"[vc_row full_width=\u00bbstretch_row\u00bb content_placement=\u00bbmiddle\u00bb wpex_shape_divider_top=\u00bbwaves\u00bb wpex_shape_divider_top_flip=\u00bbtrue\u00bb wpex_shape_divider_bottom=\u00bbwaves\u00bb wpex_bg_overlay=\u00bbcolor\u00bb min_height=\u00bb60vh\u00bb css=\u00bb.vc_custom_1597909842777{background-image: url(http:\/\/chi-heilung.de\/wp-content\/uploads\/2020\/08\/autumn-2183489_1920.jpg?id=31371) !important;}\u00bb el_id=\u00bbtopcontainer\u00bb wpex_bg_overlay_color=\u00bb#000000&#8243; wpex_bg_overlay_opacity=\u00bb0.5&#8243; wpex_shape_divider_top_color=\u00bbrgba(255,255,255,0.48)\u00bb wpex_shape_divider_top_height=\u00bb60&#8243; wpex_shape_divider_top_width=\u00bb100&#8243; wpex_shape_divider_bottom_color=\u00bbrgba(255,255,255,0.53)\u00bb wpex_shape_divider_bottom_height=\u00bb80&#8243; wpex_shape_divider_bottom_width=\u00bb120&#8243; wpex_bg_position=\u00bbcenter center\u00bb wpex_bg_size=\u00bbcover\u00bb][vc_column][\/vc_column][\/vc_row][vc_row][vc_column][vc_column_text css=\u00bb\u00bb] Responsable del contenido: Informaci\u00f3n de conformidad con el art\u00edculo 5 de la Ley alemana de telecomunicaciones (TMG): Heilpraxis Bochum UG (haftungsbeschr\u00e4nkt) Auf dem R\u00fccken 3 44869 Bochum Contacto Tel\u00e9fono: +49 178&hellip;\" \/>\n<meta property=\"og:url\" content=\"https:\/\/chi-heilung.de\/es\/home-espanol\/es-nota-legal\/\" \/>\n<meta property=\"og:site_name\" content=\"Chi Heilung - international\" \/>\n<meta property=\"article:modified_time\" content=\"2025-10-02T08:18:30+00:00\" \/>\n<meta name=\"twitter:card\" content=\"summary_large_image\" \/>\n<meta name=\"twitter:label1\" content=\"Tiempo de lectura\" \/>\n\t<meta name=\"twitter:data1\" content=\"5 minutos\" \/>\n<script type=\"application\/ld+json\" class=\"yoast-schema-graph\">{\"@context\":\"https:\/\/schema.org\",\"@graph\":[{\"@type\":\"WebPage\",\"@id\":\"https:\/\/chi-heilung.de\/es\/home-espanol\/es-nota-legal\/\",\"url\":\"https:\/\/chi-heilung.de\/es\/home-espanol\/es-nota-legal\/\",\"name\":\"ES-Nota legal - Chi Heilung - international\",\"isPartOf\":{\"@id\":\"https:\/\/chi-heilung.de\/#website\"},\"datePublished\":\"2020-10-22T06:34:13+00:00\",\"dateModified\":\"2025-10-02T08:18:30+00:00\",\"breadcrumb\":{\"@id\":\"https:\/\/chi-heilung.de\/es\/home-espanol\/es-nota-legal\/#breadcrumb\"},\"inLanguage\":\"es\",\"potentialAction\":[{\"@type\":\"ReadAction\",\"target\":[\"https:\/\/chi-heilung.de\/es\/home-espanol\/es-nota-legal\/\"]}]},{\"@type\":\"BreadcrumbList\",\"@id\":\"https:\/\/chi-heilung.de\/es\/home-espanol\/es-nota-legal\/#breadcrumb\",\"itemListElement\":[{\"@type\":\"ListItem\",\"position\":1,\"name\":\"Startseite\",\"item\":\"https:\/\/chi-heilung.de\/es\/\"},{\"@type\":\"ListItem\",\"position\":2,\"name\":\"ES-HOME\",\"item\":\"https:\/\/chi-heilung.de\/es\/\"},{\"@type\":\"ListItem\",\"position\":3,\"name\":\"ES-Nota legal\"}]},{\"@type\":\"WebSite\",\"@id\":\"https:\/\/chi-heilung.de\/#website\",\"url\":\"https:\/\/chi-heilung.de\/\",\"name\":\"Chi Heilung - international\",\"description\":\"Herzlich Willkommen\",\"potentialAction\":[{\"@type\":\"SearchAction\",\"target\":{\"@type\":\"EntryPoint\",\"urlTemplate\":\"https:\/\/chi-heilung.de\/?s={search_term_string}\"},\"query-input\":{\"@type\":\"PropertyValueSpecification\",\"valueRequired\":true,\"valueName\":\"search_term_string\"}}],\"inLanguage\":\"es\"}]}<\/script>\n<!-- \/ Yoast SEO plugin. -->","yoast_head_json":{"title":"ES-Nota legal - Chi Heilung - international","robots":{"index":"index","follow":"follow","max-snippet":"max-snippet:-1","max-image-preview":"max-image-preview:large","max-video-preview":"max-video-preview:-1"},"canonical":"https:\/\/chi-heilung.de\/es\/home-espanol\/es-nota-legal\/","og_locale":"es_ES","og_type":"article","og_title":"ES-Nota legal - Chi Heilung - international","og_description":"[vc_row full_width=\u00bbstretch_row\u00bb content_placement=\u00bbmiddle\u00bb wpex_shape_divider_top=\u00bbwaves\u00bb wpex_shape_divider_top_flip=\u00bbtrue\u00bb wpex_shape_divider_bottom=\u00bbwaves\u00bb wpex_bg_overlay=\u00bbcolor\u00bb min_height=\u00bb60vh\u00bb css=\u00bb.vc_custom_1597909842777{background-image: url(http:\/\/chi-heilung.de\/wp-content\/uploads\/2020\/08\/autumn-2183489_1920.jpg?id=31371) !important;}\u00bb el_id=\u00bbtopcontainer\u00bb wpex_bg_overlay_color=\u00bb#000000&#8243; wpex_bg_overlay_opacity=\u00bb0.5&#8243; wpex_shape_divider_top_color=\u00bbrgba(255,255,255,0.48)\u00bb wpex_shape_divider_top_height=\u00bb60&#8243; wpex_shape_divider_top_width=\u00bb100&#8243; wpex_shape_divider_bottom_color=\u00bbrgba(255,255,255,0.53)\u00bb wpex_shape_divider_bottom_height=\u00bb80&#8243; wpex_shape_divider_bottom_width=\u00bb120&#8243; wpex_bg_position=\u00bbcenter center\u00bb wpex_bg_size=\u00bbcover\u00bb][vc_column][\/vc_column][\/vc_row][vc_row][vc_column][vc_column_text css=\u00bb\u00bb] Responsable del contenido: Informaci\u00f3n de conformidad con el art\u00edculo 5 de la Ley alemana de telecomunicaciones (TMG): Heilpraxis Bochum UG (haftungsbeschr\u00e4nkt) Auf dem R\u00fccken 3 44869 Bochum Contacto Tel\u00e9fono: +49 178&hellip;","og_url":"https:\/\/chi-heilung.de\/es\/home-espanol\/es-nota-legal\/","og_site_name":"Chi Heilung - international","article_modified_time":"2025-10-02T08:18:30+00:00","twitter_card":"summary_large_image","twitter_misc":{"Tiempo de lectura":"5 minutos"},"schema":{"@context":"https:\/\/schema.org","@graph":[{"@type":"WebPage","@id":"https:\/\/chi-heilung.de\/es\/home-espanol\/es-nota-legal\/","url":"https:\/\/chi-heilung.de\/es\/home-espanol\/es-nota-legal\/","name":"ES-Nota legal - Chi Heilung - international","isPartOf":{"@id":"https:\/\/chi-heilung.de\/#website"},"datePublished":"2020-10-22T06:34:13+00:00","dateModified":"2025-10-02T08:18:30+00:00","breadcrumb":{"@id":"https:\/\/chi-heilung.de\/es\/home-espanol\/es-nota-legal\/#breadcrumb"},"inLanguage":"es","potentialAction":[{"@type":"ReadAction","target":["https:\/\/chi-heilung.de\/es\/home-espanol\/es-nota-legal\/"]}]},{"@type":"BreadcrumbList","@id":"https:\/\/chi-heilung.de\/es\/home-espanol\/es-nota-legal\/#breadcrumb","itemListElement":[{"@type":"ListItem","position":1,"name":"Startseite","item":"https:\/\/chi-heilung.de\/es\/"},{"@type":"ListItem","position":2,"name":"ES-HOME","item":"https:\/\/chi-heilung.de\/es\/"},{"@type":"ListItem","position":3,"name":"ES-Nota legal"}]},{"@type":"WebSite","@id":"https:\/\/chi-heilung.de\/#website","url":"https:\/\/chi-heilung.de\/","name":"Chi Heilung - international","description":"Herzlich Willkommen","potentialAction":[{"@type":"SearchAction","target":{"@type":"EntryPoint","urlTemplate":"https:\/\/chi-heilung.de\/?s={search_term_string}"},"query-input":{"@type":"PropertyValueSpecification","valueRequired":true,"valueName":"search_term_string"}}],"inLanguage":"es"}]}},"_links":{"self":[{"href":"https:\/\/chi-heilung.de\/es\/wp-json\/wp\/v2\/pages\/32653","targetHints":{"allow":["GET"]}}],"collection":[{"href":"https:\/\/chi-heilung.de\/es\/wp-json\/wp\/v2\/pages"}],"about":[{"href":"https:\/\/chi-heilung.de\/es\/wp-json\/wp\/v2\/types\/page"}],"author":[{"embeddable":true,"href":"https:\/\/chi-heilung.de\/es\/wp-json\/wp\/v2\/users\/1"}],"replies":[{"embeddable":true,"href":"https:\/\/chi-heilung.de\/es\/wp-json\/wp\/v2\/comments?post=32653"}],"version-history":[{"count":6,"href":"https:\/\/chi-heilung.de\/es\/wp-json\/wp\/v2\/pages\/32653\/revisions"}],"predecessor-version":[{"id":71755,"href":"https:\/\/chi-heilung.de\/es\/wp-json\/wp\/v2\/pages\/32653\/revisions\/71755"}],"up":[{"embeddable":true,"href":"https:\/\/chi-heilung.de\/es\/wp-json\/wp\/v2\/pages\/32150"}],"wp:attachment":[{"href":"https:\/\/chi-heilung.de\/es\/wp-json\/wp\/v2\/media?parent=32653"}],"curies":[{"name":"wp","href":"https:\/\/api.w.org\/{rel}","templated":true}]}}