{"id":32663,"date":"2020-10-22T09:09:57","date_gmt":"2020-10-22T07:09:57","guid":{"rendered":"https:\/\/chi-heilung.de\/?page_id=32663"},"modified":"2022-02-02T09:19:31","modified_gmt":"2022-02-02T08:19:31","slug":"es-energia-vital","status":"publish","type":"page","link":"https:\/\/chi-heilung.de\/es\/es-energia-vital\/","title":{"rendered":"ES-Energ\u00eda vital"},"content":{"rendered":"<div class=\"wpb-content-wrapper\">[vc_row full_width=\u00bbstretch_row\u00bb content_placement=\u00bbmiddle\u00bb gap=\u00bb10&#8243; equal_height=\u00bbyes\u00bb min_height=\u00bb50vh\u00bb css=\u00bb.vc_custom_1595485693960{background-color: rgba(255,255,255,0.01) !important;*background-color: rgb(255,255,255) !important;}\u00bb][vc_column]<div class=\"vcex-spacing wpex-w-100 wpex-clear\" style=\"height:40px;\"><\/div>[vc_column_text color=\u00bb#77080d\u00bb font_size=\u00bbd:20|tl:18|tp:18|pl:18|pp:18&#8243;]\n<h2>\u00bfQu\u00e9 es la energ\u00eda vital?<\/h2>\n[\/vc_column_text]<div class=\"vcex-spacing wpex-w-100 wpex-clear\" style=\"height:20px;\"><\/div>[vc_separator color=\u00bbcustom\u00bb align=\u00bbalign_left\u00bb el_width=\u00bb80&#8243; accent_color=\u00bb#77080d\u00bb]<div class=\"vcex-spacing wpex-w-100 wpex-clear\" style=\"height:40px;\"><\/div>[vc_column_text color=\u00bb#000000&#8243;]Las personas conocemos el \u00abChi\u00bb, el \u00abPrana\u00bb, el \u00abOrgon\u00bb o simplemente la energ\u00eda vital desde hace m\u00e1s de 7000 a\u00f1os. Es mucho m\u00e1s que una mera fuerza vital. Es la energ\u00eda de nuestra conciencia c\u00f3smica y, por lo tanto, la conciencia en su forma energ\u00e9tica.<\/p>\n<p>Antes de que un alfarero pueda moldear un c\u00e1ntaro, debe crear su imagen mental. De manera similar, tambi\u00e9n nuestra conciencia se conforma primero con energ\u00eda, posteriormente con sentimientos y pensamientos. El Chi es la fuerza creadora de su conciencia. Y todo lo que le genera sufrimiento tambi\u00e9n se puede cambiar en su interior.<\/p>\n<p>Visible para unos, invisible para otros, el Chi nos afecta a todos. Una perturbaci\u00f3n sustancial de sus fuerzas debilitar\u00e1 su vitalidad y le llevar\u00e1 a la enfermedad y la muerte. Apacible, v\u00edvido y armonioso, el Chi debe fluir en su interior. No demasiado lento ni demasiado r\u00e1pido. Cuando los \u00f3rganos acusan un exceso o un defecto de Chi, la enfermedad, mental o f\u00edsica, da comienzo. Resolver estos bloqueos es el objetivo de nuestras sanaciones.[\/vc_column_text]<div class=\"vcex-spacing wpex-w-100 wpex-clear\" style=\"height:50px;\"><\/div>[\/vc_column][\/vc_row][vc_row css_animation=\u00bbnone\u00bb full_width=\u00bbstretch_row_content\u00bb content_placement=\u00bbmiddle\u00bb parallax=\u00bbvcex_parallax\u00bb parallax_image=\u00bb31369&#8243; wpex_bg_overlay=\u00bbcolor\u00bb parallax_direction=\u00bbdown\u00bb wpex_shape_divider_top=\u00bbwaves\u00bb wpex_shape_divider_top_flip=\u00bbtrue\u00bb wpex_shape_divider_bottom=\u00bbwaves\u00bb min_height=\u00bb50vh\u00bb el_id=\u00bbtopcontainer\u00bb parallax_speed=\u00bb0.5&#8243; wpex_bg_overlay_color=\u00bb#000000&#8243; wpex_bg_overlay_opacity=\u00bb0.5&#8243; wpex_shape_divider_top_color=\u00bbrgba(255,255,255,0.49)\u00bb wpex_shape_divider_top_height=\u00bb80&#8243; wpex_shape_divider_top_width=\u00bb100&#8243; wpex_shape_divider_bottom_color=\u00bbrgba(255,255,255,0.49)\u00bb wpex_shape_divider_bottom_height=\u00bb100&#8243; wpex_shape_divider_bottom_width=\u00bb100&#8243;][vc_column]<div class=\"vcex-spacing wpex-w-100 wpex-clear\" style=\"height:90px;\"><\/div><style>.vcex-heading.vcex_69d8b9531b04e{color:#daa520;}<\/style><h2 class=\"vcex-heading vcex-heading-plain vcex-module wpex-heading wpex-text-2xl wpex-text-center vcex_69d8b9531b04e\"><span class=\"vcex-heading-inner wpex-inline-block\">Pida cita ahora<\/span><\/h2><div class=\"vcex-spacing wpex-w-100 wpex-clear\" style=\"height:60px;\"><\/div><style>.vcex-heading.vcex_69d8b9531b416{color:#ffffff;}<\/style><h3 class=\"vcex-heading vcex-heading-plain vcex-module wpex-heading wpex-text-2xl wpex-text-center vcex_69d8b9531b416\"><span class=\"vcex-heading-inner wpex-inline-block\">Individual | Personalizada | Sanadora<\/span><\/h3><div class=\"vcex-spacing wpex-w-100 wpex-clear\" style=\"height:60px;\"><\/div>[vc_btn title=\u00bbPedir cita\u00bb style=\u00bboutline-custom\u00bb outline_custom_color=\u00bb#daa520&#8243; outline_custom_hover_background=\u00bb#daa520&#8243; outline_custom_hover_text=\u00bb#ffffff\u00bb shape=\u00bbsquare\u00bb size=\u00bblg\u00bb align=\u00bbcenter\u00bb i_icon_fontawesome=\u00bbfas fa-angle-right\u00bb add_icon=\u00bbtrue\u00bb link=\u00bburl:https%3A%2F%2Fchi-heilung.de%2Fes%2Fhome-espanol%2F%23kontakt|||\u00bb el_class=\u00bblocal-scroll-link\u00bb]<div class=\"vcex-spacing wpex-w-100 wpex-clear\" style=\"height:90px;\"><\/div>[\/vc_column][\/vc_row][vc_row full_width=\u00bbstretch_row\u00bb content_placement=\u00bbmiddle\u00bb gap=\u00bb10&#8243; equal_height=\u00bbyes\u00bb min_height=\u00bb50vh\u00bb][vc_column]<div class=\"vcex-spacing wpex-w-100 wpex-clear\" style=\"height:40px;\"><\/div>[vc_column_text color=\u00bb#77080d\u00bb font_size=\u00bbd:20|tl:18|tp:18|pl:18|pp:18&#8243;]\n<h2>El sistema energ\u00e9tico<\/h2>\n[\/vc_column_text]<div class=\"vcex-spacing wpex-w-100 wpex-clear\" style=\"height:20px;\"><\/div>[vc_separator color=\u00bbcustom\u00bb align=\u00bbalign_left\u00bb el_width=\u00bb80&#8243; accent_color=\u00bb#77080d\u00bb]<div class=\"vcex-spacing wpex-w-100 wpex-clear\" style=\"height:40px;\"><\/div>[vc_column_text color=\u00bb#000000&#8243;]La sangre y el Chi est\u00e1n \u00edntimamente relacionados. El signo m\u00e1s evidente de ello es su presencia o ausencia com\u00fan en las extremidades. All\u00ed donde fluya mucha sangre, el Chi tambi\u00e9n ser\u00e1 abundante. Nuestra sangre fluye por un sistema de vasos sangu\u00edneos y nuestro Chi lo hace por los vasos del Chi, denominados meridianos. La circulaci\u00f3n de ambos sistemas nos mantiene vivos, uno en t\u00e9rminos de materia f\u00edsica y el otro en t\u00e9rminos de materia sutil. Ambos abastecen, limpian y reparan nuestro organismo, sirven para repeler influencias da\u00f1inas y conforman nuevos canales por los que fluyen, cuando los antiguos est\u00e1n obstruidos. El Chi es nuestra sangre espiritual, puede bullir, estancarse, entrar en efervescencia y cicatrizar heridas.<\/p>\n<p>Las experiencias desagradables, cuyos impulsos (en su mayor\u00eda agresivos) no hemos podido manejar, generan en ocasiones rupturas y heridas en nuestro cuerpo energ\u00e9tico. Las vivencias humillantes nos hacen, de hecho, enfermar.<\/p>\n<p>El autoestima es, a este respecto, un eje central de la Sanaci\u00f3n Chi de Hartmut Lohmann. Liberar a la propia autoestima de sus viejas heridas emocionales constituye una sanaci\u00f3n importante. La propia autoestima est\u00e1 a menudo lastrada por viejos sentimientos de inferioridad, lo que genera s\u00edntomas y autoagresiones. Los traumas de la infancia tendr\u00e1n este efecto durante toda la vida, si no resolvemos el conflicto emocional que se deriva de ellos.<\/p>\n<p>Estaremos encantados de ayudarle a sanar su autoestima y de dispersar los viejos traumas de su infancia. \u00a1P\u00f3ngase en contacto con nosotros!<br \/>\n[\/vc_column_text]<div class=\"vcex-spacing wpex-w-100 wpex-clear\" style=\"height:50px;\"><\/div>[\/vc_column][\/vc_row]\n<\/div>","protected":false},"excerpt":{"rendered":"<p>[vc_row full_width=\u00bbstretch_row\u00bb content_placement=\u00bbmiddle\u00bb gap=\u00bb10&#8243; equal_height=\u00bbyes\u00bb min_height=\u00bb50vh\u00bb css=\u00bb.vc_custom_1595485693960{background-color: rgba(255,255,255,0.01) !important;*background-color: rgb(255,255,255) !important;}\u00bb][vc_column][vc_column_text color=\u00bb#77080d\u00bb font_size=\u00bbd:20|tl:18|tp:18|pl:18|pp:18&#8243;] \u00bfQu\u00e9 es la energ\u00eda vital? [\/vc_column_text][vc_separator color=\u00bbcustom\u00bb align=\u00bbalign_left\u00bb el_width=\u00bb80&#8243; accent_color=\u00bb#77080d\u00bb][vc_column_text color=\u00bb#000000&#8243;]Las personas conocemos el \u00abChi\u00bb, el \u00abPrana\u00bb, el \u00abOrgon\u00bb o simplemente la energ\u00eda vital desde hace m\u00e1s de 7000 a\u00f1os. Es mucho m\u00e1s que una mera fuerza vital. Es la energ\u00eda de&hellip;<\/p>\n","protected":false},"author":1,"featured_media":0,"parent":0,"menu_order":0,"comment_status":"closed","ping_status":"closed","template":"","meta":{"_monsterinsights_skip_tracking":false,"_monsterinsights_sitenote_active":false,"_monsterinsights_sitenote_note":"","_monsterinsights_sitenote_category":0,"h5ap_radio_sources":[],"footnotes":""},"class_list":["post-32663","page","type-page","status-publish","hentry","entry","no-media"],"yoast_head":"<!-- This site is optimized with the Yoast SEO plugin v27.0 - https:\/\/yoast.com\/product\/yoast-seo-wordpress\/ -->\n<title>ES-Energ\u00eda vital - Chi Heilung - international<\/title>\n<meta name=\"robots\" content=\"index, follow, max-snippet:-1, max-image-preview:large, max-video-preview:-1\" \/>\n<link rel=\"canonical\" href=\"https:\/\/chi-heilung.de\/es\/es-energia-vital\/\" \/>\n<meta property=\"og:locale\" content=\"es_ES\" \/>\n<meta property=\"og:type\" content=\"article\" \/>\n<meta property=\"og:title\" content=\"ES-Energ\u00eda vital - Chi Heilung - international\" \/>\n<meta property=\"og:description\" content=\"[vc_row full_width=\u00bbstretch_row\u00bb content_placement=\u00bbmiddle\u00bb gap=\u00bb10&#8243; equal_height=\u00bbyes\u00bb min_height=\u00bb50vh\u00bb css=\u00bb.vc_custom_1595485693960{background-color: rgba(255,255,255,0.01) !important;*background-color: rgb(255,255,255) !important;}\u00bb][vc_column][vc_column_text color=\u00bb#77080d\u00bb font_size=\u00bbd:20|tl:18|tp:18|pl:18|pp:18&#8243;] \u00bfQu\u00e9 es la energ\u00eda vital? [\/vc_column_text][vc_separator color=\u00bbcustom\u00bb align=\u00bbalign_left\u00bb el_width=\u00bb80&#8243; accent_color=\u00bb#77080d\u00bb][vc_column_text color=\u00bb#000000&#8243;]Las personas conocemos el \u00abChi\u00bb, el \u00abPrana\u00bb, el \u00abOrgon\u00bb o simplemente la energ\u00eda vital desde hace m\u00e1s de 7000 a\u00f1os. Es mucho m\u00e1s que una mera fuerza vital. Es la energ\u00eda de&hellip;\" \/>\n<meta property=\"og:url\" content=\"https:\/\/chi-heilung.de\/es\/es-energia-vital\/\" \/>\n<meta property=\"og:site_name\" content=\"Chi Heilung - international\" \/>\n<meta property=\"article:modified_time\" content=\"2022-02-02T08:19:31+00:00\" \/>\n<meta name=\"twitter:card\" content=\"summary_large_image\" \/>\n<meta name=\"twitter:label1\" content=\"Tiempo de lectura\" \/>\n\t<meta name=\"twitter:data1\" content=\"3 minutos\" \/>\n<script type=\"application\/ld+json\" class=\"yoast-schema-graph\">{\"@context\":\"https:\/\/schema.org\",\"@graph\":[{\"@type\":\"WebPage\",\"@id\":\"https:\/\/chi-heilung.de\/es\/es-energia-vital\/\",\"url\":\"https:\/\/chi-heilung.de\/es\/es-energia-vital\/\",\"name\":\"ES-Energ\u00eda vital - Chi Heilung - international\",\"isPartOf\":{\"@id\":\"https:\/\/chi-heilung.de\/#website\"},\"datePublished\":\"2020-10-22T07:09:57+00:00\",\"dateModified\":\"2022-02-02T08:19:31+00:00\",\"breadcrumb\":{\"@id\":\"https:\/\/chi-heilung.de\/es\/es-energia-vital\/#breadcrumb\"},\"inLanguage\":\"es\",\"potentialAction\":[{\"@type\":\"ReadAction\",\"target\":[\"https:\/\/chi-heilung.de\/es\/es-energia-vital\/\"]}]},{\"@type\":\"BreadcrumbList\",\"@id\":\"https:\/\/chi-heilung.de\/es\/es-energia-vital\/#breadcrumb\",\"itemListElement\":[{\"@type\":\"ListItem\",\"position\":1,\"name\":\"Startseite\",\"item\":\"https:\/\/chi-heilung.de\/es\/\"},{\"@type\":\"ListItem\",\"position\":2,\"name\":\"ES-Energ\u00eda vital\"}]},{\"@type\":\"WebSite\",\"@id\":\"https:\/\/chi-heilung.de\/#website\",\"url\":\"https:\/\/chi-heilung.de\/\",\"name\":\"Chi Heilung - international\",\"description\":\"Herzlich Willkommen\",\"potentialAction\":[{\"@type\":\"SearchAction\",\"target\":{\"@type\":\"EntryPoint\",\"urlTemplate\":\"https:\/\/chi-heilung.de\/?s={search_term_string}\"},\"query-input\":{\"@type\":\"PropertyValueSpecification\",\"valueRequired\":true,\"valueName\":\"search_term_string\"}}],\"inLanguage\":\"es\"}]}<\/script>\n<!-- \/ Yoast SEO plugin. -->","yoast_head_json":{"title":"ES-Energ\u00eda vital - Chi Heilung - international","robots":{"index":"index","follow":"follow","max-snippet":"max-snippet:-1","max-image-preview":"max-image-preview:large","max-video-preview":"max-video-preview:-1"},"canonical":"https:\/\/chi-heilung.de\/es\/es-energia-vital\/","og_locale":"es_ES","og_type":"article","og_title":"ES-Energ\u00eda vital - Chi Heilung - international","og_description":"[vc_row full_width=\u00bbstretch_row\u00bb content_placement=\u00bbmiddle\u00bb gap=\u00bb10&#8243; equal_height=\u00bbyes\u00bb min_height=\u00bb50vh\u00bb css=\u00bb.vc_custom_1595485693960{background-color: rgba(255,255,255,0.01) !important;*background-color: rgb(255,255,255) !important;}\u00bb][vc_column][vc_column_text color=\u00bb#77080d\u00bb font_size=\u00bbd:20|tl:18|tp:18|pl:18|pp:18&#8243;] \u00bfQu\u00e9 es la energ\u00eda vital? [\/vc_column_text][vc_separator color=\u00bbcustom\u00bb align=\u00bbalign_left\u00bb el_width=\u00bb80&#8243; accent_color=\u00bb#77080d\u00bb][vc_column_text color=\u00bb#000000&#8243;]Las personas conocemos el \u00abChi\u00bb, el \u00abPrana\u00bb, el \u00abOrgon\u00bb o simplemente la energ\u00eda vital desde hace m\u00e1s de 7000 a\u00f1os. Es mucho m\u00e1s que una mera fuerza vital. Es la energ\u00eda de&hellip;","og_url":"https:\/\/chi-heilung.de\/es\/es-energia-vital\/","og_site_name":"Chi Heilung - international","article_modified_time":"2022-02-02T08:19:31+00:00","twitter_card":"summary_large_image","twitter_misc":{"Tiempo de lectura":"3 minutos"},"schema":{"@context":"https:\/\/schema.org","@graph":[{"@type":"WebPage","@id":"https:\/\/chi-heilung.de\/es\/es-energia-vital\/","url":"https:\/\/chi-heilung.de\/es\/es-energia-vital\/","name":"ES-Energ\u00eda vital - Chi Heilung - international","isPartOf":{"@id":"https:\/\/chi-heilung.de\/#website"},"datePublished":"2020-10-22T07:09:57+00:00","dateModified":"2022-02-02T08:19:31+00:00","breadcrumb":{"@id":"https:\/\/chi-heilung.de\/es\/es-energia-vital\/#breadcrumb"},"inLanguage":"es","potentialAction":[{"@type":"ReadAction","target":["https:\/\/chi-heilung.de\/es\/es-energia-vital\/"]}]},{"@type":"BreadcrumbList","@id":"https:\/\/chi-heilung.de\/es\/es-energia-vital\/#breadcrumb","itemListElement":[{"@type":"ListItem","position":1,"name":"Startseite","item":"https:\/\/chi-heilung.de\/es\/"},{"@type":"ListItem","position":2,"name":"ES-Energ\u00eda vital"}]},{"@type":"WebSite","@id":"https:\/\/chi-heilung.de\/#website","url":"https:\/\/chi-heilung.de\/","name":"Chi Heilung - international","description":"Herzlich Willkommen","potentialAction":[{"@type":"SearchAction","target":{"@type":"EntryPoint","urlTemplate":"https:\/\/chi-heilung.de\/?s={search_term_string}"},"query-input":{"@type":"PropertyValueSpecification","valueRequired":true,"valueName":"search_term_string"}}],"inLanguage":"es"}]}},"_links":{"self":[{"href":"https:\/\/chi-heilung.de\/es\/wp-json\/wp\/v2\/pages\/32663","targetHints":{"allow":["GET"]}}],"collection":[{"href":"https:\/\/chi-heilung.de\/es\/wp-json\/wp\/v2\/pages"}],"about":[{"href":"https:\/\/chi-heilung.de\/es\/wp-json\/wp\/v2\/types\/page"}],"author":[{"embeddable":true,"href":"https:\/\/chi-heilung.de\/es\/wp-json\/wp\/v2\/users\/1"}],"replies":[{"embeddable":true,"href":"https:\/\/chi-heilung.de\/es\/wp-json\/wp\/v2\/comments?post=32663"}],"version-history":[{"count":9,"href":"https:\/\/chi-heilung.de\/es\/wp-json\/wp\/v2\/pages\/32663\/revisions"}],"predecessor-version":[{"id":45219,"href":"https:\/\/chi-heilung.de\/es\/wp-json\/wp\/v2\/pages\/32663\/revisions\/45219"}],"wp:attachment":[{"href":"https:\/\/chi-heilung.de\/es\/wp-json\/wp\/v2\/media?parent=32663"}],"curies":[{"name":"wp","href":"https:\/\/api.w.org\/{rel}","templated":true}]}}