{"id":35637,"date":"2016-12-14T22:14:37","date_gmt":"2020-11-05T16:22:37","guid":{"rendered":"https:\/\/chi-heilung.de\/?post_type=product&#038;p=35637"},"modified":"2020-11-11T14:42:31","modified_gmt":"2020-11-11T13:42:31","slug":"es-microsistema-chi-naranja-o-34-cm","status":"publish","type":"product","link":"https:\/\/chi-heilung.de\/es\/produkt\/es-microsistema-chi-naranja-o-34-cm\/","title":{"rendered":"ES &#8211; Microsistema Chi Naranja (\u00d8: 34 cm)"},"content":{"rendered":"<p><iframe loading=\"lazy\" src=\"https:\/\/www.youtube.com\/embed\/8GHghWYPq_w?rel=0\" width=\"560\" height=\"315\" frameborder=\"0\" allowfullscreen=\"allowfullscreen\"><\/iframe><\/p>\n<h4 style=\"text-align: center;\"><\/h4>\n<h4 style=\"text-align: center;\">Microsistema Chi Naranja<br \/>\nDi\u00e1metro: 34 cm<\/h4>\n<p>&nbsp;<\/p>\n<h3 align=\"center\">Microsistema Chi Naranja<\/h3>\n<p>Seg\u00fan su frecuencia, la energ\u00eda naranja del segundo chakra es como una llama et\u00e9rica. Arde como nuestro \u00abcalor interior\u00bb, la incandescencia del cuerpo, estrechamente vinculada a la respuesta inmune. No en vano, nuestra temperatura corporal aumenta con el incremento de la respuesta inmunol\u00f3gica, la fiebre. Si, por el contrario \u00abnos acatarramos\u00bb, el calor interior ser\u00e1 demasiado d\u00e9bil. El sistema inmunol\u00f3gico y el fuego interior pr\u00e1cticamente no pueden separarse el uno del otro. Si reforzamos esta frecuencia en el cuerpo, se calentar\u00e1 y se sanar\u00e1 desde dentro. Los huesos se densificar\u00e1n, las articulaciones adquirir\u00e1n una mayor flexibilidad y aumentar\u00e1n las defensas inmunitarias. Pero el Sistema Chi Naranja a\u00fan puede hacer m\u00e1s. La frecuencia con la que hemos dotado a este sistema equilibra hasta cierto punto la informaci\u00f3n personal del cuerpo. Como sabemos desde hace poco, la conciencia humana puede afectar al soporte de informaci\u00f3n de la vida, el ADN. El Sistema Chi Naranja contribuye a que el cuerpo desactive los genes perjudiciales para el ADN y a que active los beneficiosos. Diez minutos ser\u00e1n suficientes. El peque\u00f1o Sistema Vital (34 cm), empleado bajo la cama, promueve la curaci\u00f3n durante el sue\u00f1o y la regeneraci\u00f3n del cuerpo.<\/p>\n<p>&nbsp;<\/p>\n<h3 style=\"text-align: center;\">Sistema Chi<\/h3>\n<p style=\"text-align: center;\">As\u00ed como existe una salud, existe tan solo una enfermedad<br \/>\nque se manifiesta en numerosos s\u00edntomas diferentes.<br \/>\nSanaci\u00f3n en el origen de su ser<\/p>\n<p>&nbsp;<\/p>\n<p>M\u00e1s de la mitad de las personas se quejan de cansancio persistente y un cuarto, de agotamiento cr\u00f3nico. De la misma manera que los virus, el estr\u00e9s y la sensaci\u00f3n de agobio se propagan.<br \/>\nProcurarnos este \u00aboasis de paz\u00bb, proporcionarse a uno mismo unos cuantos minutos de tranquilidad es el mejor medicamento que existe. Con el Sistema Chi, la meditaci\u00f3n ha llegado a otro nivel. Nuestros productos ofrecen acceso a las meditaciones de sanaci\u00f3n profunda, incluso para quien no tenga pr\u00e1ctica. El Sistema Chi acompasa el sistema energ\u00e9tico y reproduce la claridad de las sensaciones como un diapas\u00f3n. De la misma manera que el Sistema Chi vibra, el amor, la alegr\u00eda y la salud resuenan. El canto del alma vuelve a su pureza.<\/p>\n<p>Son muchos los a\u00f1os de experiencia y evoluci\u00f3n en el trabajo con la energ\u00eda los que han permitido crear este revolucionario sistema. El Sistema Chi otorga una forma a la energ\u00eda y permite que esta la recorra intensamente.<br \/>\nEl Sistema Chi libera la energ\u00eda del cuerpo de la misma manera que el hielo se derrite en el agua y permite que esta energ\u00eda fluya en corrientes naturales. Las funciones corporales se armonizan, las c\u00e9lulas se reavivan y obtienen un mejor aprovisionamiento, los procesos de sanaci\u00f3n se ponen en marcha. El incremento de la energ\u00eda vital se demuestra con los m\u00e9todos de medici\u00f3n energ\u00e9tica. La sensaci\u00f3n es como sumergirse en la fuente de la juventud.<br \/>\nReg\u00e1lese y reg\u00e1lele cada d\u00eda esta hermosa sensaci\u00f3n a sus c\u00e9lulas y a su cuerpo energ\u00e9tico al permitir la inmersi\u00f3n en el propio vigor del alma.<\/p>\n<p>&nbsp;<\/p>\n<h3 style=\"text-align: center;\">\u00bfComo funciona?<\/h3>\n<p>El Sistema Chi otorga una forma a la energ\u00eda y permite que esta la recorra intensamente. El sistema no puede generar o crear energ\u00eda vital, lo que tampoco es necesario. Cada ser, cada animal y cada persona disponen de m\u00e1s energ\u00eda de la que puedan necesitar. El Sistema Chi libera esta energ\u00eda latente y permite que fluya en corrientes naturales, como el agua.<br \/>\nEl estilo del Sistema Chi es como un holograma. Emite una forma y una frecuencia energ\u00e9ticas por las cuales la energ\u00eda, siempre presente en el espacio, se ordena. Su frecuencia activa los chakras, armoniza los meridianos y, con ellos, los procesos org\u00e1nicos y el sistema inmunol\u00f3gico. Permite que los impulsos de sanaci\u00f3n fluyan por el cuerpo para proveerle de mayor energ\u00eda durante el d\u00eda a d\u00eda.<\/p>\n<p>El Sistema Chi libera y armoniza la energ\u00eda. Para la energ\u00eda corporal tiene el efecto de un diapas\u00f3n. Es como un metr\u00f3nomo para el biorritmo. Sin fuentes energ\u00e9ticas el\u00e9ctricas y, por lo tanto, sin alectromagnetismo, se ofrece la posibilidad de sanar, purificar y fortalecer la energ\u00eda corporal. El modelo hologr\u00e1fico de la f\u00edsica cu\u00e1ntica fue su inspiraci\u00f3n. En las personas, el campo cu\u00e1ntico del Sistema Chi activa los chakras y el campo energ\u00e9tico de sus c\u00e9lulas. Al igual que un diapas\u00f3n, nos da el tono perfecto. Tan solo 5 minutos son suficientes para sentirse fresco y lleno de energ\u00eda.<\/p>\n<p>El campo de aplicaci\u00f3n es muy amplio. Las personas que gozan de salud emplean el Sistema Chi como una profilaxis, en casos de s\u00edndrome de Burnout, depresiones y dolencias ps\u00edquicas. Las personas que ya padecen enfermedades podr\u00e1n curarse m\u00e1s r\u00e1pidamente con este sistema. Permite que los ni\u00f1os equilibren sus faltas de armon\u00eda antes de que estas se tornen f\u00edsicas. El Sistema Chi es \u00faltil incluso para los animales dom\u00e9sticos. Este tratamiento de gran calidad ser\u00e1 perfecto para consultas de sanaci\u00f3n y consultas m\u00e9dicas, para centros deportivos y de fitness, etc.<\/p>\n<p>&nbsp;<\/p>\n<h3 style=\"text-align: center;\">Pruebe el Chi-System sin compromiso<\/h3>\n<p style=\"text-align: justify;\">Para promover la difusi\u00f3n de nuestro sistema, ofrecemos las tablas m\u00e1s peque\u00f1as a un precio que queda incluso por debajo del coste de producci\u00f3n. Simplemente para que todo el mundo pueda sacar partido de este sistema. Deseamos asimismo que quede satisfecho con nuestro producto. Por esta raz\u00f3n ofrecemos nuestro sistema con un plazo de devoluci\u00f3n de 2 semanas. Sencillamente pru\u00e9belo sin compromiso y conv\u00e9nzase a s\u00ed mismo.<\/p>\n<p>&nbsp;<\/p>\n<p style=\"text-align: justify;\"><strong>Microsistema Chi Naranja<\/strong><br \/>\n<strong>Di\u00e1metro: 34 cm<\/strong><br \/>\n<strong>Radio de acci\u00f3n: 90 cm<\/strong><br \/>\n<strong>Precio: 600 \u20ac<\/strong><\/p>\n<p style=\"text-align: justify;\">Estamos todos entusiasmados con lo que este novedoso sistema permite que hagamos e impulsemos juntos por la salud las personas y, adem\u00e1s, por la salud del mundo.<\/p>\n<p style=\"text-align: justify;\">Un cari\u00f1oso saludo,<\/p>\n<p style=\"text-align: justify;\">Harmut Lohmann<\/p>\n<p>&nbsp;<\/p>\n<h3 align=\"CENTER\">Retroalimentaci\u00f3n<\/h3>\n<p><em>\u00abNo me lo hubiera cre\u00eddo, pero este producto cumple lo que promete\u2026 Despu\u00e9s de pr\u00e1cticamente cinco a\u00f1os de dolor cr\u00f3nico con dificultades para respirar y un sinn\u00famero de caras terapias, este sistema ha sido el primero y el \u00fanico que me ha ayudado de una manera sostenida&#8230;\u00bb.<\/em><br \/>\n<em>Nadine R.<\/em><\/p>\n<p><em>\u00abHola, toda mi familia emplea el Sistema Vital para mantenerse en forma. Despu\u00e9s de cada breve \u00absesi\u00f3n\u00bb nos sentimos como si hubi\u00e9semos tenido un sue\u00f1o reparador, muy relajados. Es impresionante lo r\u00e1pido que se obtiene esta sensaci\u00f3n de serenidad. Solo podemos recomendarlo, \u00a1es genial!\u00bb<\/em><i><br \/>\n<em>Torben und Lena B.<\/em><\/i><\/p>\n<p>&nbsp;<\/p>\n<h6 style=\"text-align: center;\">Advertencia legal<\/h6>\n<h6 style=\"text-align: justify;\">Esta innovadora tecnolog\u00eda a\u00fan no cuenta con la plena aprobaci\u00f3n de la comunidad cient\u00edfica. Por esta raz\u00f3n, estamos obligados a informar de que nuestros productos, seg\u00fan los actuales conocimientos cient\u00edficos, no producir\u00e1n efectos curativos. En consecuencia, el Sistema Chi no constituye ning\u00fan producto curativo avalado por la medicina convencional y nosotros no podemos garantizar la curaci\u00f3n. El uso de los Sistema Chi no incluye ninguna terapia m\u00e9dica ni sustituye a ninguna consulta m\u00e9dica.<\/h6>\n<p>&nbsp;<\/p>\n","protected":false},"excerpt":{"rendered":"<p>Microsistema Chi Naranja Di\u00e1metro: 34 cm &nbsp; Microsistema Chi Naranja Seg\u00fan su frecuencia, la energ\u00eda naranja del segundo chakra es como una llama et\u00e9rica. Arde como nuestro \u00abcalor interior\u00bb, la incandescencia del cuerpo, estrechamente vinculada a la respuesta inmune. No en vano, nuestra temperatura corporal aumenta con el incremento de la respuesta inmunol\u00f3gica, la fiebre.&hellip;<\/p>\n","protected":false},"featured_media":30404,"template":"","meta":{"_monsterinsights_skip_tracking":false,"_monsterinsights_sitenote_active":false,"_monsterinsights_sitenote_note":"","_monsterinsights_sitenote_category":0,"h5ap_radio_sources":[]},"product_brand":[],"product_cat":[253],"product_tag":[],"class_list":{"0":"post-35637","1":"product","2":"type-product","3":"status-publish","4":"has-post-thumbnail","6":"product_cat-sistema-chi","7":"entry","8":"has-media","10":"first","11":"instock","12":"taxable","13":"shipping-taxable","14":"purchasable","15":"product-type-simple"},"yoast_head":"<!-- This site is optimized with the Yoast SEO plugin v27.0 - https:\/\/yoast.com\/product\/yoast-seo-wordpress\/ -->\n<title>ES - Microsistema Chi Naranja (\u00d8: 34 cm) - Chi Heilung - international<\/title>\n<meta name=\"robots\" content=\"index, follow, max-snippet:-1, max-image-preview:large, max-video-preview:-1\" \/>\n<link rel=\"canonical\" href=\"https:\/\/chi-heilung.de\/es\/produkt\/es-microsistema-chi-naranja-o-34-cm\/\" \/>\n<meta property=\"og:locale\" content=\"es_ES\" \/>\n<meta property=\"og:type\" content=\"article\" \/>\n<meta property=\"og:title\" content=\"ES - Microsistema Chi Naranja (\u00d8: 34 cm) - Chi Heilung - international\" \/>\n<meta property=\"og:description\" content=\"Microsistema Chi Naranja Di\u00e1metro: 34 cm &nbsp; Microsistema Chi Naranja Seg\u00fan su frecuencia, la energ\u00eda naranja del segundo chakra es como una llama et\u00e9rica. Arde como nuestro \u00abcalor interior\u00bb, la incandescencia del cuerpo, estrechamente vinculada a la respuesta inmune. No en vano, nuestra temperatura corporal aumenta con el incremento de la respuesta inmunol\u00f3gica, la fiebre.&hellip;\" \/>\n<meta property=\"og:url\" content=\"https:\/\/chi-heilung.de\/es\/produkt\/es-microsistema-chi-naranja-o-34-cm\/\" \/>\n<meta property=\"og:site_name\" content=\"Chi Heilung - international\" \/>\n<meta property=\"article:modified_time\" content=\"2020-11-11T13:42:31+00:00\" \/>\n<meta property=\"og:image\" content=\"https:\/\/chi-heilung.de\/wp-content\/uploads\/2020\/07\/chi_spot_orange.jpg\" \/>\n\t<meta property=\"og:image:width\" content=\"250\" \/>\n\t<meta property=\"og:image:height\" content=\"250\" \/>\n\t<meta property=\"og:image:type\" content=\"image\/jpeg\" \/>\n<meta name=\"twitter:card\" content=\"summary_large_image\" \/>\n<meta name=\"twitter:label1\" content=\"Tiempo de lectura\" \/>\n\t<meta name=\"twitter:data1\" content=\"6 minutos\" \/>\n<script type=\"application\/ld+json\" class=\"yoast-schema-graph\">{\"@context\":\"https:\/\/schema.org\",\"@graph\":[{\"@type\":\"WebPage\",\"@id\":\"https:\/\/chi-heilung.de\/es\/produkt\/es-microsistema-chi-naranja-o-34-cm\/\",\"url\":\"https:\/\/chi-heilung.de\/es\/produkt\/es-microsistema-chi-naranja-o-34-cm\/\",\"name\":\"ES - Microsistema Chi Naranja (\u00d8: 34 cm) - Chi Heilung - international\",\"isPartOf\":{\"@id\":\"https:\/\/chi-heilung.de\/#website\"},\"primaryImageOfPage\":{\"@id\":\"https:\/\/chi-heilung.de\/es\/produkt\/es-microsistema-chi-naranja-o-34-cm\/#primaryimage\"},\"image\":{\"@id\":\"https:\/\/chi-heilung.de\/es\/produkt\/es-microsistema-chi-naranja-o-34-cm\/#primaryimage\"},\"thumbnailUrl\":\"https:\/\/chi-heilung.de\/wp-content\/uploads\/2020\/07\/chi_spot_orange.jpg\",\"datePublished\":\"2020-11-05T16:22:37+00:00\",\"dateModified\":\"2020-11-11T13:42:31+00:00\",\"breadcrumb\":{\"@id\":\"https:\/\/chi-heilung.de\/es\/produkt\/es-microsistema-chi-naranja-o-34-cm\/#breadcrumb\"},\"inLanguage\":\"es\",\"potentialAction\":[{\"@type\":\"ReadAction\",\"target\":[\"https:\/\/chi-heilung.de\/es\/produkt\/es-microsistema-chi-naranja-o-34-cm\/\"]}]},{\"@type\":\"ImageObject\",\"inLanguage\":\"es\",\"@id\":\"https:\/\/chi-heilung.de\/es\/produkt\/es-microsistema-chi-naranja-o-34-cm\/#primaryimage\",\"url\":\"https:\/\/chi-heilung.de\/wp-content\/uploads\/2020\/07\/chi_spot_orange.jpg\",\"contentUrl\":\"https:\/\/chi-heilung.de\/wp-content\/uploads\/2020\/07\/chi_spot_orange.jpg\",\"width\":250,\"height\":250,\"caption\":\"Oranger Chi-Spot (\u00d8: 34 cm)\"},{\"@type\":\"BreadcrumbList\",\"@id\":\"https:\/\/chi-heilung.de\/es\/produkt\/es-microsistema-chi-naranja-o-34-cm\/#breadcrumb\",\"itemListElement\":[{\"@type\":\"ListItem\",\"position\":1,\"name\":\"Startseite\",\"item\":\"https:\/\/chi-heilung.de\/es\/\"},{\"@type\":\"ListItem\",\"position\":2,\"name\":\"Tienda\",\"item\":\"https:\/\/chi-heilung.de\/shop2\/\"},{\"@type\":\"ListItem\",\"position\":3,\"name\":\"ES &#8211; Microsistema Chi Naranja (\u00d8: 34 cm)\"}]},{\"@type\":\"WebSite\",\"@id\":\"https:\/\/chi-heilung.de\/#website\",\"url\":\"https:\/\/chi-heilung.de\/\",\"name\":\"Chi Heilung - international\",\"description\":\"Herzlich Willkommen\",\"potentialAction\":[{\"@type\":\"SearchAction\",\"target\":{\"@type\":\"EntryPoint\",\"urlTemplate\":\"https:\/\/chi-heilung.de\/?s={search_term_string}\"},\"query-input\":{\"@type\":\"PropertyValueSpecification\",\"valueRequired\":true,\"valueName\":\"search_term_string\"}}],\"inLanguage\":\"es\"}]}<\/script>\n<!-- \/ Yoast SEO plugin. -->","yoast_head_json":{"title":"ES - Microsistema Chi Naranja (\u00d8: 34 cm) - Chi Heilung - international","robots":{"index":"index","follow":"follow","max-snippet":"max-snippet:-1","max-image-preview":"max-image-preview:large","max-video-preview":"max-video-preview:-1"},"canonical":"https:\/\/chi-heilung.de\/es\/produkt\/es-microsistema-chi-naranja-o-34-cm\/","og_locale":"es_ES","og_type":"article","og_title":"ES - Microsistema Chi Naranja (\u00d8: 34 cm) - Chi Heilung - international","og_description":"Microsistema Chi Naranja Di\u00e1metro: 34 cm &nbsp; Microsistema Chi Naranja Seg\u00fan su frecuencia, la energ\u00eda naranja del segundo chakra es como una llama et\u00e9rica. Arde como nuestro \u00abcalor interior\u00bb, la incandescencia del cuerpo, estrechamente vinculada a la respuesta inmune. No en vano, nuestra temperatura corporal aumenta con el incremento de la respuesta inmunol\u00f3gica, la fiebre.&hellip;","og_url":"https:\/\/chi-heilung.de\/es\/produkt\/es-microsistema-chi-naranja-o-34-cm\/","og_site_name":"Chi Heilung - international","article_modified_time":"2020-11-11T13:42:31+00:00","og_image":[{"width":250,"height":250,"url":"https:\/\/chi-heilung.de\/wp-content\/uploads\/2020\/07\/chi_spot_orange.jpg","type":"image\/jpeg"}],"twitter_card":"summary_large_image","twitter_misc":{"Tiempo de lectura":"6 minutos"},"schema":{"@context":"https:\/\/schema.org","@graph":[{"@type":"WebPage","@id":"https:\/\/chi-heilung.de\/es\/produkt\/es-microsistema-chi-naranja-o-34-cm\/","url":"https:\/\/chi-heilung.de\/es\/produkt\/es-microsistema-chi-naranja-o-34-cm\/","name":"ES - Microsistema Chi Naranja (\u00d8: 34 cm) - Chi Heilung - international","isPartOf":{"@id":"https:\/\/chi-heilung.de\/#website"},"primaryImageOfPage":{"@id":"https:\/\/chi-heilung.de\/es\/produkt\/es-microsistema-chi-naranja-o-34-cm\/#primaryimage"},"image":{"@id":"https:\/\/chi-heilung.de\/es\/produkt\/es-microsistema-chi-naranja-o-34-cm\/#primaryimage"},"thumbnailUrl":"https:\/\/chi-heilung.de\/wp-content\/uploads\/2020\/07\/chi_spot_orange.jpg","datePublished":"2020-11-05T16:22:37+00:00","dateModified":"2020-11-11T13:42:31+00:00","breadcrumb":{"@id":"https:\/\/chi-heilung.de\/es\/produkt\/es-microsistema-chi-naranja-o-34-cm\/#breadcrumb"},"inLanguage":"es","potentialAction":[{"@type":"ReadAction","target":["https:\/\/chi-heilung.de\/es\/produkt\/es-microsistema-chi-naranja-o-34-cm\/"]}]},{"@type":"ImageObject","inLanguage":"es","@id":"https:\/\/chi-heilung.de\/es\/produkt\/es-microsistema-chi-naranja-o-34-cm\/#primaryimage","url":"https:\/\/chi-heilung.de\/wp-content\/uploads\/2020\/07\/chi_spot_orange.jpg","contentUrl":"https:\/\/chi-heilung.de\/wp-content\/uploads\/2020\/07\/chi_spot_orange.jpg","width":250,"height":250,"caption":"Oranger Chi-Spot (\u00d8: 34 cm)"},{"@type":"BreadcrumbList","@id":"https:\/\/chi-heilung.de\/es\/produkt\/es-microsistema-chi-naranja-o-34-cm\/#breadcrumb","itemListElement":[{"@type":"ListItem","position":1,"name":"Startseite","item":"https:\/\/chi-heilung.de\/es\/"},{"@type":"ListItem","position":2,"name":"Tienda","item":"https:\/\/chi-heilung.de\/shop2\/"},{"@type":"ListItem","position":3,"name":"ES &#8211; Microsistema Chi Naranja (\u00d8: 34 cm)"}]},{"@type":"WebSite","@id":"https:\/\/chi-heilung.de\/#website","url":"https:\/\/chi-heilung.de\/","name":"Chi Heilung - international","description":"Herzlich Willkommen","potentialAction":[{"@type":"SearchAction","target":{"@type":"EntryPoint","urlTemplate":"https:\/\/chi-heilung.de\/?s={search_term_string}"},"query-input":{"@type":"PropertyValueSpecification","valueRequired":true,"valueName":"search_term_string"}}],"inLanguage":"es"}]}},"_links":{"self":[{"href":"https:\/\/chi-heilung.de\/es\/wp-json\/wp\/v2\/product\/35637","targetHints":{"allow":["GET"]}}],"collection":[{"href":"https:\/\/chi-heilung.de\/es\/wp-json\/wp\/v2\/product"}],"about":[{"href":"https:\/\/chi-heilung.de\/es\/wp-json\/wp\/v2\/types\/product"}],"wp:featuredmedia":[{"embeddable":true,"href":"https:\/\/chi-heilung.de\/es\/wp-json\/wp\/v2\/media\/30404"}],"wp:attachment":[{"href":"https:\/\/chi-heilung.de\/es\/wp-json\/wp\/v2\/media?parent=35637"}],"wp:term":[{"taxonomy":"product_brand","embeddable":true,"href":"https:\/\/chi-heilung.de\/es\/wp-json\/wp\/v2\/product_brand?post=35637"},{"taxonomy":"product_cat","embeddable":true,"href":"https:\/\/chi-heilung.de\/es\/wp-json\/wp\/v2\/product_cat?post=35637"},{"taxonomy":"product_tag","embeddable":true,"href":"https:\/\/chi-heilung.de\/es\/wp-json\/wp\/v2\/product_tag?post=35637"}],"curies":[{"name":"wp","href":"https:\/\/api.w.org\/{rel}","templated":true}]}}