{"id":32740,"date":"2020-10-22T14:20:56","date_gmt":"2020-10-22T12:20:56","guid":{"rendered":"https:\/\/chi-heilung.de\/?page_id=32740"},"modified":"2022-02-02T09:19:55","modified_gmt":"2022-02-02T08:19:55","slug":"ro-energia-vietii","status":"publish","type":"page","link":"https:\/\/chi-heilung.de\/ro\/ro-energia-vietii\/","title":{"rendered":"RO-Energia vie\u021bii"},"content":{"rendered":"<div class=\"wpb-content-wrapper\">[vc_row full_width=&#8221;stretch_row&#8221; content_placement=&#8221;middle&#8221; gap=&#8221;10&#8243; equal_height=&#8221;yes&#8221; min_height=&#8221;50vh&#8221; css=&#8221;.vc_custom_1595485693960{background-color: rgba(255,255,255,0.01) !important;*background-color: rgb(255,255,255) !important;}&#8221;][vc_column]<div class=\"vcex-spacing wpex-w-100 wpex-clear\" style=\"height:40px;\"><\/div>[vc_column_text color=&#8221;#77080d&#8221; font_size=&#8221;d:20|tl:18|tp:18|pl:18|pp:18&#8243;]\n<h2>Ce este energia vie\u021bii?<\/h2>\n[\/vc_column_text]<div class=\"vcex-spacing wpex-w-100 wpex-clear\" style=\"height:20px;\"><\/div>[vc_separator color=&#8221;custom&#8221; align=&#8221;align_left&#8221; el_width=&#8221;80&#8243; accent_color=&#8221;#77080d&#8221;]<div class=\"vcex-spacing wpex-w-100 wpex-clear\" style=\"height:40px;\"><\/div>[vc_column_text color=&#8221;#000000&#8243;]Chi, Prana, Orgon sau pur \u0219i simplu energia vie\u021bii este cunoscut\u0103 omenirii de cel pu\u021bin 7.000 de ani. Este mult mai mult dec\u00e2t pur\u0103 vitalitate. Este energia con\u0219tiin\u021bei noastre cosmice \u0219i astfel con\u0219tiin\u021ba \u00een forma sa energetic\u0103.<\/p>\n<p>Ca s\u0103 dea form\u0103 unui urcior, olarul trebuie s\u0103-\u0219i imagineze forma urciorului \u00een mintea sa. \u00cen mod asem\u0103n\u0103tor, con\u0219tiin\u021ba noastr\u0103 se formeaz\u0103 mai \u00eent\u00e2i cu ajutorul energiei, iar dup\u0103 aceea prin sentimente \u0219i g\u00e2nduri. Chi este puterea de modelare a con\u0219tiin\u021bei tale, iar toate suferin\u021bele tale le po\u021bi schimba chiar tu.<\/p>\n<p>De\u0219i este vizibil\u0103 pentru unii \u0219i imperceptibil\u0103 pentru al\u021bii, energia Chi se reg\u0103se\u0219te \u00een noi to\u021bi. O perturbare grav\u0103 a for\u021belor tale \u00ee\u021bi sl\u0103be\u0219te vitalitatea \u0219i duce la apari\u021bia bolilor sau la deces. Energia Chi trebuie s\u0103 curg\u0103 prin tine lin, colorat \u0219i armonios. Nici prea repede, nici prea \u00eencet. Dac\u0103 organele acumuleaz\u0103 prea mult Chi sau nu au suficient Chi, atunci apare boala, fie aceasta fizic\u0103 sau psihic\u0103. Terapiile noastre au ca scop \u00eenl\u0103turarea acestor blocaje.<br \/>\n[\/vc_column_text]<div class=\"vcex-spacing wpex-w-100 wpex-clear\" style=\"height:50px;\"><\/div>[\/vc_column][\/vc_row][vc_row css_animation=&#8221;none&#8221; full_width=&#8221;stretch_row_content&#8221; content_placement=&#8221;middle&#8221; parallax=&#8221;vcex_parallax&#8221; parallax_image=&#8221;31369&#8243; wpex_bg_overlay=&#8221;color&#8221; parallax_direction=&#8221;down&#8221; wpex_shape_divider_top=&#8221;waves&#8221; wpex_shape_divider_top_flip=&#8221;true&#8221; wpex_shape_divider_bottom=&#8221;waves&#8221; min_height=&#8221;50vh&#8221; el_id=&#8221;topcontainer&#8221; parallax_speed=&#8221;0.5&#8243; wpex_bg_overlay_color=&#8221;#000000&#8243; wpex_bg_overlay_opacity=&#8221;0.5&#8243; wpex_shape_divider_top_color=&#8221;rgba(255,255,255,0.49)&#8221; wpex_shape_divider_top_height=&#8221;80&#8243; wpex_shape_divider_top_width=&#8221;100&#8243; wpex_shape_divider_bottom_color=&#8221;rgba(255,255,255,0.49)&#8221; wpex_shape_divider_bottom_height=&#8221;100&#8243; wpex_shape_divider_bottom_width=&#8221;100&#8243;][vc_column]<div class=\"vcex-spacing wpex-w-100 wpex-clear\" style=\"height:90px;\"><\/div><style>.vcex-heading.vcex_69d8ec85e0454{color:#daa520;}<\/style><h2 class=\"vcex-heading vcex-heading-plain vcex-module wpex-heading wpex-text-2xl wpex-text-center vcex_69d8ec85e0454\"><span class=\"vcex-heading-inner wpex-inline-block\">Programa\u021bi acum o consulta\u021bie<\/span><\/h2><div class=\"vcex-spacing wpex-w-100 wpex-clear\" style=\"height:60px;\"><\/div><style>.vcex-heading.vcex_69d8ec85e0960{color:#ffffff;}<\/style><h3 class=\"vcex-heading vcex-heading-plain vcex-module wpex-heading wpex-text-2xl wpex-text-center vcex_69d8ec85e0960\"><span class=\"vcex-heading-inner wpex-inline-block\">individual | personal | curativ<\/span><\/h3><div class=\"vcex-spacing wpex-w-100 wpex-clear\" style=\"height:60px;\"><\/div>[vc_btn title=&#8221;Programare consulta\u021bie&#8221; style=&#8221;outline-custom&#8221; outline_custom_color=&#8221;#daa520&#8243; outline_custom_hover_background=&#8221;#daa520&#8243; outline_custom_hover_text=&#8221;#ffffff&#8221; shape=&#8221;square&#8221; size=&#8221;lg&#8221; align=&#8221;center&#8221; i_icon_fontawesome=&#8221;fas fa-angle-right&#8221; add_icon=&#8221;true&#8221; link=&#8221;url:https%3A%2F%2Fchi-heilung.de%2Fro%2Fro-home%2F%23kontakt|||&#8221; el_class=&#8221;local-scroll-link&#8221;]<div class=\"vcex-spacing wpex-w-100 wpex-clear\" style=\"height:90px;\"><\/div>[\/vc_column][\/vc_row][vc_row full_width=&#8221;stretch_row&#8221; content_placement=&#8221;middle&#8221; gap=&#8221;10&#8243; equal_height=&#8221;yes&#8221; min_height=&#8221;50vh&#8221;][vc_column]<div class=\"vcex-spacing wpex-w-100 wpex-clear\" style=\"height:40px;\"><\/div>[vc_column_text color=&#8221;#77080d&#8221; font_size=&#8221;d:20|tl:18|tp:18|pl:18|pp:18&#8243;]\n<h2>Sistemul energetic<\/h2>\n[\/vc_column_text]<div class=\"vcex-spacing wpex-w-100 wpex-clear\" style=\"height:20px;\"><\/div>[vc_separator color=&#8221;custom&#8221; align=&#8221;align_left&#8221; el_width=&#8221;80&#8243; accent_color=&#8221;#77080d&#8221;]<div class=\"vcex-spacing wpex-w-100 wpex-clear\" style=\"height:40px;\"><\/div>[vc_column_text color=&#8221;#000000&#8243;]S\u00e2ngele este \u00een str\u00e2ns\u0103 leg\u0103tur\u0103 cu energia Chi. Cel mai clar semn pentru acest lucru este prezen\u021ba sau absen\u021ba acestora din extremit\u0103\u021bi. Acolo unde este mult s\u00e2nge se reg\u0103se\u0219te \u0219i mult Chi. S\u00e2ngele nostru circul\u0103 printr-o re\u021bea de vase de s\u00e2nge, iar Chi-ul circul\u0103 \u00eentr-o re\u021bea de vase Chi, \u0219i anume meridianele. Cele dou\u0103 circuite ne \u021bin \u00een via\u021b\u0103, unul este material, iar cel\u0103lalt imaterial. Am\u00e2ndou\u0103 ne alimenteaz\u0103, cur\u0103\u021b\u0103 \u0219i repar\u0103 organismul, ne ap\u0103r\u0103 de influen\u021be negative \u0219i formeaz\u0103 canale noi prin care s\u0103 poat\u0103 curge, dac\u0103 unul existent este \u00eenfundat. Chi-ul este s\u00e2ngele nostru spiritual, poate clocoti, se poate acumula, se poate rev\u0103rsa \u0219i poate \u00eenchide r\u0103ni.<\/p>\n<p>Experien\u021bele nepl\u0103cute, ale c\u0103ror impulsuri (care de cele mai multe ori sunt agresive) nu le-am putut face fa\u021b\u0103, au l\u0103sat r\u0103ni \u0219i fisuri pe corpul nostru energetic. Experien\u021bele negative ne \u00eemboln\u0103vesc cu adev\u0103rat.<\/p>\n<p>Stima de sine reprezint\u0103 punctul central pe care se concentreaz\u0103 terapia Chi practicat\u0103 de Hartmut Lohmann. Eliberarea stimei de sine de vechile sale r\u0103ni emo\u021bionale este un pas important c\u0103tre vindecare. De prea multe ori stima de sine este \u00eenc\u0103rcat\u0103 de sentimente de inferioritate, iar acest lucru duce la apari\u021bia simptomelor \u0219i la auto-agresiune. Traumele suferite \u00een copil\u0103rie pot trena pe tot parcursul vie\u021bii dac\u0103 nu sunt rezolvate conflictele emo\u021bionale.<\/p>\n<p>Te ajut\u0103m cu cea mai mare pl\u0103cere s\u0103 \u00ee\u021bi vindeci stima de sine \u0219i te eliber\u0103m de vechile traume ale copil\u0103riei. Contacteaz\u0103-ne!<br \/>\n[\/vc_column_text]<div class=\"vcex-spacing wpex-w-100 wpex-clear\" style=\"height:50px;\"><\/div>[\/vc_column][\/vc_row]\n<\/div>","protected":false},"excerpt":{"rendered":"<p>[vc_row full_width=&#8221;stretch_row&#8221; content_placement=&#8221;middle&#8221; gap=&#8221;10&#8243; equal_height=&#8221;yes&#8221; min_height=&#8221;50vh&#8221; css=&#8221;.vc_custom_1595485693960{background-color: rgba(255,255,255,0.01) !important;*background-color: rgb(255,255,255) !important;}&#8221;][vc_column][vc_column_text color=&#8221;#77080d&#8221; font_size=&#8221;d:20|tl:18|tp:18|pl:18|pp:18&#8243;] Ce este energia vie\u021bii? [\/vc_column_text][vc_separator color=&#8221;custom&#8221; align=&#8221;align_left&#8221; el_width=&#8221;80&#8243; accent_color=&#8221;#77080d&#8221;][vc_column_text color=&#8221;#000000&#8243;]Chi, Prana, Orgon sau pur \u0219i simplu energia vie\u021bii este cunoscut\u0103 omenirii de cel pu\u021bin 7.000 de ani. Este mult mai mult dec\u00e2t pur\u0103 vitalitate. Este energia con\u0219tiin\u021bei noastre cosmice \u0219i astfel con\u0219tiin\u021ba&hellip;<\/p>\n","protected":false},"author":1,"featured_media":0,"parent":0,"menu_order":0,"comment_status":"closed","ping_status":"closed","template":"","meta":{"_monsterinsights_skip_tracking":false,"_monsterinsights_sitenote_active":false,"_monsterinsights_sitenote_note":"","_monsterinsights_sitenote_category":0,"h5ap_radio_sources":[],"footnotes":""},"class_list":["post-32740","page","type-page","status-publish","hentry","entry","no-media"],"yoast_head":"<!-- This site is optimized with the Yoast SEO plugin v27.0 - https:\/\/yoast.com\/product\/yoast-seo-wordpress\/ -->\n<title>RO-Energia vie\u021bii - Chi Heilung - international<\/title>\n<meta name=\"robots\" content=\"index, follow, max-snippet:-1, max-image-preview:large, max-video-preview:-1\" \/>\n<link rel=\"canonical\" href=\"https:\/\/chi-heilung.de\/ro\/ro-energia-vietii\/\" \/>\n<meta property=\"og:locale\" content=\"ro_RO\" \/>\n<meta property=\"og:type\" content=\"article\" \/>\n<meta property=\"og:title\" content=\"RO-Energia vie\u021bii - Chi Heilung - international\" \/>\n<meta property=\"og:description\" content=\"[vc_row full_width=&#8221;stretch_row&#8221; content_placement=&#8221;middle&#8221; gap=&#8221;10&#8243; equal_height=&#8221;yes&#8221; min_height=&#8221;50vh&#8221; css=&#8221;.vc_custom_1595485693960{background-color: rgba(255,255,255,0.01) !important;*background-color: rgb(255,255,255) !important;}&#8221;][vc_column][vc_column_text color=&#8221;#77080d&#8221; font_size=&#8221;d:20|tl:18|tp:18|pl:18|pp:18&#8243;] Ce este energia vie\u021bii? [\/vc_column_text][vc_separator color=&#8221;custom&#8221; align=&#8221;align_left&#8221; el_width=&#8221;80&#8243; accent_color=&#8221;#77080d&#8221;][vc_column_text color=&#8221;#000000&#8243;]Chi, Prana, Orgon sau pur \u0219i simplu energia vie\u021bii este cunoscut\u0103 omenirii de cel pu\u021bin 7.000 de ani. Este mult mai mult dec\u00e2t pur\u0103 vitalitate. Este energia con\u0219tiin\u021bei noastre cosmice \u0219i astfel con\u0219tiin\u021ba&hellip;\" \/>\n<meta property=\"og:url\" content=\"https:\/\/chi-heilung.de\/ro\/ro-energia-vietii\/\" \/>\n<meta property=\"og:site_name\" content=\"Chi Heilung - international\" \/>\n<meta property=\"article:modified_time\" content=\"2022-02-02T08:19:55+00:00\" \/>\n<meta name=\"twitter:card\" content=\"summary_large_image\" \/>\n<meta name=\"twitter:label1\" content=\"Timp estimat pentru citire\" \/>\n\t<meta name=\"twitter:data1\" content=\"4 minute\" \/>\n<script type=\"application\/ld+json\" class=\"yoast-schema-graph\">{\"@context\":\"https:\/\/schema.org\",\"@graph\":[{\"@type\":\"WebPage\",\"@id\":\"https:\/\/chi-heilung.de\/ro\/ro-energia-vietii\/\",\"url\":\"https:\/\/chi-heilung.de\/ro\/ro-energia-vietii\/\",\"name\":\"RO-Energia vie\u021bii - Chi Heilung - international\",\"isPartOf\":{\"@id\":\"https:\/\/chi-heilung.de\/#website\"},\"datePublished\":\"2020-10-22T12:20:56+00:00\",\"dateModified\":\"2022-02-02T08:19:55+00:00\",\"breadcrumb\":{\"@id\":\"https:\/\/chi-heilung.de\/ro\/ro-energia-vietii\/#breadcrumb\"},\"inLanguage\":\"ro-RO\",\"potentialAction\":[{\"@type\":\"ReadAction\",\"target\":[\"https:\/\/chi-heilung.de\/ro\/ro-energia-vietii\/\"]}]},{\"@type\":\"BreadcrumbList\",\"@id\":\"https:\/\/chi-heilung.de\/ro\/ro-energia-vietii\/#breadcrumb\",\"itemListElement\":[{\"@type\":\"ListItem\",\"position\":1,\"name\":\"Startseite\",\"item\":\"https:\/\/chi-heilung.de\/ro\/\"},{\"@type\":\"ListItem\",\"position\":2,\"name\":\"RO-Energia vie\u021bii\"}]},{\"@type\":\"WebSite\",\"@id\":\"https:\/\/chi-heilung.de\/#website\",\"url\":\"https:\/\/chi-heilung.de\/\",\"name\":\"Chi Heilung - international\",\"description\":\"Herzlich Willkommen\",\"potentialAction\":[{\"@type\":\"SearchAction\",\"target\":{\"@type\":\"EntryPoint\",\"urlTemplate\":\"https:\/\/chi-heilung.de\/?s={search_term_string}\"},\"query-input\":{\"@type\":\"PropertyValueSpecification\",\"valueRequired\":true,\"valueName\":\"search_term_string\"}}],\"inLanguage\":\"ro-RO\"}]}<\/script>\n<!-- \/ Yoast SEO plugin. -->","yoast_head_json":{"title":"RO-Energia vie\u021bii - Chi Heilung - international","robots":{"index":"index","follow":"follow","max-snippet":"max-snippet:-1","max-image-preview":"max-image-preview:large","max-video-preview":"max-video-preview:-1"},"canonical":"https:\/\/chi-heilung.de\/ro\/ro-energia-vietii\/","og_locale":"ro_RO","og_type":"article","og_title":"RO-Energia vie\u021bii - Chi Heilung - international","og_description":"[vc_row full_width=&#8221;stretch_row&#8221; content_placement=&#8221;middle&#8221; gap=&#8221;10&#8243; equal_height=&#8221;yes&#8221; min_height=&#8221;50vh&#8221; css=&#8221;.vc_custom_1595485693960{background-color: rgba(255,255,255,0.01) !important;*background-color: rgb(255,255,255) !important;}&#8221;][vc_column][vc_column_text color=&#8221;#77080d&#8221; font_size=&#8221;d:20|tl:18|tp:18|pl:18|pp:18&#8243;] Ce este energia vie\u021bii? [\/vc_column_text][vc_separator color=&#8221;custom&#8221; align=&#8221;align_left&#8221; el_width=&#8221;80&#8243; accent_color=&#8221;#77080d&#8221;][vc_column_text color=&#8221;#000000&#8243;]Chi, Prana, Orgon sau pur \u0219i simplu energia vie\u021bii este cunoscut\u0103 omenirii de cel pu\u021bin 7.000 de ani. Este mult mai mult dec\u00e2t pur\u0103 vitalitate. Este energia con\u0219tiin\u021bei noastre cosmice \u0219i astfel con\u0219tiin\u021ba&hellip;","og_url":"https:\/\/chi-heilung.de\/ro\/ro-energia-vietii\/","og_site_name":"Chi Heilung - international","article_modified_time":"2022-02-02T08:19:55+00:00","twitter_card":"summary_large_image","twitter_misc":{"Timp estimat pentru citire":"4 minute"},"schema":{"@context":"https:\/\/schema.org","@graph":[{"@type":"WebPage","@id":"https:\/\/chi-heilung.de\/ro\/ro-energia-vietii\/","url":"https:\/\/chi-heilung.de\/ro\/ro-energia-vietii\/","name":"RO-Energia vie\u021bii - Chi Heilung - international","isPartOf":{"@id":"https:\/\/chi-heilung.de\/#website"},"datePublished":"2020-10-22T12:20:56+00:00","dateModified":"2022-02-02T08:19:55+00:00","breadcrumb":{"@id":"https:\/\/chi-heilung.de\/ro\/ro-energia-vietii\/#breadcrumb"},"inLanguage":"ro-RO","potentialAction":[{"@type":"ReadAction","target":["https:\/\/chi-heilung.de\/ro\/ro-energia-vietii\/"]}]},{"@type":"BreadcrumbList","@id":"https:\/\/chi-heilung.de\/ro\/ro-energia-vietii\/#breadcrumb","itemListElement":[{"@type":"ListItem","position":1,"name":"Startseite","item":"https:\/\/chi-heilung.de\/ro\/"},{"@type":"ListItem","position":2,"name":"RO-Energia vie\u021bii"}]},{"@type":"WebSite","@id":"https:\/\/chi-heilung.de\/#website","url":"https:\/\/chi-heilung.de\/","name":"Chi Heilung - international","description":"Herzlich Willkommen","potentialAction":[{"@type":"SearchAction","target":{"@type":"EntryPoint","urlTemplate":"https:\/\/chi-heilung.de\/?s={search_term_string}"},"query-input":{"@type":"PropertyValueSpecification","valueRequired":true,"valueName":"search_term_string"}}],"inLanguage":"ro-RO"}]}},"_links":{"self":[{"href":"https:\/\/chi-heilung.de\/ro\/wp-json\/wp\/v2\/pages\/32740","targetHints":{"allow":["GET"]}}],"collection":[{"href":"https:\/\/chi-heilung.de\/ro\/wp-json\/wp\/v2\/pages"}],"about":[{"href":"https:\/\/chi-heilung.de\/ro\/wp-json\/wp\/v2\/types\/page"}],"author":[{"embeddable":true,"href":"https:\/\/chi-heilung.de\/ro\/wp-json\/wp\/v2\/users\/1"}],"replies":[{"embeddable":true,"href":"https:\/\/chi-heilung.de\/ro\/wp-json\/wp\/v2\/comments?post=32740"}],"version-history":[{"count":9,"href":"https:\/\/chi-heilung.de\/ro\/wp-json\/wp\/v2\/pages\/32740\/revisions"}],"predecessor-version":[{"id":45220,"href":"https:\/\/chi-heilung.de\/ro\/wp-json\/wp\/v2\/pages\/32740\/revisions\/45220"}],"wp:attachment":[{"href":"https:\/\/chi-heilung.de\/ro\/wp-json\/wp\/v2\/media?parent=32740"}],"curies":[{"name":"wp","href":"https:\/\/api.w.org\/{rel}","templated":true}]}}