{"id":32744,"date":"2020-10-22T14:35:05","date_gmt":"2020-10-22T12:35:05","guid":{"rendered":"https:\/\/chi-heilung.de\/?page_id=32744"},"modified":"2022-02-02T10:30:57","modified_gmt":"2022-02-02T09:30:57","slug":"ro-practica","status":"publish","type":"page","link":"https:\/\/chi-heilung.de\/ro\/ro-practica\/","title":{"rendered":"RO-Practica"},"content":{"rendered":"<div class=\"wpb-content-wrapper\">[vc_row full_width=&#8221;stretch_row&#8221; content_placement=&#8221;middle&#8221;][vc_column]<div class=\"vcex-spacing wpex-w-100 wpex-clear\" style=\"height:40px;\"><\/div>[vc_column_text color=&#8221;#77080d&#8221; font_size=&#8221;d:20|tl:18|tp:18|pl:18|pp:18&#8243; text_align=&#8221;left&#8221;]\n<h2>Cabinetul nostru<\/h2>\n[\/vc_column_text][vc_column_text color=&#8221;#000000&#8243;]Terapiile la distan\u021b\u0103 sunt la fel de eficiente ca terapiile fa\u021b\u0103 \u00een fa\u021b\u0103. Renumele terapiilor noastre Chi s-a \u00eentins deja p\u00e2n\u0103 \u00een China \u0219i a dep\u0103\u0219it toate grani\u021bele. Cu toate acestea \u00eenc\u0103 avem cabinete locale, care sunt conduse de terapeu\u021bii no\u0219tri locali, pentru acei pacien\u021bi care-\u0219i doresc o terapie fa\u021b\u0103 \u00een fa\u021b\u0103.<\/p>\n<p>Totul a \u00eenceput \u00een Germania, c\u00e2nd am deschis primul cabinet terapeutic \u00een inima ora\u0219ului Bochum, dotat cu mas\u0103 de masaj, o saun\u0103, un jacuzzi \u0219i o sal\u0103 de fitness. \u00centre timp a crescut cu mult cererea pentru terapii la distan\u021b\u0103 \u0219i vindec\u0103ri t\u0103cute comparativ cu terapiile fa\u021b\u0103 \u00een fa\u021b\u0103.<\/p>\n<p>Vestea muncii noastre de vindecare se pare c\u0103 s-a r\u0103sp\u00e2ndit deja pe \u00eentreg mapamondul. \u0218i lu\u00e2ndu-ne dup\u0103 faptul c\u0103 la \u00eenceput pacien\u021bii no\u0219tri trebuiau s\u0103 vin\u0103 din America, Spania sau China pentru a beneficia de tratament, acum toat\u0103 lumea are de c\u00e2\u0219tigat. Inclusiv mediul \u00eenconjur\u0103tor.<\/p>\n<p>Te invit\u0103m cu drag s\u0103-\u021bi faci o programare pentru o terapie la distan\u021b\u0103, indiferent de locul \u00een care te afli pe aceast\u0103 minunat\u0103 planet\u0103.[\/vc_column_text]<div class=\"vcex-spacing wpex-w-100 wpex-clear\" style=\"height:60px;\"><\/div>[\/vc_column][\/vc_row][vc_row full_width=&#8221;stretch_row_content&#8221; content_placement=&#8221;middle&#8221; el_id=&#8221;paddingboth&#8221;][vc_column]<div class=\"vcex-spacing wpex-w-100 wpex-clear\" style=\"height:40px;\"><\/div>[vc_column_text color=&#8221;#77080d&#8221; font_size=&#8221;d:20|tl:18|tp:18|pl:18|pp:18&#8243; text_align=&#8221;left&#8221;]\n<h2>Cabinete de terapie Chi &#8211; prezen\u021b\u0103 interna\u021bional\u0103<\/h2>\n[\/vc_column_text][\/vc_column][vc_column width=&#8221;1\/5&#8243;]<figure class=\"vcex-image vcex-module wpex-text-center\"><div class=\"vcex-image-inner wpex-relative wpex-inline-block\"><a href=\"https:\/\/chi-heilung.de\/wp-content\/uploads\/2020\/08\/3-3.jpg\" class=\"wpex-lightbox\"><img width=\"1137\" height=\"800\" src=\"https:\/\/chi-heilung.de\/wp-content\/uploads\/2020\/08\/3-3.jpg\" class=\"vcex-image-img wpex-align-middle\" alt=\"\" loading=\"lazy\" decoding=\"async\" srcset=\"https:\/\/chi-heilung.de\/wp-content\/uploads\/2020\/08\/3-3.jpg 1137w, https:\/\/chi-heilung.de\/wp-content\/uploads\/2020\/08\/3-3-300x211.jpg 300w, https:\/\/chi-heilung.de\/wp-content\/uploads\/2020\/08\/3-3-1024x720.jpg 1024w, https:\/\/chi-heilung.de\/wp-content\/uploads\/2020\/08\/3-3-768x540.jpg 768w, https:\/\/chi-heilung.de\/wp-content\/uploads\/2020\/08\/3-3-600x422.jpg 600w\" sizes=\"auto, (max-width: 1137px) 100vw, 1137px\" \/><\/a><\/div><\/figure><div class=\"vcex-spacing wpex-w-100 wpex-clear\" style=\"height:10px;\"><\/div>[vc_column_text color=&#8221;#77080d&#8221; font_size=&#8221;d:20|tl:18|tp:18|pl:18|pp:18&#8243; text_align=&#8221;center&#8221;]Munchen[\/vc_column_text]<div class=\"vcex-spacing wpex-w-100 wpex-clear\"><\/div>[\/vc_column][vc_column width=&#8221;1\/5&#8243;]<figure class=\"vcex-image vcex-module wpex-text-center\"><div class=\"vcex-image-inner wpex-relative wpex-inline-block\"><a href=\"https:\/\/chi-heilung.de\/wp-content\/uploads\/2020\/08\/Praxisfoto-D.jpg\" class=\"wpex-lightbox\"><img width=\"1137\" height=\"800\" src=\"https:\/\/chi-heilung.de\/wp-content\/uploads\/2020\/08\/Praxisfoto-D.jpg\" class=\"vcex-image-img wpex-align-middle\" alt=\"\" loading=\"lazy\" decoding=\"async\" srcset=\"https:\/\/chi-heilung.de\/wp-content\/uploads\/2020\/08\/Praxisfoto-D.jpg 1137w, https:\/\/chi-heilung.de\/wp-content\/uploads\/2020\/08\/Praxisfoto-D-300x211.jpg 300w, https:\/\/chi-heilung.de\/wp-content\/uploads\/2020\/08\/Praxisfoto-D-1024x720.jpg 1024w, https:\/\/chi-heilung.de\/wp-content\/uploads\/2020\/08\/Praxisfoto-D-768x540.jpg 768w, https:\/\/chi-heilung.de\/wp-content\/uploads\/2020\/08\/Praxisfoto-D-600x422.jpg 600w\" sizes=\"auto, (max-width: 1137px) 100vw, 1137px\" \/><\/a><\/div><\/figure><div class=\"vcex-spacing wpex-w-100 wpex-clear\" style=\"height:10px;\"><\/div>[vc_column_text color=&#8221;#77080d&#8221; font_size=&#8221;d:20|tl:18|tp:18|pl:18|pp:18&#8243; text_align=&#8221;center&#8221;]Salzburg[\/vc_column_text]<div class=\"vcex-spacing wpex-w-100 wpex-clear\"><\/div>[\/vc_column][vc_column width=&#8221;1\/5&#8243;]<figure class=\"vcex-image vcex-module wpex-text-center\"><div class=\"vcex-image-inner wpex-relative wpex-inline-block\"><a href=\"https:\/\/chi-heilung.de\/wp-content\/uploads\/2020\/08\/Wien.jpg\" class=\"wpex-lightbox\"><img width=\"1137\" height=\"800\" src=\"https:\/\/chi-heilung.de\/wp-content\/uploads\/2020\/08\/Wien.jpg\" class=\"vcex-image-img wpex-align-middle\" alt=\"\" loading=\"lazy\" decoding=\"async\" srcset=\"https:\/\/chi-heilung.de\/wp-content\/uploads\/2020\/08\/Wien.jpg 1137w, https:\/\/chi-heilung.de\/wp-content\/uploads\/2020\/08\/Wien-300x211.jpg 300w, https:\/\/chi-heilung.de\/wp-content\/uploads\/2020\/08\/Wien-1024x720.jpg 1024w, https:\/\/chi-heilung.de\/wp-content\/uploads\/2020\/08\/Wien-768x540.jpg 768w, https:\/\/chi-heilung.de\/wp-content\/uploads\/2020\/08\/Wien-600x422.jpg 600w\" sizes=\"auto, (max-width: 1137px) 100vw, 1137px\" \/><\/a><\/div><\/figure><div class=\"vcex-spacing wpex-w-100 wpex-clear\" style=\"height:10px;\"><\/div>[vc_column_text color=&#8221;#77080d&#8221; font_size=&#8221;d:20|tl:18|tp:18|pl:18|pp:18&#8243; text_align=&#8221;center&#8221;]Viena[\/vc_column_text]<div class=\"vcex-spacing wpex-w-100 wpex-clear\"><\/div>[\/vc_column][vc_column width=&#8221;1\/5&#8243;]<figure class=\"vcex-image vcex-module wpex-text-center\"><div class=\"vcex-image-inner wpex-relative wpex-inline-block\"><a href=\"https:\/\/chi-heilung.de\/wp-content\/uploads\/2020\/08\/2-3.jpg\" class=\"wpex-lightbox\"><img width=\"1137\" height=\"800\" src=\"https:\/\/chi-heilung.de\/wp-content\/uploads\/2020\/08\/2-3.jpg\" class=\"vcex-image-img wpex-align-middle\" alt=\"\" loading=\"lazy\" decoding=\"async\" srcset=\"https:\/\/chi-heilung.de\/wp-content\/uploads\/2020\/08\/2-3.jpg 1137w, https:\/\/chi-heilung.de\/wp-content\/uploads\/2020\/08\/2-3-300x211.jpg 300w, https:\/\/chi-heilung.de\/wp-content\/uploads\/2020\/08\/2-3-1024x720.jpg 1024w, https:\/\/chi-heilung.de\/wp-content\/uploads\/2020\/08\/2-3-768x540.jpg 768w, https:\/\/chi-heilung.de\/wp-content\/uploads\/2020\/08\/2-3-600x422.jpg 600w\" sizes=\"auto, (max-width: 1137px) 100vw, 1137px\" \/><\/a><\/div><\/figure><div class=\"vcex-spacing wpex-w-100 wpex-clear\" style=\"height:10px;\"><\/div>[vc_column_text color=&#8221;#77080d&#8221; font_size=&#8221;d:20|tl:18|tp:18|pl:18|pp:18&#8243; text_align=&#8221;center&#8221;]Singapore[\/vc_column_text]<div class=\"vcex-spacing wpex-w-100 wpex-clear\"><\/div>[\/vc_column][vc_column width=&#8221;1\/5&#8243;]<figure class=\"vcex-image vcex-module wpex-text-center\"><div class=\"vcex-image-inner wpex-relative wpex-inline-block\"><a href=\"https:\/\/chi-heilung.de\/wp-content\/uploads\/2020\/08\/4-3.jpg\" class=\"wpex-lightbox\"><img width=\"1137\" height=\"800\" src=\"https:\/\/chi-heilung.de\/wp-content\/uploads\/2020\/08\/4-3.jpg\" class=\"vcex-image-img wpex-align-middle\" alt=\"\" loading=\"lazy\" decoding=\"async\" srcset=\"https:\/\/chi-heilung.de\/wp-content\/uploads\/2020\/08\/4-3.jpg 1137w, https:\/\/chi-heilung.de\/wp-content\/uploads\/2020\/08\/4-3-300x211.jpg 300w, https:\/\/chi-heilung.de\/wp-content\/uploads\/2020\/08\/4-3-1024x720.jpg 1024w, https:\/\/chi-heilung.de\/wp-content\/uploads\/2020\/08\/4-3-768x540.jpg 768w, https:\/\/chi-heilung.de\/wp-content\/uploads\/2020\/08\/4-3-600x422.jpg 600w\" sizes=\"auto, (max-width: 1137px) 100vw, 1137px\" \/><\/a><\/div><\/figure><div class=\"vcex-spacing wpex-w-100 wpex-clear\" style=\"height:10px;\"><\/div>[vc_column_text color=&#8221;#77080d&#8221; font_size=&#8221;d:20|tl:18|tp:18|pl:18|pp:18&#8243; text_align=&#8221;center&#8221;]Sydney[\/vc_column_text]<div class=\"vcex-spacing wpex-w-100 wpex-clear\"><\/div>[\/vc_column][vc_column]<div class=\"vcex-spacing wpex-w-100 wpex-clear\" style=\"height:60px;\"><\/div>[\/vc_column][\/vc_row][vc_row css_animation=&#8221;none&#8221; full_width=&#8221;stretch_row_content&#8221; content_placement=&#8221;middle&#8221; parallax=&#8221;vcex_parallax&#8221; parallax_image=&#8221;31373&#8243; wpex_bg_overlay=&#8221;color&#8221; parallax_mobile=&#8221;yes&#8221; parallax_direction=&#8221;down&#8221; wpex_shape_divider_top=&#8221;waves&#8221; wpex_shape_divider_top_flip=&#8221;true&#8221; wpex_shape_divider_bottom=&#8221;waves&#8221; min_height=&#8221;50vh&#8221; el_id=&#8221;topcontainer&#8221; parallax_speed=&#8221;0.5&#8243; wpex_bg_overlay_color=&#8221;#000000&#8243; wpex_bg_overlay_opacity=&#8221;0.5&#8243; wpex_shape_divider_top_color=&#8221;rgba(255,255,255,0.49)&#8221; wpex_shape_divider_top_height=&#8221;80&#8243; wpex_shape_divider_top_width=&#8221;100&#8243; wpex_shape_divider_bottom_color=&#8221;rgba(255,255,255,0.49)&#8221; wpex_shape_divider_bottom_height=&#8221;100&#8243; wpex_shape_divider_bottom_width=&#8221;100&#8243;][vc_column]<div class=\"vcex-spacing wpex-w-100 wpex-clear\" style=\"height:90px;\"><\/div><style>.vcex-heading.vcex_69f316496e3ff{color:#daa520;}<\/style><h2 class=\"vcex-heading vcex-heading-plain vcex-module wpex-heading wpex-text-2xl wpex-text-center vcex_69f316496e3ff\"><span class=\"vcex-heading-inner wpex-inline-block\">Programa\u021bi acum o consulta\u021bie<\/span><\/h2><div class=\"vcex-spacing wpex-w-100 wpex-clear\" style=\"height:60px;\"><\/div><style>.vcex-heading.vcex_69f316496e9af{color:#ffffff;}<\/style><h3 class=\"vcex-heading vcex-heading-plain vcex-module wpex-heading wpex-text-2xl wpex-text-center vcex_69f316496e9af\"><span class=\"vcex-heading-inner wpex-inline-block\">individual | personal | curativ<\/span><\/h3><div class=\"vcex-spacing wpex-w-100 wpex-clear\" style=\"height:60px;\"><\/div>[vc_btn title=&#8221;Programare consulta\u021bie&#8221; style=&#8221;outline-custom&#8221; outline_custom_color=&#8221;#daa520&#8243; outline_custom_hover_background=&#8221;#daa520&#8243; outline_custom_hover_text=&#8221;#ffffff&#8221; shape=&#8221;square&#8221; size=&#8221;lg&#8221; align=&#8221;center&#8221; i_icon_fontawesome=&#8221;fas fa-angle-right&#8221; add_icon=&#8221;true&#8221; link=&#8221;url:https%3A%2F%2Fchi-heilung.de%2Fro%2Fro-home%2F%23kontakt|||&#8221; el_class=&#8221;local-scroll-link&#8221;]<div class=\"vcex-spacing wpex-w-100 wpex-clear\" style=\"height:90px;\"><\/div>[\/vc_column][\/vc_row]\n<\/div>","protected":false},"excerpt":{"rendered":"<p>[vc_row full_width=&#8221;stretch_row&#8221; content_placement=&#8221;middle&#8221;][vc_column][vc_column_text color=&#8221;#77080d&#8221; font_size=&#8221;d:20|tl:18|tp:18|pl:18|pp:18&#8243; text_align=&#8221;left&#8221;] Cabinetul nostru [\/vc_column_text][vc_column_text color=&#8221;#000000&#8243;]Terapiile la distan\u021b\u0103 sunt la fel de eficiente ca terapiile fa\u021b\u0103 \u00een fa\u021b\u0103. Renumele terapiilor noastre Chi s-a \u00eentins deja p\u00e2n\u0103 \u00een China \u0219i a dep\u0103\u0219it toate grani\u021bele. Cu toate acestea \u00eenc\u0103 avem cabinete locale, care sunt conduse de terapeu\u021bii no\u0219tri locali, pentru acei pacien\u021bi care-\u0219i&hellip;<\/p>\n","protected":false},"author":1,"featured_media":0,"parent":0,"menu_order":0,"comment_status":"closed","ping_status":"closed","template":"","meta":{"_monsterinsights_skip_tracking":false,"_monsterinsights_sitenote_active":false,"_monsterinsights_sitenote_note":"","_monsterinsights_sitenote_category":0,"h5ap_radio_sources":[],"footnotes":""},"class_list":["post-32744","page","type-page","status-publish","hentry","entry","no-media"],"yoast_head":"<!-- This site is optimized with the Yoast SEO plugin v27.0 - https:\/\/yoast.com\/product\/yoast-seo-wordpress\/ -->\n<title>RO-Practica - Chi Heilung - international<\/title>\n<meta name=\"robots\" content=\"index, follow, max-snippet:-1, max-image-preview:large, max-video-preview:-1\" \/>\n<link rel=\"canonical\" href=\"https:\/\/chi-heilung.de\/ro\/ro-practica\/\" \/>\n<meta property=\"og:locale\" content=\"ro_RO\" \/>\n<meta property=\"og:type\" content=\"article\" \/>\n<meta property=\"og:title\" content=\"RO-Practica - Chi Heilung - international\" \/>\n<meta property=\"og:description\" content=\"[vc_row full_width=&#8221;stretch_row&#8221; content_placement=&#8221;middle&#8221;][vc_column][vc_column_text color=&#8221;#77080d&#8221; font_size=&#8221;d:20|tl:18|tp:18|pl:18|pp:18&#8243; text_align=&#8221;left&#8221;] Cabinetul nostru [\/vc_column_text][vc_column_text color=&#8221;#000000&#8243;]Terapiile la distan\u021b\u0103 sunt la fel de eficiente ca terapiile fa\u021b\u0103 \u00een fa\u021b\u0103. Renumele terapiilor noastre Chi s-a \u00eentins deja p\u00e2n\u0103 \u00een China \u0219i a dep\u0103\u0219it toate grani\u021bele. Cu toate acestea \u00eenc\u0103 avem cabinete locale, care sunt conduse de terapeu\u021bii no\u0219tri locali, pentru acei pacien\u021bi care-\u0219i&hellip;\" \/>\n<meta property=\"og:url\" content=\"https:\/\/chi-heilung.de\/ro\/ro-practica\/\" \/>\n<meta property=\"og:site_name\" content=\"Chi Heilung - international\" \/>\n<meta property=\"article:modified_time\" content=\"2022-02-02T09:30:57+00:00\" \/>\n<meta name=\"twitter:card\" content=\"summary_large_image\" \/>\n<meta name=\"twitter:label1\" content=\"Timp estimat pentru citire\" \/>\n\t<meta name=\"twitter:data1\" content=\"3 minute\" \/>\n<script type=\"application\/ld+json\" class=\"yoast-schema-graph\">{\"@context\":\"https:\/\/schema.org\",\"@graph\":[{\"@type\":\"WebPage\",\"@id\":\"https:\/\/chi-heilung.de\/ro\/ro-practica\/\",\"url\":\"https:\/\/chi-heilung.de\/ro\/ro-practica\/\",\"name\":\"RO-Practica - Chi Heilung - international\",\"isPartOf\":{\"@id\":\"https:\/\/chi-heilung.de\/#website\"},\"datePublished\":\"2020-10-22T12:35:05+00:00\",\"dateModified\":\"2022-02-02T09:30:57+00:00\",\"breadcrumb\":{\"@id\":\"https:\/\/chi-heilung.de\/ro\/ro-practica\/#breadcrumb\"},\"inLanguage\":\"ro-RO\",\"potentialAction\":[{\"@type\":\"ReadAction\",\"target\":[\"https:\/\/chi-heilung.de\/ro\/ro-practica\/\"]}]},{\"@type\":\"BreadcrumbList\",\"@id\":\"https:\/\/chi-heilung.de\/ro\/ro-practica\/#breadcrumb\",\"itemListElement\":[{\"@type\":\"ListItem\",\"position\":1,\"name\":\"Startseite\",\"item\":\"https:\/\/chi-heilung.de\/ro\/\"},{\"@type\":\"ListItem\",\"position\":2,\"name\":\"RO-Practica\"}]},{\"@type\":\"WebSite\",\"@id\":\"https:\/\/chi-heilung.de\/#website\",\"url\":\"https:\/\/chi-heilung.de\/\",\"name\":\"Chi Heilung - international\",\"description\":\"Herzlich Willkommen\",\"potentialAction\":[{\"@type\":\"SearchAction\",\"target\":{\"@type\":\"EntryPoint\",\"urlTemplate\":\"https:\/\/chi-heilung.de\/?s={search_term_string}\"},\"query-input\":{\"@type\":\"PropertyValueSpecification\",\"valueRequired\":true,\"valueName\":\"search_term_string\"}}],\"inLanguage\":\"ro-RO\"}]}<\/script>\n<!-- \/ Yoast SEO plugin. -->","yoast_head_json":{"title":"RO-Practica - Chi Heilung - international","robots":{"index":"index","follow":"follow","max-snippet":"max-snippet:-1","max-image-preview":"max-image-preview:large","max-video-preview":"max-video-preview:-1"},"canonical":"https:\/\/chi-heilung.de\/ro\/ro-practica\/","og_locale":"ro_RO","og_type":"article","og_title":"RO-Practica - Chi Heilung - international","og_description":"[vc_row full_width=&#8221;stretch_row&#8221; content_placement=&#8221;middle&#8221;][vc_column][vc_column_text color=&#8221;#77080d&#8221; font_size=&#8221;d:20|tl:18|tp:18|pl:18|pp:18&#8243; text_align=&#8221;left&#8221;] Cabinetul nostru [\/vc_column_text][vc_column_text color=&#8221;#000000&#8243;]Terapiile la distan\u021b\u0103 sunt la fel de eficiente ca terapiile fa\u021b\u0103 \u00een fa\u021b\u0103. Renumele terapiilor noastre Chi s-a \u00eentins deja p\u00e2n\u0103 \u00een China \u0219i a dep\u0103\u0219it toate grani\u021bele. Cu toate acestea \u00eenc\u0103 avem cabinete locale, care sunt conduse de terapeu\u021bii no\u0219tri locali, pentru acei pacien\u021bi care-\u0219i&hellip;","og_url":"https:\/\/chi-heilung.de\/ro\/ro-practica\/","og_site_name":"Chi Heilung - international","article_modified_time":"2022-02-02T09:30:57+00:00","twitter_card":"summary_large_image","twitter_misc":{"Timp estimat pentru citire":"3 minute"},"schema":{"@context":"https:\/\/schema.org","@graph":[{"@type":"WebPage","@id":"https:\/\/chi-heilung.de\/ro\/ro-practica\/","url":"https:\/\/chi-heilung.de\/ro\/ro-practica\/","name":"RO-Practica - Chi Heilung - international","isPartOf":{"@id":"https:\/\/chi-heilung.de\/#website"},"datePublished":"2020-10-22T12:35:05+00:00","dateModified":"2022-02-02T09:30:57+00:00","breadcrumb":{"@id":"https:\/\/chi-heilung.de\/ro\/ro-practica\/#breadcrumb"},"inLanguage":"ro-RO","potentialAction":[{"@type":"ReadAction","target":["https:\/\/chi-heilung.de\/ro\/ro-practica\/"]}]},{"@type":"BreadcrumbList","@id":"https:\/\/chi-heilung.de\/ro\/ro-practica\/#breadcrumb","itemListElement":[{"@type":"ListItem","position":1,"name":"Startseite","item":"https:\/\/chi-heilung.de\/ro\/"},{"@type":"ListItem","position":2,"name":"RO-Practica"}]},{"@type":"WebSite","@id":"https:\/\/chi-heilung.de\/#website","url":"https:\/\/chi-heilung.de\/","name":"Chi Heilung - international","description":"Herzlich Willkommen","potentialAction":[{"@type":"SearchAction","target":{"@type":"EntryPoint","urlTemplate":"https:\/\/chi-heilung.de\/?s={search_term_string}"},"query-input":{"@type":"PropertyValueSpecification","valueRequired":true,"valueName":"search_term_string"}}],"inLanguage":"ro-RO"}]}},"_links":{"self":[{"href":"https:\/\/chi-heilung.de\/ro\/wp-json\/wp\/v2\/pages\/32744","targetHints":{"allow":["GET"]}}],"collection":[{"href":"https:\/\/chi-heilung.de\/ro\/wp-json\/wp\/v2\/pages"}],"about":[{"href":"https:\/\/chi-heilung.de\/ro\/wp-json\/wp\/v2\/types\/page"}],"author":[{"embeddable":true,"href":"https:\/\/chi-heilung.de\/ro\/wp-json\/wp\/v2\/users\/1"}],"replies":[{"embeddable":true,"href":"https:\/\/chi-heilung.de\/ro\/wp-json\/wp\/v2\/comments?post=32744"}],"version-history":[{"count":6,"href":"https:\/\/chi-heilung.de\/ro\/wp-json\/wp\/v2\/pages\/32744\/revisions"}],"predecessor-version":[{"id":45223,"href":"https:\/\/chi-heilung.de\/ro\/wp-json\/wp\/v2\/pages\/32744\/revisions\/45223"}],"wp:attachment":[{"href":"https:\/\/chi-heilung.de\/ro\/wp-json\/wp\/v2\/media?parent=32744"}],"curies":[{"name":"wp","href":"https:\/\/api.w.org\/{rel}","templated":true}]}}