{"id":35661,"date":"2018-02-26T09:42:42","date_gmt":"2020-11-09T04:00:13","guid":{"rendered":"https:\/\/chi-heilung.de\/?post_type=product&#038;p=35661"},"modified":"2020-11-11T14:40:58","modified_gmt":"2020-11-11T13:40:58","slug":"ro-sistem-chi-verde-o-84-cm","status":"publish","type":"product","link":"https:\/\/chi-heilung.de\/ro\/produkt\/ro-sistem-chi-verde-o-84-cm\/","title":{"rendered":"RO &#8211; Sistem Chi verde (\u00d8: 84 cm)"},"content":{"rendered":"<p><iframe loading=\"lazy\" src=\"https:\/\/www.youtube.com\/embed\/8GHghWYPq_w?rel=0\" width=\"560\" height=\"315\" frameborder=\"0\" allowfullscreen=\"allowfullscreen\"><\/iframe><\/p>\n<h4 style=\"text-align: center;\"><a href=\"https:\/\/www.chi-heilung.de\/wp-content\/uploads\/2016\/12\/EnerChi.jpg\" rel=\"attachment wp-att-5034\"><br \/>\n<\/a><br \/>\nSistem Chi verde<br \/>\nDiametru: 84 cm<\/h4>\n<p>&nbsp;<\/p>\n<h3 align=\"center\">Sistem Chi verde<\/h3>\n<p>Iubirea este liantul vie\u021bii, ea ne aduce \u00eempreun\u0103 \u0219i ne leag\u0103 unii de ceilal\u021bi. Sistemul Chi verde protejeaz\u0103 \u00eempotriva interferen\u021belor geopatogene, cursurilor subterane de ap\u0103 \u0219i radia\u021biilor telurice. Acest sistem ajut\u0103 la regenerarea circuitului cardiovascular \u0219i m\u0103re\u0219te spa\u021biul energetic al iubirii, al chakrei inimii, \u00eenv\u0103luind corpul, spiritul \u0219i sufletul \u00een energia sa verde. Energia iubirii este leg\u0103tura noastr\u0103 cea mai puternic\u0103 \u0219i are cea mai mare putere de vindecare. Cine-\u0219i deschide chakra inimii prime\u0219te\u0219i degaj\u0103 iubire divin\u0103. O iubire absolut\u0103 \u0219i curat\u0103 ce nu cunoa\u0219te diferen\u021be \u0219i este necondi\u021bionat\u0103. Aceast\u0103 iubire necondi\u021bionat\u0103 este s\u00e2mburele str\u0103lucitor al oric\u0103rei iubiri pe care o sim\u021bim \u00een nuan\u021be fine pentru prieteni, so\u021bi sau obiecte de art\u0103. Este o iubire f\u0103r\u0103 team\u0103, larg\u0103 \u0219i deschis\u0103 asemenea unui ocean, o mare de lumin\u0103, c\u0103ldur\u0103 \u0219i toleran\u021b\u0103. O iubire eliberat\u0103 de preten\u021bii, griji \u0219i nevoi, lucruri pe care \u00een general le asociem cu iubirea. O iubire care nu \u00eenceteaz\u0103 s\u0103 treac\u0103 de toate obstacolele, p\u00e2n\u0103 reu\u0219e\u0219te s\u0103 d\u0103r\u00e2me \u0219i ultima baricad\u0103 \u0219i ne \u00eent\u00e2lnim unii cu ceilal\u021bi f\u0103r\u0103 nici un fel de diferen\u021be, unul \u00een \u00eentreg.Doar 12 minute pe zi sunt suficiente, iar sistemul se poate folosi chiar \u0219i \u00een timpul programului de lucru. Instalarea micului sistem pentru inim\u0103 (30 cm) sub birou, faciliteaz\u0103 concentrarea relaxat\u0103 \u00eentimpul serviciului.<\/p>\n<p>&nbsp;<\/p>\n<h3 style=\"text-align: center;\">Sistemul Chi<\/h3>\n<p style=\"text-align: center;\">A\u0219a cum s\u0103n\u0103tatea este una singur\u0103, tot a\u0219a \u0219i boala este una singur\u0103,relev\u00e2ndu-se \u00een diferitele simptome.Vindecare la sursa fiin\u021bei tale<\/p>\n<p>Peste jum\u0103tate din oameni se pl\u00e2ng de oboseal\u0103 persistent\u0103, iar fiecare al patrulea de oboseal\u0103 cronic\u0103. Stresul \u0219i sentimentul de a fi cople\u0219it s-au r\u0103sp\u00e2ndit ca un virus.Crearea acestor \u201einsule ale lini\u0219tii\u201d pentru noi, g\u0103sirea unor minute de lini\u0219te \u0219i aten\u021bie pentru propria fiin\u021b\u0103, reprezint\u0103 cel mai bun remediu dintre toate. Medita\u021bia cu noul sistem Chi a atins un nou nivel. Produsele noastre faciliteaz\u0103 accesulla medita\u021bii vindec\u0103toare profunde chiar \u0219i celor neini\u021bia\u021bi. Sistemul Chi echilibreaz\u0103 sistemul energetic \u0219i aduce claritate asupra sentimentelor asemenea unui diapazon. Iubirea, prietenia \u0219i s\u0103n\u0103tatea r\u0103sun\u0103 aidoma rezonan\u021bei sistemului Chi. C\u00e2ntecul sufletului redevine curat.Experien\u021ba noastr\u0103 \u00eendelungat\u0103 \u0219i dezvoltarea \u00een domeniul terapiilor energetice ne-au permis s\u0103 construim acest sistem revolu\u021bionar. Sistemul Chi d\u0103 o form\u0103 energiei \u0219i astfel aceasta curge mai u\u0219or.Sistemul Chi elibereaz\u0103 energia din corp asemenea unui cub de ghea\u021b\u0103 care se tope\u0219te \u00een ap\u0103 \u0219i permite acestei energii s\u0103 curg\u0103 \u00een \u0219iroaie naturale. Func\u021biile corpului se armonizeaz\u0103, celulele sunt \u00eemprosp\u0103tate \u0219i alimentate mai bine,se pun \u00een mi\u0219care procesele de vindecare! Cre\u0219terea energiei vitale se poate dovedi prin metode de m\u0103surare a energiei. Te sim\u021bi ca \u0219i cumte-ai fi scufundat \u00een f\u00e2nt\u00e2na tinere\u021bii.Acord\u0103-\u021bi \u021bie, celulelor tale \u0219i corpului t\u0103u energetic \u00een fiecare zi minunatul sentiment de a teputea cufunda \u00een sufletul t\u0103u proasp\u0103t.<\/p>\n<p>&nbsp;<\/p>\n<h3 style=\"text-align: center;\">Cum functioneaz\u00e3?<\/h3>\n<p style=\"text-align: justify;\">Sistemul Chi d\u0103 o form\u0103 energiei \u0219i astfel aceasta curge mai u\u0219or. Sistemul nu poate genera sau produce energie vital\u0103, \u00eens\u0103 acest lucru nici nu este necesar. \u00cen fiecare fiin\u021b\u0103, \u00een fiecare animal \u0219i fiecare om exist\u0103 energie arhisuficient\u0103. Sistemul Chi elibereaz\u0103 aceast\u0103 energie \u00eengr\u0103dit\u0103 \u0219i \u00eei permite s\u0103 curg\u0103 \u00een \u0219iroaie precum apa.Construc\u021bia sistemului Chi este aidoma unei holograme. Acesta stabile\u0219te energetic o form\u0103 \u0219i o frecven\u021b\u0103 de-a lungul c\u0103reia se sorteaz\u0103 energia &#8211; mereu prezent\u0103 \u00een \u00eenc\u0103pere. Frecven\u021ba sa activeaz\u0103 chakrele, armonizeaz\u0103 meridianele \u0219i astfel \u0219i procesele organelor \u0219i sistemul imunitar. Acesta las\u0103 impulsurile vindec\u0103toare s\u0103 curg\u0103 princorp, pentru a-\u021bi da acces la mai mult\u0103 energie \u00een via\u021ba de zi cu zi.<\/p>\n<p style=\"text-align: justify;\">Sistemul Chi elibereaz\u0103 \u0219i armonizeaz\u0103 energia. Ac\u021bioneaz\u0103 ca un diapazon pentru corpul energetic. Un metronom pentru bioritm. F\u0103r\u0103 a avea nevoie de o surs\u0103 de electricitate \u0219i, prin urmare, f\u0103r\u0103 a degaja electrosmog acest sistem ofer\u0103 posibilitatea de a vindeca, cur\u0103\u021ba \u0219i \u00eent\u0103ri corpul energetic. Sursa de inspira\u021bie pentru acestaa fost modelul holografic din fizica cuantic\u0103. C\u00e2mpul cuantic al sistemului Chi activeaz\u0103 chakrele \u00eempreun\u0103 cu c\u00e2mpul energetic al celulelor umane. Acesta va da tonul perfect asemenea unui diapazon. Doar 5 minute sunt dejade ajuns pentru a v\u0103 sim\u021bi revigorat \u0219i plin de energie.<\/p>\n<p style=\"text-align: justify;\">Acest sistem are utiliz\u0103ri multiple. Cei s\u0103n\u0103to\u0219i folosesc sistemul Chi ca profilaxie revigorant\u0103 pentru a preveni sindromul de burnout, depresiile, apari\u021bia bolilor fizice \u0219i psihice. Cei bolnavi se pot vindeca mai repede cu ajutorul sistemului Chi. La copii se pot echilibra dizarmoniile prezente, \u00eenainte sau dup\u0103 ce acestea au devenit fizice. P\u00e2n\u0103 \u0219i animalele de companie pot beneficia de pe urma sistemului Chi. Datorit\u0103 prelucr\u0103rii de \u00eenalt\u0103 calitate, acest sistem este perfect pentru cabinete medicale \u0219i de terapie, pentru s\u0103li de sport \u0219i fitness&#8230;<\/p>\n<p>&nbsp;<\/p>\n<h3 align=\"CENTER\">cerere<\/h3>\n<p>Experien\u021be con\u0219tiente. Sistemele Chi de dimensiuni mari trebuie folosite diminea\u021ba \u0219i\/sau seara pentru 8-12 minute. V\u0103 pute\u021bi a\u0219eza jos pe ele sau pute\u021bi sta pe ele, cum v\u0103 este mai comod. Cine \u00ee\u0219i dep\u0103rteaz\u0103 picioarele p\u00e2n\u0103 la nivelul umerilor, percepe de obicei mult mai puternic fluxul de energie. Efectele pozitive asupra corpului, spiritului \u0219i sufletului se vor sim\u021bi din ce \u00een ce mai puternic de la o zi de utilizare la alta.<\/p>\n<p>&nbsp;<\/p>\n<h3 style=\"text-align: center;\">Testa\u021bi Chi-System f\u0103r\u0103 obliga\u021bie<\/h3>\n<p>Pentru a sprijini r\u0103sp\u00e2ndirea sistemului nostru, v\u0103 oferim discurile de cele mai mici dimensiuni la un pre\u021b care este mai sc\u0103zut dec\u00e2t costurile de produc\u021bie. Doar pentru ca toat\u0103 lumea s\u0103 poat\u0103 utiliza acest sistem. De asemenea, ne dorim s\u0103 fi\u021bi pe deplin mul\u021bumi\u021bi cu produsul nostru. De aceea,v\u0103 oferim o perioad\u0103 cu drept de retur de 2 s\u0103pt\u0103m\u00e2ni. Pute\u021bi testa, verifica \u0219i v\u0103 pute\u021bi convinge singuri f\u0103r\u0103 nici un fel de obliga\u021bie!<\/p>\n<p>&nbsp;<\/p>\n<p style=\"text-align: justify;\"><strong>Sistem Chi verde<\/strong><br \/>\n<strong>Diametru: 84 cm<\/strong><br \/>\n<strong>Raz\u0103 de ac\u021biune: 230 cm<\/strong><br \/>\n<strong>Pre\u021b: 2.500 \u20ac<\/strong><\/p>\n<p style=\"text-align: justify;\">Suntem cu to\u021bii \u00eenc\u00e2nta\u021bi s\u0103 vedem ce putem realiza \u0219i schimba pentru s\u0103n\u0103tatea fiec\u0103ruia, cu ajutorul noului nostru sistem, dar \u0219i pentru starea de s\u0103n\u0103tate a \u00eentregii lumi!<\/p>\n<p style=\"text-align: justify;\">Cu drag,<\/p>\n<p style=\"text-align: justify;\">Hartmut Lohmann<\/p>\n<p>&nbsp;<\/p>\n<h3 align=\"CENTER\">P\u0103rere<\/h3>\n<p style=\"text-align: justify;\"><em>\u201eNu a\u0219 fi crezut c\u0103 este posibil, dar acest produs face ceea ce promite&#8230;dup\u0103 aproape 5 ani de dureri constante cu dificult\u0103\u021bi de respira\u021bie \u0219i nenum\u0103rate terapii costisitoare \u00een acela\u0219i timp, acest sistem este primul \u0219i singurul care m\u0103 ajut\u0103 pe termen lung&#8230;\u201d<\/em><br \/>\n<em> Nadine R.<\/em><\/p>\n<p style=\"text-align: justify;\" align=\"LEFT\"><em>\u201eBun\u0103 ziua, \u00eentreaga mea familie folose\u0219te sistemul Vital pentru a r\u0103m\u00e2ne \u00een form\u0103. Dup\u0103 fiecare \u201etratament\u201d scurt ne sim\u021bim ca dup\u0103 un somn ad\u00e2nc \u0219i suntem foarte relaxa\u021bi. Este incredibil c\u00e2t de repede putem atinge starea de relaxare. Nu putem dec\u00e2t s\u0103-l recomand\u0103m \u0219i altora, este minunat!\u201d<br \/>\nTorben und Lena B.<\/em><\/p>\n<h6 style=\"text-align: center;\">sPreciz\u0103ri legale<\/h6>\n<h6 style=\"text-align: justify;\">Aceast\u0103 tehnologie nou\u0103 nu este \u00eenc\u0103 pe deplin aprobat\u0103 de medicina alopat\u0103. De aceea suntem obliga\u021bi s\u0103 subliniem faptul c\u0103 produsele noastre nu au efecte terapeutice conform cuno\u0219tin\u021belor \u0219tiin\u021bifice actuale. Drept urmare, sistemul Chi nu este un produs de \u00eengrijire medical\u0103 alopat \u0219i nu v\u0103 putem promite vindecarea. Folosirea sistemelor Chi nu reprezint\u0103 o terapie \u00een context medical \u0219i nu \u00eenlocuie\u0219te un consult medical.<\/h6>\n","protected":false},"excerpt":{"rendered":"<p>Sistem Chi verde Diametru: 84 cm &nbsp; Sistem Chi verde Iubirea este liantul vie\u021bii, ea ne aduce \u00eempreun\u0103 \u0219i ne leag\u0103 unii de ceilal\u021bi. Sistemul Chi verde protejeaz\u0103 \u00eempotriva interferen\u021belor geopatogene, cursurilor subterane de ap\u0103 \u0219i radia\u021biilor telurice. Acest sistem ajut\u0103 la regenerarea circuitului cardiovascular \u0219i m\u0103re\u0219te spa\u021biul energetic al iubirii, al chakrei inimii, \u00eenv\u0103luind&hellip;<\/p>\n","protected":false},"featured_media":30434,"template":"","meta":{"_monsterinsights_skip_tracking":false,"_monsterinsights_sitenote_active":false,"_monsterinsights_sitenote_note":"","_monsterinsights_sitenote_category":0,"h5ap_radio_sources":[]},"product_brand":[],"product_cat":[252],"product_tag":[],"class_list":{"0":"post-35661","1":"product","2":"type-product","3":"status-publish","4":"has-post-thumbnail","6":"product_cat-sistemul-chi","7":"product_shipping_class-sistemul-chi","8":"entry","9":"has-media","11":"first","12":"instock","13":"taxable","14":"shipping-taxable","15":"purchasable","16":"product-type-simple"},"yoast_head":"<!-- This site is optimized with the Yoast SEO plugin v27.0 - https:\/\/yoast.com\/product\/yoast-seo-wordpress\/ -->\n<title>RO - Sistem Chi verde (\u00d8: 84 cm) - Chi Heilung - international<\/title>\n<meta name=\"robots\" content=\"index, follow, max-snippet:-1, max-image-preview:large, max-video-preview:-1\" \/>\n<link rel=\"canonical\" href=\"https:\/\/chi-heilung.de\/ro\/produkt\/ro-sistem-chi-verde-o-84-cm\/\" \/>\n<meta property=\"og:locale\" content=\"ro_RO\" \/>\n<meta property=\"og:type\" content=\"article\" \/>\n<meta property=\"og:title\" content=\"RO - Sistem Chi verde (\u00d8: 84 cm) - Chi Heilung - international\" \/>\n<meta property=\"og:description\" content=\"Sistem Chi verde Diametru: 84 cm &nbsp; Sistem Chi verde Iubirea este liantul vie\u021bii, ea ne aduce \u00eempreun\u0103 \u0219i ne leag\u0103 unii de ceilal\u021bi. Sistemul Chi verde protejeaz\u0103 \u00eempotriva interferen\u021belor geopatogene, cursurilor subterane de ap\u0103 \u0219i radia\u021biilor telurice. Acest sistem ajut\u0103 la regenerarea circuitului cardiovascular \u0219i m\u0103re\u0219te spa\u021biul energetic al iubirii, al chakrei inimii, \u00eenv\u0103luind&hellip;\" \/>\n<meta property=\"og:url\" content=\"https:\/\/chi-heilung.de\/ro\/produkt\/ro-sistem-chi-verde-o-84-cm\/\" \/>\n<meta property=\"og:site_name\" content=\"Chi Heilung - international\" \/>\n<meta property=\"article:modified_time\" content=\"2020-11-11T13:40:58+00:00\" \/>\n<meta property=\"og:image\" content=\"https:\/\/chi-heilung.de\/wp-content\/uploads\/2020\/07\/Chi-System_gruen_250-1.jpg\" \/>\n\t<meta property=\"og:image:width\" content=\"250\" \/>\n\t<meta property=\"og:image:height\" content=\"250\" \/>\n\t<meta property=\"og:image:type\" content=\"image\/jpeg\" \/>\n<meta name=\"twitter:card\" content=\"summary_large_image\" \/>\n<meta name=\"twitter:label1\" content=\"Timp estimat pentru citire\" \/>\n\t<meta name=\"twitter:data1\" content=\"6 minute\" \/>\n<script type=\"application\/ld+json\" class=\"yoast-schema-graph\">{\"@context\":\"https:\/\/schema.org\",\"@graph\":[{\"@type\":\"WebPage\",\"@id\":\"https:\/\/chi-heilung.de\/ro\/produkt\/ro-sistem-chi-verde-o-84-cm\/\",\"url\":\"https:\/\/chi-heilung.de\/ro\/produkt\/ro-sistem-chi-verde-o-84-cm\/\",\"name\":\"RO - Sistem Chi verde (\u00d8: 84 cm) - Chi Heilung - international\",\"isPartOf\":{\"@id\":\"https:\/\/chi-heilung.de\/#website\"},\"primaryImageOfPage\":{\"@id\":\"https:\/\/chi-heilung.de\/ro\/produkt\/ro-sistem-chi-verde-o-84-cm\/#primaryimage\"},\"image\":{\"@id\":\"https:\/\/chi-heilung.de\/ro\/produkt\/ro-sistem-chi-verde-o-84-cm\/#primaryimage\"},\"thumbnailUrl\":\"https:\/\/chi-heilung.de\/wp-content\/uploads\/2020\/07\/Chi-System_gruen_250-1.jpg\",\"datePublished\":\"2020-11-09T04:00:13+00:00\",\"dateModified\":\"2020-11-11T13:40:58+00:00\",\"breadcrumb\":{\"@id\":\"https:\/\/chi-heilung.de\/ro\/produkt\/ro-sistem-chi-verde-o-84-cm\/#breadcrumb\"},\"inLanguage\":\"ro-RO\",\"potentialAction\":[{\"@type\":\"ReadAction\",\"target\":[\"https:\/\/chi-heilung.de\/ro\/produkt\/ro-sistem-chi-verde-o-84-cm\/\"]}]},{\"@type\":\"ImageObject\",\"inLanguage\":\"ro-RO\",\"@id\":\"https:\/\/chi-heilung.de\/ro\/produkt\/ro-sistem-chi-verde-o-84-cm\/#primaryimage\",\"url\":\"https:\/\/chi-heilung.de\/wp-content\/uploads\/2020\/07\/Chi-System_gruen_250-1.jpg\",\"contentUrl\":\"https:\/\/chi-heilung.de\/wp-content\/uploads\/2020\/07\/Chi-System_gruen_250-1.jpg\",\"width\":250,\"height\":250,\"caption\":\"Gr\u00fcnes Chi-System (\u00d8: 84 cm)\"},{\"@type\":\"BreadcrumbList\",\"@id\":\"https:\/\/chi-heilung.de\/ro\/produkt\/ro-sistem-chi-verde-o-84-cm\/#breadcrumb\",\"itemListElement\":[{\"@type\":\"ListItem\",\"position\":1,\"name\":\"Startseite\",\"item\":\"https:\/\/chi-heilung.de\/ro\/\"},{\"@type\":\"ListItem\",\"position\":2,\"name\":\"Shop\",\"item\":\"https:\/\/chi-heilung.de\/shop2\/\"},{\"@type\":\"ListItem\",\"position\":3,\"name\":\"RO &#8211; Sistem Chi verde (\u00d8: 84 cm)\"}]},{\"@type\":\"WebSite\",\"@id\":\"https:\/\/chi-heilung.de\/#website\",\"url\":\"https:\/\/chi-heilung.de\/\",\"name\":\"Chi Heilung - international\",\"description\":\"Herzlich Willkommen\",\"potentialAction\":[{\"@type\":\"SearchAction\",\"target\":{\"@type\":\"EntryPoint\",\"urlTemplate\":\"https:\/\/chi-heilung.de\/?s={search_term_string}\"},\"query-input\":{\"@type\":\"PropertyValueSpecification\",\"valueRequired\":true,\"valueName\":\"search_term_string\"}}],\"inLanguage\":\"ro-RO\"}]}<\/script>\n<!-- \/ Yoast SEO plugin. -->","yoast_head_json":{"title":"RO - Sistem Chi verde (\u00d8: 84 cm) - Chi Heilung - international","robots":{"index":"index","follow":"follow","max-snippet":"max-snippet:-1","max-image-preview":"max-image-preview:large","max-video-preview":"max-video-preview:-1"},"canonical":"https:\/\/chi-heilung.de\/ro\/produkt\/ro-sistem-chi-verde-o-84-cm\/","og_locale":"ro_RO","og_type":"article","og_title":"RO - Sistem Chi verde (\u00d8: 84 cm) - Chi Heilung - international","og_description":"Sistem Chi verde Diametru: 84 cm &nbsp; Sistem Chi verde Iubirea este liantul vie\u021bii, ea ne aduce \u00eempreun\u0103 \u0219i ne leag\u0103 unii de ceilal\u021bi. Sistemul Chi verde protejeaz\u0103 \u00eempotriva interferen\u021belor geopatogene, cursurilor subterane de ap\u0103 \u0219i radia\u021biilor telurice. Acest sistem ajut\u0103 la regenerarea circuitului cardiovascular \u0219i m\u0103re\u0219te spa\u021biul energetic al iubirii, al chakrei inimii, \u00eenv\u0103luind&hellip;","og_url":"https:\/\/chi-heilung.de\/ro\/produkt\/ro-sistem-chi-verde-o-84-cm\/","og_site_name":"Chi Heilung - international","article_modified_time":"2020-11-11T13:40:58+00:00","og_image":[{"width":250,"height":250,"url":"https:\/\/chi-heilung.de\/wp-content\/uploads\/2020\/07\/Chi-System_gruen_250-1.jpg","type":"image\/jpeg"}],"twitter_card":"summary_large_image","twitter_misc":{"Timp estimat pentru citire":"6 minute"},"schema":{"@context":"https:\/\/schema.org","@graph":[{"@type":"WebPage","@id":"https:\/\/chi-heilung.de\/ro\/produkt\/ro-sistem-chi-verde-o-84-cm\/","url":"https:\/\/chi-heilung.de\/ro\/produkt\/ro-sistem-chi-verde-o-84-cm\/","name":"RO - Sistem Chi verde (\u00d8: 84 cm) - Chi Heilung - international","isPartOf":{"@id":"https:\/\/chi-heilung.de\/#website"},"primaryImageOfPage":{"@id":"https:\/\/chi-heilung.de\/ro\/produkt\/ro-sistem-chi-verde-o-84-cm\/#primaryimage"},"image":{"@id":"https:\/\/chi-heilung.de\/ro\/produkt\/ro-sistem-chi-verde-o-84-cm\/#primaryimage"},"thumbnailUrl":"https:\/\/chi-heilung.de\/wp-content\/uploads\/2020\/07\/Chi-System_gruen_250-1.jpg","datePublished":"2020-11-09T04:00:13+00:00","dateModified":"2020-11-11T13:40:58+00:00","breadcrumb":{"@id":"https:\/\/chi-heilung.de\/ro\/produkt\/ro-sistem-chi-verde-o-84-cm\/#breadcrumb"},"inLanguage":"ro-RO","potentialAction":[{"@type":"ReadAction","target":["https:\/\/chi-heilung.de\/ro\/produkt\/ro-sistem-chi-verde-o-84-cm\/"]}]},{"@type":"ImageObject","inLanguage":"ro-RO","@id":"https:\/\/chi-heilung.de\/ro\/produkt\/ro-sistem-chi-verde-o-84-cm\/#primaryimage","url":"https:\/\/chi-heilung.de\/wp-content\/uploads\/2020\/07\/Chi-System_gruen_250-1.jpg","contentUrl":"https:\/\/chi-heilung.de\/wp-content\/uploads\/2020\/07\/Chi-System_gruen_250-1.jpg","width":250,"height":250,"caption":"Gr\u00fcnes Chi-System (\u00d8: 84 cm)"},{"@type":"BreadcrumbList","@id":"https:\/\/chi-heilung.de\/ro\/produkt\/ro-sistem-chi-verde-o-84-cm\/#breadcrumb","itemListElement":[{"@type":"ListItem","position":1,"name":"Startseite","item":"https:\/\/chi-heilung.de\/ro\/"},{"@type":"ListItem","position":2,"name":"Shop","item":"https:\/\/chi-heilung.de\/shop2\/"},{"@type":"ListItem","position":3,"name":"RO &#8211; Sistem Chi verde (\u00d8: 84 cm)"}]},{"@type":"WebSite","@id":"https:\/\/chi-heilung.de\/#website","url":"https:\/\/chi-heilung.de\/","name":"Chi Heilung - international","description":"Herzlich Willkommen","potentialAction":[{"@type":"SearchAction","target":{"@type":"EntryPoint","urlTemplate":"https:\/\/chi-heilung.de\/?s={search_term_string}"},"query-input":{"@type":"PropertyValueSpecification","valueRequired":true,"valueName":"search_term_string"}}],"inLanguage":"ro-RO"}]}},"_links":{"self":[{"href":"https:\/\/chi-heilung.de\/ro\/wp-json\/wp\/v2\/product\/35661","targetHints":{"allow":["GET"]}}],"collection":[{"href":"https:\/\/chi-heilung.de\/ro\/wp-json\/wp\/v2\/product"}],"about":[{"href":"https:\/\/chi-heilung.de\/ro\/wp-json\/wp\/v2\/types\/product"}],"wp:featuredmedia":[{"embeddable":true,"href":"https:\/\/chi-heilung.de\/ro\/wp-json\/wp\/v2\/media\/30434"}],"wp:attachment":[{"href":"https:\/\/chi-heilung.de\/ro\/wp-json\/wp\/v2\/media?parent=35661"}],"wp:term":[{"taxonomy":"product_brand","embeddable":true,"href":"https:\/\/chi-heilung.de\/ro\/wp-json\/wp\/v2\/product_brand?post=35661"},{"taxonomy":"product_cat","embeddable":true,"href":"https:\/\/chi-heilung.de\/ro\/wp-json\/wp\/v2\/product_cat?post=35661"},{"taxonomy":"product_tag","embeddable":true,"href":"https:\/\/chi-heilung.de\/ro\/wp-json\/wp\/v2\/product_tag?post=35661"}],"curies":[{"name":"wp","href":"https:\/\/api.w.org\/{rel}","templated":true}]}}