{"id":35681,"date":"2016-12-14T22:29:10","date_gmt":"2020-11-09T07:18:27","guid":{"rendered":"https:\/\/chi-heilung.de\/?post_type=product&#038;p=35681"},"modified":"2020-11-11T14:41:33","modified_gmt":"2020-11-11T13:41:33","slug":"ro-sistem-chi-auriu-o-84-cm","status":"publish","type":"product","link":"https:\/\/chi-heilung.de\/ro\/produkt\/ro-sistem-chi-auriu-o-84-cm\/","title":{"rendered":"RO &#8211; Sistem Chi auriu (\u00d8: 84 cm)"},"content":{"rendered":"<p><iframe loading=\"lazy\" src=\"https:\/\/www.youtube.com\/embed\/8GHghWYPq_w?rel=0\" width=\"560\" height=\"315\" frameborder=\"0\" allowfullscreen=\"allowfullscreen\"><\/iframe><\/p>\n<h4 style=\"text-align: center;\"><\/h4>\n<h4 style=\"text-align: center;\">Sistem Chi auriu<br \/>\nDiametru: 84 cm<\/h4>\n<p>&nbsp;<\/p>\n<h3 align=\"center\">Sistem Chi auriu<\/h3>\n<p style=\"text-align: justify;\">Mintea este fericit\u0103 \u00een timpul repausului, a\u0219a cum \u0219i apa este clar\u0103 din fire. Acest lucru se petrece mul\u021bumit\u0103 energiei galbene sau aurii a abdomenului. Chakra plexului solar este punctul central al corpului energetic, deci forma holografic\u0103 a corpului material. Dac\u0103 punctul central este blocat, atunci e\u0219ti dezechilibrat, capricios \u0219i anxios, f\u0103r\u0103 a avea contact cu aceste frici. Dac\u0103 dorim s\u0103 vindec\u0103m durerile corpului, atunci avem nevoie de o chackr\u0103 a plexului solar puternic dezvoltat\u0103. Cu ajutorul acesteia schimb\u0103m durerea \u00een bucurie, a\u0219a cum cu ajutorul chakrei inimii transform\u0103m suferin\u021bele suflete\u0219ti \u00een iubire. Sistemul Chi auriu \u00eent\u0103re\u0219te sistemul nervos, are un efect revitalizant asupra celulelor \u0219i stimuleaz\u0103 vitalitatea. Doar 8 minute pe zi sunt suficiente, iar sistemul se poate folosi chiar \u0219i \u00een timpul programului de lucru. Atunci c\u00e2nd este a\u0219ezat sub pat, sistemul Chi auriu de mici dimensiuni (30 cm) ajut\u0103 la regenerarea \u00een timpul somnului \u0219i asigur\u0103 proverbialele \u201evise pl\u0103cute\u201d.<\/p>\n<p>&nbsp;<\/p>\n<h3 style=\"text-align: center;\">Sistemul Chi<\/h3>\n<p style=\"text-align: center;\">A\u0219a cum s\u0103n\u0103tatea este una singur\u0103, tot a\u0219a \u0219i boala este una singur\u0103,<br \/>\nrelev\u00e2ndu-se \u00een diferitele simptome.<\/p>\n<p>Vindecare la sursa fiin\u021bei tale<\/p>\n<p>Peste jum\u0103tate din oameni se pl\u00e2ng de oboseal\u0103 persistent\u0103, iar fiecare al patrulea de oboseal\u0103 cronic\u0103. Stresul \u0219i sentimentul de a fi cople\u0219it s-au r\u0103sp\u00e2ndit ca un virus.<br \/>\nCrearea acestor \u201einsule ale lini\u0219tii\u201d pentru noi, g\u0103sirea unor minute de lini\u0219te \u0219i aten\u021bie pentru propria fiin\u021b\u0103, reprezint\u0103 cel mai bun remediu dintre toate. Medita\u021bia cu noul sistem Chi a atins un nou nivel. Produsele noastre faciliteaz\u0103 accesul la medita\u021bii vindec\u0103toare profunde chiar \u0219i celor neini\u021bia\u021bi. Sistemul Chi echilibreaz\u0103 sistemul energetic \u0219i aduce claritate asupra sentimentelor asemenea unui diapazon. Iubirea, prietenia \u0219i s\u0103n\u0103tatea r\u0103sun\u0103 aidoma rezonan\u021bei sistemului Chi. C\u00e2ntecul sufletului redevine curat.<\/p>\n<p>Experien\u021ba noastr\u0103 \u00eendelungat\u0103 \u0219i dezvoltarea \u00een domeniul terapiilor energetice ne-au permis s\u0103 construim acest sistem revolu\u021bionar. Sistemul Chi d\u0103 o form\u0103 energiei \u0219i astfel aceasta curge mai u\u0219or.<br \/>\nSistemul Chi elibereaz\u0103 energia din corp asemenea unui cub de ghea\u021b\u0103 care se tope\u0219te \u00een ap\u0103 \u0219i permite acestei energii s\u0103 curg\u0103 \u00een \u0219iroaie naturale. Func\u021biile corpului se armonizeaz\u0103, celulele sunt \u00eemprosp\u0103tate \u0219i alimentate mai bine, se pun \u00een mi\u0219care procesele de vindecare! Cre\u0219terea energiei vitale se poate dovedi prin metode de m\u0103surare a energiei. Te sim\u021bi ca \u0219i cum te-ai fi scufundat \u00een f\u00e2nt\u00e2na tinere\u021bii.<\/p>\n<p>Acord\u0103-\u021bi \u021bie, celulelor tale \u0219i corpului t\u0103u energetic \u00een fiecare zi minunatul sentiment de a te putea cufunda \u00een sufletul t\u0103u proasp\u0103t.<\/p>\n<p>G\u00f6nne dir, deinen Zellen und deinem Energiek\u00f6rper jeden Tag dieses sch\u00f6ne Gef\u00fchl, in die eigene Frische der Seele einzutauchen.<\/p>\n<p>&nbsp;<\/p>\n<h3 style=\"text-align: center;\">Cum functioneaz\u00e3?<\/h3>\n<p>Sistemul Chi d\u0103 o form\u0103 energiei \u0219i astfel aceasta curge mai u\u0219or. Sistemul nu poate genera sau produce energie vital\u0103, \u00eens\u0103 acest lucru nici nu este necesar. \u00cen fiecare fiin\u021b\u0103, \u00een fiecare animal \u0219i fiecare om exist\u0103 energie arhisuficient\u0103. Sistemul Chi elibereaz\u0103 aceast\u0103 energie \u00eengr\u0103dit\u0103 \u0219i \u00eei permite s\u0103 curg\u0103 \u00een \u0219iroaie precum apa.<br \/>\nConstruc\u021bia sistemului Chi este aidoma unei holograme. Acesta stabile\u0219te energetic o form\u0103 \u0219i o frecven\u021b\u0103 de-a lungul c\u0103reia se sorteaz\u0103 energia &#8211; mereu prezent\u0103 \u00een \u00eenc\u0103pere. Frecven\u021ba sa activeaz\u0103 chakrele, armonizeaz\u0103 meridianele \u0219i astfel \u0219i procesele organelor \u0219i sistemul imunitar. Acesta las\u0103 impulsurile vindec\u0103toare s\u0103 curg\u0103 prin corp, pentru a-\u021bi da acces la mai mult\u0103 energie \u00een via\u021ba de zi cu zi.<\/p>\n<p>Sistemul Chi elibereaz\u0103 \u0219i armonizeaz\u0103 energia. Ac\u021bioneaz\u0103 ca un diapazon pentru corpul energetic. Un metronom pentru bioritm. F\u0103r\u0103 a avea nevoie de o surs\u0103 de electricitate \u0219i, prin urmare, f\u0103r\u0103 a degaja electrosmog acest sistem ofer\u0103 posibilitatea de a vindeca, cur\u0103\u021ba \u0219i \u00eent\u0103ri corpul energetic. Sursa de inspira\u021bie pentru acesta a fost modelul holografic din fizica cuantic\u0103. C\u00e2mpul cuantic al sistemului Chi activeaz\u0103 chakrele \u00eempreun\u0103 cu c\u00e2mpul energetic al celulelor umane. Acesta va da tonul perfect asemenea unui diapazon. Doar 5 minute sunt deja de ajuns pentru a v\u0103 sim\u021bi revigorat \u0219i plin de energie.<\/p>\n<p>Acest sistem are utiliz\u0103ri multiple. Cei s\u0103n\u0103to\u0219i folosesc sistemul Chi ca profilaxie revigorant\u0103 pentru a preveni sindromul de burnout, depresiile, apari\u021bia bolilor fizice \u0219i psihice. Cei bolnavi se pot vindeca mai repede cu ajutorul sistemului Chi. La copii se pot echilibra dizarmoniile prezente, \u00eenainte sau dup\u0103 ce acestea au devenit fizice. P\u00e2n\u0103 \u0219i animalele de companie pot beneficia de pe urma sistemului Chi. Datorit\u0103 prelucr\u0103rii de \u00eenalt\u0103 calitate, acest sistem este perfect pentru cabinete medicale \u0219i de terapie, pentru s\u0103li de sport \u0219i fitness&#8230;<\/p>\n<p>&nbsp;<\/p>\n<h3 align=\"CENTER\">cerere<\/h3>\n<p>Experien\u021be con\u0219tiente. Sistemele Chi de dimensiuni mari trebuie folosite diminea\u021ba \u0219i\/sau seara pentru 8-12 minute. V\u0103 pute\u021bi a\u0219eza jos pe ele sau pute\u021bi sta pe ele, cum v\u0103 este mai comod. Cine \u00ee\u0219i dep\u0103rteaz\u0103 picioarele p\u00e2n\u0103 la nivelul umerilor, percepe de obicei mult mai puternic fluxul de energie. Efectele pozitive asupra corpului, spiritului \u0219i sufletului se vor sim\u021bi din ce \u00een ce mai puternic de la o zi de utilizare la alta.<\/p>\n<p>&nbsp;<\/p>\n<h3 style=\"text-align: center;\">Testa\u021bi sistemul Chi f\u0103r\u0103 obliga\u021bie<\/h3>\n<p style=\"text-align: justify;\">Pentru a sprijini r\u0103sp\u00e2ndirea sistemului nostru, v\u0103 oferim discurile de cele mai mici dimensiuni la un pre\u021b care este mai sc\u0103zut dec\u00e2t costurile de produc\u021bie. Doar pentru ca toat\u0103 lumea s\u0103 poat\u0103 utiliza acest sistem. De asemenea, ne dorim s\u0103 fi\u021bi pe deplin mul\u021bumi\u021bi cu produsul nostru. De aceea, v\u0103 oferim o perioad\u0103 cu drept de retur de 2 s\u0103pt\u0103m\u00e2ni. Pute\u021bi testa, verifica \u0219i v\u0103 pute\u021bi convinge singuri f\u0103r\u0103 nici un fel de obliga\u021bie!<\/p>\n<p>&nbsp;<\/p>\n<p style=\"text-align: justify;\"><strong>Sistem Chi auriu<\/strong><br \/>\n<strong>Diametru: 84 cm<\/strong><br \/>\n<strong>Raz\u0103 de ac\u021biune: 230 cm<\/strong><br \/>\n<strong>Pre\u021b: 2.500 \u20ac<\/strong><\/p>\n<p style=\"text-align: justify;\">Suntem cu to\u021bii \u00eenc\u00e2nta\u021bi s\u0103 vedem ce putem realiza \u0219i schimba pentru s\u0103n\u0103tatea fiec\u0103ruia, cu ajutorul noului nostru sistem, dar \u0219i pentru starea de s\u0103n\u0103tate a \u00eentregii lumi!<\/p>\n<p style=\"text-align: justify;\">Cu drag,<\/p>\n<p style=\"text-align: justify;\">Hartmut Lohmann<\/p>\n<p>&nbsp;<\/p>\n<h3 align=\"CENTER\">P\u0103rere<\/h3>\n<p><em>\u201eNu a\u0219 fi crezut c\u0103 este posibil, dar acest produs face ceea ce promite&#8230;dup\u0103 aproape 5 ani de dureri constante cu dificult\u0103\u021bi de respira\u021bie \u0219i nenum\u0103rate terapii costisitoare \u00een acela\u0219i timp, acest sistem este primul \u0219i singurul care m\u0103 ajut\u0103 pe termen lung&#8230;\u201d<\/em><br \/>\n<em>Nadine R.<\/em><\/p>\n<p><em>\u201eBun\u0103 ziua, \u00eentreaga mea familie folose\u0219te sistemul Vital pentru a r\u0103m\u00e2ne \u00een form\u0103. Dup\u0103 fiecare \u201etratament\u201d scurt ne sim\u021bim ca dup\u0103 un somn ad\u00e2nc \u0219i suntem foarte relaxa\u021bi. Este incredibil c\u00e2t de repede putem atinge starea de relaxare. Nu putem dec\u00e2t s\u0103-l recomand\u0103m \u0219i altora, este minunat!\u201d<\/em><i><br \/>\n<em>Torben und Lena B.<\/em><\/i><\/p>\n<p>&nbsp;<\/p>\n<h6 style=\"text-align: center;\">sPreciz\u0103ri legale<\/h6>\n<h6 style=\"text-align: justify;\">Aceast\u0103 tehnologie nou\u0103 nu este \u00eenc\u0103 pe deplin aprobat\u0103 de medicina alopat\u0103. De aceea suntem obliga\u021bi s\u0103 subliniem faptul c\u0103 produsele noastre nu au efecte terapeutice conform cuno\u0219tin\u021belor \u0219tiin\u021bifice actuale. Drept urmare, sistemul Chi nu este un produs de \u00eengrijire medical\u0103 alopat \u0219i nu v\u0103 putem promite vindecarea. Folosirea sistemelor Chi nu reprezint\u0103 o terapie \u00een context medical \u0219i nu \u00eenlocuie\u0219te un consult medical.<\/h6>\n<p>&nbsp;<\/p>\n","protected":false},"excerpt":{"rendered":"<p>Sistem Chi auriu Diametru: 84 cm &nbsp; Sistem Chi auriu Mintea este fericit\u0103 \u00een timpul repausului, a\u0219a cum \u0219i apa este clar\u0103 din fire. Acest lucru se petrece mul\u021bumit\u0103 energiei galbene sau aurii a abdomenului. Chakra plexului solar este punctul central al corpului energetic, deci forma holografic\u0103 a corpului material. Dac\u0103 punctul central este blocat,&hellip;<\/p>\n","protected":false},"featured_media":30405,"template":"","meta":{"_monsterinsights_skip_tracking":false,"_monsterinsights_sitenote_active":false,"_monsterinsights_sitenote_note":"","_monsterinsights_sitenote_category":0,"h5ap_radio_sources":[]},"product_brand":[],"product_cat":[252],"product_tag":[],"class_list":{"0":"post-35681","1":"product","2":"type-product","3":"status-publish","4":"has-post-thumbnail","6":"product_cat-sistemul-chi","7":"product_shipping_class-sistemul-chi","8":"entry","9":"has-media","11":"first","12":"instock","13":"taxable","14":"shipping-taxable","15":"purchasable","16":"product-type-simple"},"yoast_head":"<!-- This site is optimized with the Yoast SEO plugin v27.0 - https:\/\/yoast.com\/product\/yoast-seo-wordpress\/ -->\n<title>RO - Sistem Chi auriu (\u00d8: 84 cm) - Chi Heilung - international<\/title>\n<meta name=\"robots\" content=\"index, follow, max-snippet:-1, max-image-preview:large, max-video-preview:-1\" \/>\n<link rel=\"canonical\" href=\"https:\/\/chi-heilung.de\/ro\/produkt\/ro-sistem-chi-auriu-o-84-cm\/\" \/>\n<meta property=\"og:locale\" content=\"ro_RO\" \/>\n<meta property=\"og:type\" content=\"article\" \/>\n<meta property=\"og:title\" content=\"RO - Sistem Chi auriu (\u00d8: 84 cm) - Chi Heilung - international\" \/>\n<meta property=\"og:description\" content=\"Sistem Chi auriu Diametru: 84 cm &nbsp; Sistem Chi auriu Mintea este fericit\u0103 \u00een timpul repausului, a\u0219a cum \u0219i apa este clar\u0103 din fire. Acest lucru se petrece mul\u021bumit\u0103 energiei galbene sau aurii a abdomenului. Chakra plexului solar este punctul central al corpului energetic, deci forma holografic\u0103 a corpului material. Dac\u0103 punctul central este blocat,&hellip;\" \/>\n<meta property=\"og:url\" content=\"https:\/\/chi-heilung.de\/ro\/produkt\/ro-sistem-chi-auriu-o-84-cm\/\" \/>\n<meta property=\"og:site_name\" content=\"Chi Heilung - international\" \/>\n<meta property=\"article:modified_time\" content=\"2020-11-11T13:41:33+00:00\" \/>\n<meta property=\"og:image\" content=\"https:\/\/chi-heilung.de\/wp-content\/uploads\/2020\/07\/80cm_gelb_250.jpg\" \/>\n\t<meta property=\"og:image:width\" content=\"250\" \/>\n\t<meta property=\"og:image:height\" content=\"250\" \/>\n\t<meta property=\"og:image:type\" content=\"image\/jpeg\" \/>\n<meta name=\"twitter:card\" content=\"summary_large_image\" \/>\n<meta name=\"twitter:label1\" content=\"Timp estimat pentru citire\" \/>\n\t<meta name=\"twitter:data1\" content=\"6 minute\" \/>\n<script type=\"application\/ld+json\" class=\"yoast-schema-graph\">{\"@context\":\"https:\/\/schema.org\",\"@graph\":[{\"@type\":\"WebPage\",\"@id\":\"https:\/\/chi-heilung.de\/ro\/produkt\/ro-sistem-chi-auriu-o-84-cm\/\",\"url\":\"https:\/\/chi-heilung.de\/ro\/produkt\/ro-sistem-chi-auriu-o-84-cm\/\",\"name\":\"RO - Sistem Chi auriu (\u00d8: 84 cm) - Chi Heilung - international\",\"isPartOf\":{\"@id\":\"https:\/\/chi-heilung.de\/#website\"},\"primaryImageOfPage\":{\"@id\":\"https:\/\/chi-heilung.de\/ro\/produkt\/ro-sistem-chi-auriu-o-84-cm\/#primaryimage\"},\"image\":{\"@id\":\"https:\/\/chi-heilung.de\/ro\/produkt\/ro-sistem-chi-auriu-o-84-cm\/#primaryimage\"},\"thumbnailUrl\":\"https:\/\/chi-heilung.de\/wp-content\/uploads\/2020\/07\/80cm_gelb_250.jpg\",\"datePublished\":\"2020-11-09T07:18:27+00:00\",\"dateModified\":\"2020-11-11T13:41:33+00:00\",\"breadcrumb\":{\"@id\":\"https:\/\/chi-heilung.de\/ro\/produkt\/ro-sistem-chi-auriu-o-84-cm\/#breadcrumb\"},\"inLanguage\":\"ro-RO\",\"potentialAction\":[{\"@type\":\"ReadAction\",\"target\":[\"https:\/\/chi-heilung.de\/ro\/produkt\/ro-sistem-chi-auriu-o-84-cm\/\"]}]},{\"@type\":\"ImageObject\",\"inLanguage\":\"ro-RO\",\"@id\":\"https:\/\/chi-heilung.de\/ro\/produkt\/ro-sistem-chi-auriu-o-84-cm\/#primaryimage\",\"url\":\"https:\/\/chi-heilung.de\/wp-content\/uploads\/2020\/07\/80cm_gelb_250.jpg\",\"contentUrl\":\"https:\/\/chi-heilung.de\/wp-content\/uploads\/2020\/07\/80cm_gelb_250.jpg\",\"width\":250,\"height\":250,\"caption\":\"Goldenes Chi-System (\u00d8: 84 cm)\"},{\"@type\":\"BreadcrumbList\",\"@id\":\"https:\/\/chi-heilung.de\/ro\/produkt\/ro-sistem-chi-auriu-o-84-cm\/#breadcrumb\",\"itemListElement\":[{\"@type\":\"ListItem\",\"position\":1,\"name\":\"Startseite\",\"item\":\"https:\/\/chi-heilung.de\/ro\/\"},{\"@type\":\"ListItem\",\"position\":2,\"name\":\"Shop\",\"item\":\"https:\/\/chi-heilung.de\/shop2\/\"},{\"@type\":\"ListItem\",\"position\":3,\"name\":\"RO &#8211; Sistem Chi auriu (\u00d8: 84 cm)\"}]},{\"@type\":\"WebSite\",\"@id\":\"https:\/\/chi-heilung.de\/#website\",\"url\":\"https:\/\/chi-heilung.de\/\",\"name\":\"Chi Heilung - international\",\"description\":\"Herzlich Willkommen\",\"potentialAction\":[{\"@type\":\"SearchAction\",\"target\":{\"@type\":\"EntryPoint\",\"urlTemplate\":\"https:\/\/chi-heilung.de\/?s={search_term_string}\"},\"query-input\":{\"@type\":\"PropertyValueSpecification\",\"valueRequired\":true,\"valueName\":\"search_term_string\"}}],\"inLanguage\":\"ro-RO\"}]}<\/script>\n<!-- \/ Yoast SEO plugin. -->","yoast_head_json":{"title":"RO - Sistem Chi auriu (\u00d8: 84 cm) - Chi Heilung - international","robots":{"index":"index","follow":"follow","max-snippet":"max-snippet:-1","max-image-preview":"max-image-preview:large","max-video-preview":"max-video-preview:-1"},"canonical":"https:\/\/chi-heilung.de\/ro\/produkt\/ro-sistem-chi-auriu-o-84-cm\/","og_locale":"ro_RO","og_type":"article","og_title":"RO - Sistem Chi auriu (\u00d8: 84 cm) - Chi Heilung - international","og_description":"Sistem Chi auriu Diametru: 84 cm &nbsp; Sistem Chi auriu Mintea este fericit\u0103 \u00een timpul repausului, a\u0219a cum \u0219i apa este clar\u0103 din fire. Acest lucru se petrece mul\u021bumit\u0103 energiei galbene sau aurii a abdomenului. Chakra plexului solar este punctul central al corpului energetic, deci forma holografic\u0103 a corpului material. Dac\u0103 punctul central este blocat,&hellip;","og_url":"https:\/\/chi-heilung.de\/ro\/produkt\/ro-sistem-chi-auriu-o-84-cm\/","og_site_name":"Chi Heilung - international","article_modified_time":"2020-11-11T13:41:33+00:00","og_image":[{"width":250,"height":250,"url":"https:\/\/chi-heilung.de\/wp-content\/uploads\/2020\/07\/80cm_gelb_250.jpg","type":"image\/jpeg"}],"twitter_card":"summary_large_image","twitter_misc":{"Timp estimat pentru citire":"6 minute"},"schema":{"@context":"https:\/\/schema.org","@graph":[{"@type":"WebPage","@id":"https:\/\/chi-heilung.de\/ro\/produkt\/ro-sistem-chi-auriu-o-84-cm\/","url":"https:\/\/chi-heilung.de\/ro\/produkt\/ro-sistem-chi-auriu-o-84-cm\/","name":"RO - Sistem Chi auriu (\u00d8: 84 cm) - Chi Heilung - international","isPartOf":{"@id":"https:\/\/chi-heilung.de\/#website"},"primaryImageOfPage":{"@id":"https:\/\/chi-heilung.de\/ro\/produkt\/ro-sistem-chi-auriu-o-84-cm\/#primaryimage"},"image":{"@id":"https:\/\/chi-heilung.de\/ro\/produkt\/ro-sistem-chi-auriu-o-84-cm\/#primaryimage"},"thumbnailUrl":"https:\/\/chi-heilung.de\/wp-content\/uploads\/2020\/07\/80cm_gelb_250.jpg","datePublished":"2020-11-09T07:18:27+00:00","dateModified":"2020-11-11T13:41:33+00:00","breadcrumb":{"@id":"https:\/\/chi-heilung.de\/ro\/produkt\/ro-sistem-chi-auriu-o-84-cm\/#breadcrumb"},"inLanguage":"ro-RO","potentialAction":[{"@type":"ReadAction","target":["https:\/\/chi-heilung.de\/ro\/produkt\/ro-sistem-chi-auriu-o-84-cm\/"]}]},{"@type":"ImageObject","inLanguage":"ro-RO","@id":"https:\/\/chi-heilung.de\/ro\/produkt\/ro-sistem-chi-auriu-o-84-cm\/#primaryimage","url":"https:\/\/chi-heilung.de\/wp-content\/uploads\/2020\/07\/80cm_gelb_250.jpg","contentUrl":"https:\/\/chi-heilung.de\/wp-content\/uploads\/2020\/07\/80cm_gelb_250.jpg","width":250,"height":250,"caption":"Goldenes Chi-System (\u00d8: 84 cm)"},{"@type":"BreadcrumbList","@id":"https:\/\/chi-heilung.de\/ro\/produkt\/ro-sistem-chi-auriu-o-84-cm\/#breadcrumb","itemListElement":[{"@type":"ListItem","position":1,"name":"Startseite","item":"https:\/\/chi-heilung.de\/ro\/"},{"@type":"ListItem","position":2,"name":"Shop","item":"https:\/\/chi-heilung.de\/shop2\/"},{"@type":"ListItem","position":3,"name":"RO &#8211; Sistem Chi auriu (\u00d8: 84 cm)"}]},{"@type":"WebSite","@id":"https:\/\/chi-heilung.de\/#website","url":"https:\/\/chi-heilung.de\/","name":"Chi Heilung - international","description":"Herzlich Willkommen","potentialAction":[{"@type":"SearchAction","target":{"@type":"EntryPoint","urlTemplate":"https:\/\/chi-heilung.de\/?s={search_term_string}"},"query-input":{"@type":"PropertyValueSpecification","valueRequired":true,"valueName":"search_term_string"}}],"inLanguage":"ro-RO"}]}},"_links":{"self":[{"href":"https:\/\/chi-heilung.de\/ro\/wp-json\/wp\/v2\/product\/35681","targetHints":{"allow":["GET"]}}],"collection":[{"href":"https:\/\/chi-heilung.de\/ro\/wp-json\/wp\/v2\/product"}],"about":[{"href":"https:\/\/chi-heilung.de\/ro\/wp-json\/wp\/v2\/types\/product"}],"wp:featuredmedia":[{"embeddable":true,"href":"https:\/\/chi-heilung.de\/ro\/wp-json\/wp\/v2\/media\/30405"}],"wp:attachment":[{"href":"https:\/\/chi-heilung.de\/ro\/wp-json\/wp\/v2\/media?parent=35681"}],"wp:term":[{"taxonomy":"product_brand","embeddable":true,"href":"https:\/\/chi-heilung.de\/ro\/wp-json\/wp\/v2\/product_brand?post=35681"},{"taxonomy":"product_cat","embeddable":true,"href":"https:\/\/chi-heilung.de\/ro\/wp-json\/wp\/v2\/product_cat?post=35681"},{"taxonomy":"product_tag","embeddable":true,"href":"https:\/\/chi-heilung.de\/ro\/wp-json\/wp\/v2\/product_tag?post=35681"}],"curies":[{"name":"wp","href":"https:\/\/api.w.org\/{rel}","templated":true}]}}